{"id":11,"date":"2018-04-09T10:54:35","date_gmt":"2018-04-09T08:54:35","guid":{"rendered":"http:\/\/ecerfvelee.com\/site\/?page_id=11"},"modified":"2019-01-01T17:59:20","modified_gmt":"2019-01-01T16:59:20","slug":"life","status":"publish","type":"page","link":"https:\/\/ecerfvelee.com\/site\/life\/","title":{"rendered":"Life"},"content":{"rendered":"<p><span style=\"font-family: josefin;\">J&rsquo;aime partager mes connaissances et les transmettre avec passion.<\/span><\/p>\n<p><span style=\"font-family: josefin;\">L&rsquo;art fait partie de la vie.<\/span><\/p>\n<p><span style=\"font-family: josefin;\">L&rsquo;<\/span><span style=\"font-family: josefin;\">art permet de transcender le quotidien :<\/span><\/p>\n<p><span style=\"font-family: josefin;\">La boue, \u00e0 l&rsquo;\u00e9preuve du feu, devient une pierre pr\u00e9cieuse.<\/span><\/p>\n<p><span style=\"font-family: josefin;\">La r\u00e9alit\u00e9, une mise en sc\u00e8ne magnifi\u00e9e par la <a href=\"https:\/\/ecerfvelee.com\/site\/elements-2\/\">photographie<\/a> ou le <a href=\"https:\/\/ecerfvelee.com\/site\/des-rencontres-qui-changent-une-vie\/\">dessin.<\/a><\/span><\/p>\n<p><span style=\"font-family: josefin;\">Les tensions disparaissent dans le processus de cr\u00e9ation. <\/span><\/p>\n<p><span style=\"font-family: josefin;\">La concentration permet de trouver son \u00e9quilibre le temps d&rsquo;un instant, instant partag\u00e9 en famille, entre amis ou avec soi-m\u00eame.<\/span><\/p>\n<p><span style=\"font-family: josefin;\">Un temps hors de notre temps actuel, une bulle intemporelle, un tr\u00e9sor.<\/span><\/p>\n<p><span style=\"font-family: josefin;\">D\u00e9couvrez la magie du feu et des m\u00e9tamorphoses de l&rsquo;\u00e9mail avec les<a href=\"https:\/\/ecerfvelee.com\/site\/parentalite-et-creation-commune\/\"> cuissons raku,<\/a> <a href=\"https:\/\/ecerfvelee.com\/site\/parentalite-et-creation-commune\/\">r\u00e9alisez vos propres c\u00e9ramiques<\/a>, seul ou en famille, plongez dans l&rsquo;univers po\u00e9tique des artistes&nbsp;lors de manifestations culturelles organis\u00e9es par l&rsquo;association que je pr\u00e9side: <em><a href=\"https:\/\/ecerfvelee.com\/site\/actualites\/\">Bienvenue dans l&rsquo;Atelier<\/a><\/em><\/span><\/p>\n<p>&nbsp;<\/p>\n<figure id=\"attachment_721\" aria-describedby=\"caption-attachment-721\" style=\"width: 200px\" class=\"wp-caption alignleft\"><a href=\"http:\/\/ecerfvelee.com\/site\/parentalite-et-creation-commune\/\"><img loading=\"lazy\" decoding=\"async\" class=\"wp-image-721 size-medium\" src=\"https:\/\/ecerfvelee.com\/site\/wp-content\/uploads\/2018\/09\/parentalit\u00e9-200x300.jpg\" alt=\"\" width=\"200\" height=\"300\" srcset=\"https:\/\/ecerfvelee.com\/site\/wp-content\/uploads\/2018\/09\/parentalit\u00e9-200x300.jpg 200w, https:\/\/ecerfvelee.com\/site\/wp-content\/uploads\/2018\/09\/parentalit\u00e9-350x525.jpg 350w, https:\/\/ecerfvelee.com\/site\/wp-content\/uploads\/2018\/09\/parentalit\u00e9.jpg 567w\" sizes=\"auto, (max-width: 200px) 100vw, 200px\" \/><\/a><figcaption id=\"caption-attachment-721\" class=\"wp-caption-text\"><span style=\"font-family: josefin;\"><a href=\"http:\/\/ecerfvelee.com\/site\/parentalite-et-creation-commune\/\"><strong>Parentalit\u00e9<\/strong><\/a><\/span><\/figcaption><\/figure>\n<figure id=\"attachment_725\" aria-describedby=\"caption-attachment-725\" style=\"width: 200px\" class=\"wp-caption alignleft\"><a href=\"http:\/\/ecerfvelee.com\/site\/des-rencontres-qui-changent-une-vie\/\"><img loading=\"lazy\" decoding=\"async\" class=\"wp-image-725 size-medium\" src=\"https:\/\/ecerfvelee.com\/site\/wp-content\/uploads\/2018\/09\/photophore-200x300.jpg\" alt=\"\" width=\"200\" height=\"300\" srcset=\"https:\/\/ecerfvelee.com\/site\/wp-content\/uploads\/2018\/09\/photophore-200x300.jpg 200w, https:\/\/ecerfvelee.com\/site\/wp-content\/uploads\/2018\/09\/photophore-350x525.jpg 350w, https:\/\/ecerfvelee.com\/site\/wp-content\/uploads\/2018\/09\/photophore.jpg 567w\" sizes=\"auto, (max-width: 200px) 100vw, 200px\" \/><\/a><figcaption id=\"caption-attachment-725\" class=\"wp-caption-text\"><span style=\"font-family: josefin;\"><a href=\"http:\/\/ecerfvelee.com\/site\/des-rencontres-qui-changent-une-vie\/\"><strong>Photophore personnalis\u00e9<\/strong><\/a><\/span><\/figcaption><\/figure>\n<p>&nbsp;<\/p>\n","protected":false},"excerpt":{"rendered":"<p>J&rsquo;aime partager mes connaissances et les transmettre avec passion. L&rsquo;art fait partie de la vie. L&rsquo;art permet de transcender le quotidien : La boue, \u00e0 l&rsquo;\u00e9preuve du feu, devient une pierre pr\u00e9cieuse. La r\u00e9alit\u00e9, une mise en sc\u00e8ne magnifi\u00e9e par la photographie ou le dessin. Les tensions disparaissent dans le processus de cr\u00e9ation. La concentration &hellip; <\/p>\n<p class=\"link-more\"><a href=\"https:\/\/ecerfvelee.com\/site\/life\/\" class=\"more-link\">Continuer la lecture<span class=\"screen-reader-text\"> de &laquo;&nbsp;Life&nbsp;&raquo;<\/span><\/a><\/p>\n","protected":false},"author":1,"featured_media":0,"parent":0,"menu_order":0,"comment_status":"closed","ping_status":"closed","template":"","meta":{"footnotes":""},"class_list":["post-11","page","type-page","status-publish","hentry"],"aioseo_notices":[],"_links":{"self":[{"href":"https:\/\/ecerfvelee.com\/site\/wp-json\/wp\/v2\/pages\/11","targetHints":{"allow":["GET"]}}],"collection":[{"href":"https:\/\/ecerfvelee.com\/site\/wp-json\/wp\/v2\/pages"}],"about":[{"href":"https:\/\/ecerfvelee.com\/site\/wp-json\/wp\/v2\/types\/page"}],"author":[{"embeddable":true,"href":"https:\/\/ecerfvelee.com\/site\/wp-json\/wp\/v2\/users\/1"}],"replies":[{"embeddable":true,"href":"https:\/\/ecerfvelee.com\/site\/wp-json\/wp\/v2\/comments?post=11"}],"version-history":[{"count":26,"href":"https:\/\/ecerfvelee.com\/site\/wp-json\/wp\/v2\/pages\/11\/revisions"}],"predecessor-version":[{"id":1441,"href":"https:\/\/ecerfvelee.com\/site\/wp-json\/wp\/v2\/pages\/11\/revisions\/1441"}],"wp:attachment":[{"href":"https:\/\/ecerfvelee.com\/site\/wp-json\/wp\/v2\/media?parent=11"}],"curies":[{"name":"wp","href":"https:\/\/api.w.org\/{rel}","templated":true}]}}