{"id":3166,"date":"2022-10-07T11:23:20","date_gmt":"2022-10-07T09:23:20","guid":{"rendered":"https:\/\/ecerfvelee.com\/site\/?page_id=3166"},"modified":"2023-02-26T17:25:38","modified_gmt":"2023-02-26T16:25:38","slug":"my-lover-histoire-dune-rencontre","status":"publish","type":"page","link":"https:\/\/ecerfvelee.com\/site\/my-lover-histoire-dune-rencontre\/","title":{"rendered":"My Lover, histoire d&rsquo;une rencontre"},"content":{"rendered":"\n<p>En juin 2021,  lors de l&rsquo;exposition <em><a href=\"https:\/\/ecerfvelee.com\/site\/2021\/06\/05\/exposition-semer-les-possibles\/\">Semez les possibles<\/a><\/em>, \u00e0 l&rsquo;<a href=\"https:\/\/ecerfvelee.com\/site\/wp-admin\/admin.php?page=wc-admin\" title=\"https:\/\/ecerfvelee.com\/site\/wp-admin\/admin.php?page=wc-admin\">arthoth\u00e8que ASCAP de Montb\u00e9liard<\/a>, le tableau issu de la s\u00e9rie <em><a href=\"https:\/\/ecerfvelee.com\/site\/peintures\/\">Les mal-aim\u00e9s<\/a><\/em>, a marqu\u00e9 les esprits. <\/p>\n\n\n\n<p>Il repr\u00e9sente un crapaud de couleur rose.<\/p>\n\n\n\n<figure class=\"wp-block-image size-large\"><img loading=\"lazy\" decoding=\"async\" width=\"1024\" height=\"673\" src=\"https:\/\/ecerfvelee.com\/site\/wp-content\/uploads\/2018\/07\/crapaud-1024x673.jpg\" alt=\"\" class=\"wp-image-330\" srcset=\"https:\/\/ecerfvelee.com\/site\/wp-content\/uploads\/2018\/07\/crapaud-1024x673.jpg 1024w, https:\/\/ecerfvelee.com\/site\/wp-content\/uploads\/2018\/07\/crapaud-350x230.jpg 350w, https:\/\/ecerfvelee.com\/site\/wp-content\/uploads\/2018\/07\/crapaud-300x197.jpg 300w, https:\/\/ecerfvelee.com\/site\/wp-content\/uploads\/2018\/07\/crapaud-768x505.jpg 768w, https:\/\/ecerfvelee.com\/site\/wp-content\/uploads\/2018\/07\/crapaud.jpg 1314w\" sizes=\"auto, (max-width: 767px) 89vw, (max-width: 1000px) 54vw, (max-width: 1071px) 543px, 580px\" \/><figcaption>Sans Titre, peinture industrielle et pigments, 140 cm x 120 cm<\/figcaption><\/figure>\n\n\n\n<p>Suite \u00e0 cette exposition, l&rsquo;artoth\u00e8que a  command\u00e9 un tableau \u00e0 l&rsquo;artiste plasticienne Marina ZINDY.<\/p>\n\n\n\n<p>Ce fut pour l&rsquo;artiste, l&rsquo;occasion de se replonger dans l&rsquo;univers de cet animal pour mieux le cerner afin de le repr\u00e9senter dans son essence d&rsquo;\u00eatre vivant.<\/p>\n\n\n\n<h2 class=\"wp-block-heading\">Mission sauvetage<\/h2>\n\n\n\n<figure class=\"wp-block-image size-large\"><img loading=\"lazy\" decoding=\"async\" width=\"1024\" height=\"724\" src=\"https:\/\/ecerfvelee.com\/site\/wp-content\/uploads\/2022\/10\/crapauds-seau-1024x724.jpg\" alt=\"\" class=\"wp-image-3174\" srcset=\"https:\/\/ecerfvelee.com\/site\/wp-content\/uploads\/2022\/10\/crapauds-seau-1024x724.jpg 1024w, https:\/\/ecerfvelee.com\/site\/wp-content\/uploads\/2022\/10\/crapauds-seau-300x212.jpg 300w, https:\/\/ecerfvelee.com\/site\/wp-content\/uploads\/2022\/10\/crapauds-seau-768x543.jpg 768w, https:\/\/ecerfvelee.com\/site\/wp-content\/uploads\/2022\/10\/crapauds-seau-350x248.jpg 350w, https:\/\/ecerfvelee.com\/site\/wp-content\/uploads\/2022\/10\/crapauds-seau.jpg 1169w\" sizes=\"auto, (max-width: 767px) 89vw, (max-width: 1000px) 54vw, (max-width: 1071px) 543px, 580px\" \/><\/figure>\n\n\n\n<p>Avec les agents de la brigade verte et la Maison de la Nature du Sundgau, une initiative de protection a \u00e9t\u00e9 organis\u00e9e. <\/p>\n\n\n\n<p>L&rsquo;artiste a particip\u00e9 \u00e0 cette demi-journ\u00e9e de sensibilisation. <\/p>\n\n\n\n<p>Des seaux enterr\u00e9s sont dispos\u00e9s le long de la route. Un filet est tendu pour que les crapauds ne puissent pas traverser. Comme ces animaux sortent de la for\u00eat en mars, par dizaines voire par centaines certaines ann\u00e9e , leurs corps \u00e9cras\u00e9s peuvent provoquer des accidents. Les voitures glissent d&rsquo;autant plus que les femelles sont pleines d&rsquo;\u0153ufs.<\/p>\n\n\n\n<p>Les b\u00e9n\u00e9voles cherchent surtout \u00e0 sauver ces animaux d&rsquo;un triste sort.<\/p>\n\n\n\n<p>Les crapauds tentent de franchir le filet, ne r\u00e9ussissent pas et tombent dans un seau. Les b\u00e9n\u00e9voles les ramassent chaque matin pour les faire traverser la route en toute s\u00e9curit\u00e9 et les emmener dans la mare qui se trouve donc de l&rsquo;autre c\u00f4t\u00e9 de la voie. Puis lorsque les crapauds se seront reproduits, ils traverseront \u00e0 nouveau dans ces conditions pour retourner dans la for\u00eat sains et saufs.<\/p>\n\n\n\n<p>Les crapauds vivent peu de temps dans l&rsquo;eau : le temps des amours et lors de leur vie de t\u00eatard. Leur mode de reproduction est tr\u00e8s diff\u00e9rent des mammif\u00e8res puisqu&rsquo;il n&rsquo;y a pas de contact sexuel. La femelle pond un chapelet d&rsquo;\u0153ufs dans l&rsquo;eau. Le m\u00e2le qui la tient fermement n&rsquo;attend que ce moment pour  f\u00e9conder les \u0153uf dans l&rsquo;eau et non dans le corps de la femelle.<\/p>\n\n\n\n<figure class=\"wp-block-image size-large\"><img loading=\"lazy\" decoding=\"async\" width=\"1024\" height=\"395\" src=\"https:\/\/ecerfvelee.com\/site\/wp-content\/uploads\/2022\/10\/couple-de-crapaud-1024x395.jpg\" alt=\"\" class=\"wp-image-3178\" srcset=\"https:\/\/ecerfvelee.com\/site\/wp-content\/uploads\/2022\/10\/couple-de-crapaud-1024x395.jpg 1024w, https:\/\/ecerfvelee.com\/site\/wp-content\/uploads\/2022\/10\/couple-de-crapaud-300x116.jpg 300w, https:\/\/ecerfvelee.com\/site\/wp-content\/uploads\/2022\/10\/couple-de-crapaud-768x296.jpg 768w, https:\/\/ecerfvelee.com\/site\/wp-content\/uploads\/2022\/10\/couple-de-crapaud-350x135.jpg 350w, https:\/\/ecerfvelee.com\/site\/wp-content\/uploads\/2022\/10\/couple-de-crapaud.jpg 1169w\" sizes=\"auto, (max-width: 767px) 89vw, (max-width: 1000px) 54vw, (max-width: 1071px) 543px, 580px\" \/><\/figure>\n\n\n\n<figure class=\"wp-block-image size-large\"><img loading=\"lazy\" decoding=\"async\" width=\"1024\" height=\"395\" src=\"https:\/\/ecerfvelee.com\/site\/wp-content\/uploads\/2022\/10\/traversee-1024x395.jpg\" alt=\"\" class=\"wp-image-3179\" srcset=\"https:\/\/ecerfvelee.com\/site\/wp-content\/uploads\/2022\/10\/traversee-1024x395.jpg 1024w, https:\/\/ecerfvelee.com\/site\/wp-content\/uploads\/2022\/10\/traversee-300x116.jpg 300w, https:\/\/ecerfvelee.com\/site\/wp-content\/uploads\/2022\/10\/traversee-768x296.jpg 768w, https:\/\/ecerfvelee.com\/site\/wp-content\/uploads\/2022\/10\/traversee-350x135.jpg 350w, https:\/\/ecerfvelee.com\/site\/wp-content\/uploads\/2022\/10\/traversee.jpg 1169w\" sizes=\"auto, (max-width: 767px) 89vw, (max-width: 1000px) 54vw, (max-width: 1071px) 543px, 580px\" \/><\/figure>\n\n\n\n<p><\/p>\n\n\n\n<h2 class=\"wp-block-heading\">La rencontre<\/h2>\n\n\n\n<p>Apr\u00e8s cette premi\u00e8re rencontre, l&rsquo;artiste s&rsquo;est rendue dans un lac proche de son atelier pour y observer plus longuement la saison des amours de ces animaux mal connus et bien souvent mal-aim\u00e9s.<\/p>\n\n\n\n<p>Une immersion dans le calme, la montagne et la for\u00eat.<\/p>\n\n\n\n<p>Des croquis pr\u00e9paratoires, une observation longue et exclusive puis ce fut le moment de la rencontre.<\/p>\n\n\n\n<figure class=\"wp-block-image size-large\"><img loading=\"lazy\" decoding=\"async\" width=\"775\" height=\"1024\" src=\"https:\/\/ecerfvelee.com\/site\/wp-content\/uploads\/2022\/10\/croquis-775x1024.jpg\" alt=\"\" class=\"wp-image-3183\" srcset=\"https:\/\/ecerfvelee.com\/site\/wp-content\/uploads\/2022\/10\/croquis-775x1024.jpg 775w, https:\/\/ecerfvelee.com\/site\/wp-content\/uploads\/2022\/10\/croquis-227x300.jpg 227w, https:\/\/ecerfvelee.com\/site\/wp-content\/uploads\/2022\/10\/croquis-768x1015.jpg 768w, https:\/\/ecerfvelee.com\/site\/wp-content\/uploads\/2022\/10\/croquis-1162x1536.jpg 1162w, https:\/\/ecerfvelee.com\/site\/wp-content\/uploads\/2022\/10\/croquis-1550x2048.jpg 1550w, https:\/\/ecerfvelee.com\/site\/wp-content\/uploads\/2022\/10\/croquis-1320x1744.jpg 1320w, https:\/\/ecerfvelee.com\/site\/wp-content\/uploads\/2022\/10\/croquis-350x462.jpg 350w, https:\/\/ecerfvelee.com\/site\/wp-content\/uploads\/2022\/10\/croquis-scaled.jpg 1937w\" sizes=\"auto, (max-width: 767px) 89vw, (max-width: 1000px) 54vw, (max-width: 1071px) 543px, 580px\" \/><figcaption>Croquis pr\u00e9paratoires.<\/figcaption><\/figure>\n\n\n\n<p><\/p>\n\n\n\n<p>Un mal esseul\u00e9, d\u00e9termin\u00e9 \u00e0 ne pas rester c\u00e9libataire, aveugl\u00e9 par l&rsquo;amour, est attir\u00e9 par la chaleur d&rsquo;un \u00eatre humain. Une main plong\u00e9e dans le lac, immobile, attend de leurrer cet amoureux transi.<\/p>\n\n\n\n<div class=\"wp-block-image\"><figure class=\"aligncenter size-full\"><img loading=\"lazy\" decoding=\"async\" width=\"461\" height=\"556\" src=\"https:\/\/ecerfvelee.com\/site\/wp-content\/uploads\/2022\/10\/Sans-titre-2.jpg\" alt=\"\" class=\"wp-image-3184\" srcset=\"https:\/\/ecerfvelee.com\/site\/wp-content\/uploads\/2022\/10\/Sans-titre-2.jpg 461w, https:\/\/ecerfvelee.com\/site\/wp-content\/uploads\/2022\/10\/Sans-titre-2-249x300.jpg 249w, https:\/\/ecerfvelee.com\/site\/wp-content\/uploads\/2022\/10\/Sans-titre-2-350x422.jpg 350w\" sizes=\"auto, (max-width: 461px) 100vw, 461px\" \/><\/figure><\/div>\n\n\n\n<p>Un amant aux yeux d&rsquo;or et \u00e0 la peau gel\u00e9e, enla\u00e7ant de toutes ses forces sa bien-aim\u00e9e. <\/p>\n\n\n\n<p>Il lui fallut plusieurs longues minutes pour s&rsquo;apercevoir qu&rsquo;il avait \u00e9t\u00e9 dup\u00e9. Ulc\u00e9r\u00e9 par cette imposture, gonfl\u00e9 de ranc\u0153ur, il sauta dans les profondeur du lac pour oublier cet intrus. <\/p>\n\n\n\n<figure class=\"wp-block-image size-large\"><img loading=\"lazy\" decoding=\"async\" width=\"1024\" height=\"617\" src=\"https:\/\/ecerfvelee.com\/site\/wp-content\/uploads\/2022\/10\/crapaud-gonfle-1024x617.jpg\" alt=\"\" class=\"wp-image-3186\" srcset=\"https:\/\/ecerfvelee.com\/site\/wp-content\/uploads\/2022\/10\/crapaud-gonfle-1024x617.jpg 1024w, https:\/\/ecerfvelee.com\/site\/wp-content\/uploads\/2022\/10\/crapaud-gonfle-300x181.jpg 300w, https:\/\/ecerfvelee.com\/site\/wp-content\/uploads\/2022\/10\/crapaud-gonfle-768x463.jpg 768w, https:\/\/ecerfvelee.com\/site\/wp-content\/uploads\/2022\/10\/crapaud-gonfle-1320x795.jpg 1320w, https:\/\/ecerfvelee.com\/site\/wp-content\/uploads\/2022\/10\/crapaud-gonfle-350x211.jpg 350w, https:\/\/ecerfvelee.com\/site\/wp-content\/uploads\/2022\/10\/crapaud-gonfle.jpg 1384w\" sizes=\"auto, (max-width: 767px) 89vw, (max-width: 1000px) 54vw, (max-width: 1071px) 543px, 580px\" \/><\/figure>\n\n\n\n<p><\/p>\n\n\n\n<h2 class=\"wp-block-heading\">L&rsquo;oeuvre<\/h2>\n\n\n\n<p>Cette rencontre a permis \u00e0 l&rsquo;artiste d&rsquo;observer l&rsquo;animal sous toutes ses coutures, de comprendre sa forme, sa texture, ses mouvements. Une \u00e9tape importante pour rendre compte de sa pr\u00e9sence en peinture.<\/p>\n\n\n\n<p>L&rsquo;\u0153uvre intitul\u00e9e<em> My Lover<\/em>, sera expos\u00e9e avec les nouvelles acquisitions, \u00e0 l&rsquo;artoth\u00e8que ASCAP de Montb\u00e9liard en novembre 2022, dans le cadre des <a href=\"https:\/\/www.estrepublicain.fr\/culture-loisirs\/2022\/09\/17\/l-artotheque-a-trente-ans-on-se-fait-une-toile\">30 ans de l&rsquo;artoth\u00e8que<\/a>.<\/p>\n\n\n\n<figure class=\"wp-block-image size-large\"><img loading=\"lazy\" decoding=\"async\" width=\"1024\" height=\"670\" src=\"https:\/\/ecerfvelee.com\/site\/wp-content\/uploads\/2022\/10\/crapaud-blanc-1024x670.jpg\" alt=\"\" class=\"wp-image-3187\" srcset=\"https:\/\/ecerfvelee.com\/site\/wp-content\/uploads\/2022\/10\/crapaud-blanc-1024x670.jpg 1024w, https:\/\/ecerfvelee.com\/site\/wp-content\/uploads\/2022\/10\/crapaud-blanc-300x196.jpg 300w, https:\/\/ecerfvelee.com\/site\/wp-content\/uploads\/2022\/10\/crapaud-blanc-768x502.jpg 768w, https:\/\/ecerfvelee.com\/site\/wp-content\/uploads\/2022\/10\/crapaud-blanc-1536x1005.jpg 1536w, https:\/\/ecerfvelee.com\/site\/wp-content\/uploads\/2022\/10\/crapaud-blanc-1320x863.jpg 1320w, https:\/\/ecerfvelee.com\/site\/wp-content\/uploads\/2022\/10\/crapaud-blanc-350x229.jpg 350w, https:\/\/ecerfvelee.com\/site\/wp-content\/uploads\/2022\/10\/crapaud-blanc.jpg 1633w\" sizes=\"auto, (max-width: 767px) 89vw, (max-width: 1000px) 54vw, (max-width: 1071px) 543px, 580px\" \/><\/figure>\n\n\n\n<figure class=\"wp-block-image size-large\"><img loading=\"lazy\" decoding=\"async\" width=\"1024\" height=\"669\" src=\"https:\/\/ecerfvelee.com\/site\/wp-content\/uploads\/2022\/10\/marina-et-le-crapaud-1-1024x669.jpg\" alt=\"\" class=\"wp-image-3189\" srcset=\"https:\/\/ecerfvelee.com\/site\/wp-content\/uploads\/2022\/10\/marina-et-le-crapaud-1-1024x669.jpg 1024w, https:\/\/ecerfvelee.com\/site\/wp-content\/uploads\/2022\/10\/marina-et-le-crapaud-1-300x196.jpg 300w, https:\/\/ecerfvelee.com\/site\/wp-content\/uploads\/2022\/10\/marina-et-le-crapaud-1-768x501.jpg 768w, https:\/\/ecerfvelee.com\/site\/wp-content\/uploads\/2022\/10\/marina-et-le-crapaud-1-1536x1003.jpg 1536w, https:\/\/ecerfvelee.com\/site\/wp-content\/uploads\/2022\/10\/marina-et-le-crapaud-1-1320x862.jpg 1320w, https:\/\/ecerfvelee.com\/site\/wp-content\/uploads\/2022\/10\/marina-et-le-crapaud-1-350x228.jpg 350w, https:\/\/ecerfvelee.com\/site\/wp-content\/uploads\/2022\/10\/marina-et-le-crapaud-1.jpg 2048w\" sizes=\"auto, (max-width: 767px) 89vw, (max-width: 1000px) 54vw, (max-width: 1071px) 543px, 580px\" \/><figcaption>Marina Zindy, <em>My Lover<\/em>, 2022<\/figcaption><\/figure>\n","protected":false},"excerpt":{"rendered":"<p>En juin 2021, lors de l&rsquo;exposition Semez les possibles, \u00e0 l&rsquo;arthoth\u00e8que ASCAP de Montb\u00e9liard, le tableau issu de la s\u00e9rie Les mal-aim\u00e9s, a marqu\u00e9 les esprits. Il repr\u00e9sente un crapaud de couleur rose. Suite \u00e0 cette exposition, l&rsquo;artoth\u00e8que a command\u00e9 un tableau \u00e0 l&rsquo;artiste plasticienne Marina ZINDY. Ce fut pour l&rsquo;artiste, l&rsquo;occasion de se replonger &hellip; <\/p>\n<p class=\"link-more\"><a href=\"https:\/\/ecerfvelee.com\/site\/my-lover-histoire-dune-rencontre\/\" class=\"more-link\">Continuer la lecture<span class=\"screen-reader-text\"> de &laquo;&nbsp;My Lover, histoire d&rsquo;une rencontre&nbsp;&raquo;<\/span><\/a><\/p>\n","protected":false},"author":1,"featured_media":3172,"parent":0,"menu_order":0,"comment_status":"closed","ping_status":"closed","template":"","meta":{"footnotes":""},"class_list":["post-3166","page","type-page","status-publish","has-post-thumbnail","hentry"],"aioseo_notices":[],"_links":{"self":[{"href":"https:\/\/ecerfvelee.com\/site\/wp-json\/wp\/v2\/pages\/3166","targetHints":{"allow":["GET"]}}],"collection":[{"href":"https:\/\/ecerfvelee.com\/site\/wp-json\/wp\/v2\/pages"}],"about":[{"href":"https:\/\/ecerfvelee.com\/site\/wp-json\/wp\/v2\/types\/page"}],"author":[{"embeddable":true,"href":"https:\/\/ecerfvelee.com\/site\/wp-json\/wp\/v2\/users\/1"}],"replies":[{"embeddable":true,"href":"https:\/\/ecerfvelee.com\/site\/wp-json\/wp\/v2\/comments?post=3166"}],"version-history":[{"count":20,"href":"https:\/\/ecerfvelee.com\/site\/wp-json\/wp\/v2\/pages\/3166\/revisions"}],"predecessor-version":[{"id":3212,"href":"https:\/\/ecerfvelee.com\/site\/wp-json\/wp\/v2\/pages\/3166\/revisions\/3212"}],"wp:featuredmedia":[{"embeddable":true,"href":"https:\/\/ecerfvelee.com\/site\/wp-json\/wp\/v2\/media\/3172"}],"wp:attachment":[{"href":"https:\/\/ecerfvelee.com\/site\/wp-json\/wp\/v2\/media?parent=3166"}],"curies":[{"name":"wp","href":"https:\/\/api.w.org\/{rel}","templated":true}]}}