{"id":3228,"date":"2023-06-02T10:14:15","date_gmt":"2023-06-02T08:14:15","guid":{"rendered":"https:\/\/ecerfvelee.com\/site\/?page_id=3228"},"modified":"2023-11-14T22:23:07","modified_gmt":"2023-11-14T21:23:07","slug":"poule-mouillee","status":"publish","type":"page","link":"https:\/\/ecerfvelee.com\/site\/poule-mouillee\/","title":{"rendered":"Poule Mouill\u00e9e"},"content":{"rendered":"\n<figure class=\"wp-block-image size-large\"><img loading=\"lazy\" decoding=\"async\" width=\"682\" height=\"1024\" src=\"https:\/\/ecerfvelee.com\/site\/wp-content\/uploads\/2023\/09\/Poule-mouillee-MZ-image-682x1024.jpg\" alt=\"\" class=\"wp-image-3265\" srcset=\"https:\/\/ecerfvelee.com\/site\/wp-content\/uploads\/2023\/09\/Poule-mouillee-MZ-image-682x1024.jpg 682w, https:\/\/ecerfvelee.com\/site\/wp-content\/uploads\/2023\/09\/Poule-mouillee-MZ-image-200x300.jpg 200w, https:\/\/ecerfvelee.com\/site\/wp-content\/uploads\/2023\/09\/Poule-mouillee-MZ-image-768x1152.jpg 768w, https:\/\/ecerfvelee.com\/site\/wp-content\/uploads\/2023\/09\/Poule-mouillee-MZ-image-350x525.jpg 350w, https:\/\/ecerfvelee.com\/site\/wp-content\/uploads\/2023\/09\/Poule-mouillee-MZ-image.jpg 787w\" sizes=\"auto, (max-width: 682px) 100vw, 682px\" \/><\/figure>\n\n\n\n<figure class=\"wp-block-image size-large\"><img loading=\"lazy\" decoding=\"async\" width=\"683\" height=\"1024\" src=\"https:\/\/ecerfvelee.com\/site\/wp-content\/uploads\/2023\/09\/coq-Marina-ZINDY-net-683x1024.jpg\" alt=\"\" class=\"wp-image-3267\" srcset=\"https:\/\/ecerfvelee.com\/site\/wp-content\/uploads\/2023\/09\/coq-Marina-ZINDY-net-683x1024.jpg 683w, https:\/\/ecerfvelee.com\/site\/wp-content\/uploads\/2023\/09\/coq-Marina-ZINDY-net-200x300.jpg 200w, https:\/\/ecerfvelee.com\/site\/wp-content\/uploads\/2023\/09\/coq-Marina-ZINDY-net-768x1152.jpg 768w, https:\/\/ecerfvelee.com\/site\/wp-content\/uploads\/2023\/09\/coq-Marina-ZINDY-net-1024x1536.jpg 1024w, https:\/\/ecerfvelee.com\/site\/wp-content\/uploads\/2023\/09\/coq-Marina-ZINDY-net-350x525.jpg 350w, https:\/\/ecerfvelee.com\/site\/wp-content\/uploads\/2023\/09\/coq-Marina-ZINDY-net.jpg 1050w\" sizes=\"auto, (max-width: 683px) 100vw, 683px\" \/><\/figure>\n\n\n\n<figure class=\"wp-block-image size-large\"><img loading=\"lazy\" decoding=\"async\" width=\"652\" height=\"1024\" src=\"https:\/\/ecerfvelee.com\/site\/wp-content\/uploads\/2023\/11\/tetras-droit-net-652x1024.jpg\" alt=\"\" class=\"wp-image-3276\" srcset=\"https:\/\/ecerfvelee.com\/site\/wp-content\/uploads\/2023\/11\/tetras-droit-net-652x1024.jpg 652w, https:\/\/ecerfvelee.com\/site\/wp-content\/uploads\/2023\/11\/tetras-droit-net-191x300.jpg 191w, https:\/\/ecerfvelee.com\/site\/wp-content\/uploads\/2023\/11\/tetras-droit-net-768x1206.jpg 768w, https:\/\/ecerfvelee.com\/site\/wp-content\/uploads\/2023\/11\/tetras-droit-net-978x1536.jpg 978w, https:\/\/ecerfvelee.com\/site\/wp-content\/uploads\/2023\/11\/tetras-droit-net-350x550.jpg 350w, https:\/\/ecerfvelee.com\/site\/wp-content\/uploads\/2023\/11\/tetras-droit-net.jpg 1003w\" sizes=\"auto, (max-width: 652px) 100vw, 652px\" \/><\/figure>\n\n\n\n<p><\/p>\n\n\n\n<h2 class=\"wp-block-heading\"><em>Libert\u00e9 et Gallinac\u00e9s&nbsp;<\/em><\/h2>\n\n\n\n<p>Cr\u00e9ation d\u2019une fable contemporaine.<\/p>\n\n\n\n<p>L\u2019artiste interroge notre rapport \u00e0 la nature et \u00e0 la libert\u00e9 dans notre soci\u00e9t\u00e9 actuelle.<\/p>\n\n\n\n<p>Une poule, un coq, un dindon se font tirer le portrait. Ils portent les stigmates de la technologie num\u00e9rique&nbsp;: les cr\u00eates sont tatou\u00e9es de QRCode. Le coq a l\u2019\u0153il bleu, aveugl\u00e9 par les \u00e9crans de contr\u00f4le. Le dindon est le grand commandeur. La poule garde espoir et se rem\u00e9more les l\u00e9gendes d&rsquo;un coq libre.<\/p>\n\n\n\n<p>La poule \u00e9pris de libert\u00e9 rencontrera-t-elle le Grand T\u00e9tras&nbsp;? Aura-t-elle le courage de quitter la basse-cour&nbsp;? La libert\u00e9 peut faire peur. Et surtout, le Grand t\u00e9tras, existe-t-il encore&nbsp;? Et la libert\u00e9&nbsp;?<\/p>\n\n\n\n<p>S\u00e9rie de peintures grand format&nbsp;: 150cmx240cm<\/p>\n\n\n\n<figure class=\"wp-block-image size-large\"><img loading=\"lazy\" decoding=\"async\" width=\"1024\" height=\"518\" src=\"https:\/\/ecerfvelee.com\/site\/wp-content\/uploads\/2023\/09\/MZ-EXPO-1024x518.jpg\" alt=\"\" class=\"wp-image-3268\" srcset=\"https:\/\/ecerfvelee.com\/site\/wp-content\/uploads\/2023\/09\/MZ-EXPO-1024x518.jpg 1024w, https:\/\/ecerfvelee.com\/site\/wp-content\/uploads\/2023\/09\/MZ-EXPO-300x152.jpg 300w, https:\/\/ecerfvelee.com\/site\/wp-content\/uploads\/2023\/09\/MZ-EXPO-768x389.jpg 768w, https:\/\/ecerfvelee.com\/site\/wp-content\/uploads\/2023\/09\/MZ-EXPO-1536x777.jpg 1536w, https:\/\/ecerfvelee.com\/site\/wp-content\/uploads\/2023\/09\/MZ-EXPO-1320x668.jpg 1320w, https:\/\/ecerfvelee.com\/site\/wp-content\/uploads\/2023\/09\/MZ-EXPO-350x177.jpg 350w, https:\/\/ecerfvelee.com\/site\/wp-content\/uploads\/2023\/09\/MZ-EXPO.jpg 1575w\" sizes=\"auto, (max-width: 767px) 89vw, (max-width: 1000px) 54vw, (max-width: 1071px) 543px, 580px\" \/><\/figure>\n\n\n\n<figure class=\"wp-block-image size-large\"><img loading=\"lazy\" decoding=\"async\" width=\"652\" height=\"1024\" src=\"https:\/\/ecerfvelee.com\/site\/wp-content\/uploads\/2023\/11\/dindon-net-652x1024.jpg\" alt=\"\" class=\"wp-image-3277\" srcset=\"https:\/\/ecerfvelee.com\/site\/wp-content\/uploads\/2023\/11\/dindon-net-652x1024.jpg 652w, https:\/\/ecerfvelee.com\/site\/wp-content\/uploads\/2023\/11\/dindon-net-191x300.jpg 191w, https:\/\/ecerfvelee.com\/site\/wp-content\/uploads\/2023\/11\/dindon-net-768x1206.jpg 768w, https:\/\/ecerfvelee.com\/site\/wp-content\/uploads\/2023\/11\/dindon-net-978x1536.jpg 978w, https:\/\/ecerfvelee.com\/site\/wp-content\/uploads\/2023\/11\/dindon-net-350x550.jpg 350w, https:\/\/ecerfvelee.com\/site\/wp-content\/uploads\/2023\/11\/dindon-net.jpg 1003w\" sizes=\"auto, (max-width: 652px) 100vw, 652px\" \/><\/figure>\n\n\n\n<figure class=\"wp-block-image size-large\"><img loading=\"lazy\" decoding=\"async\" width=\"1024\" height=\"461\" src=\"https:\/\/ecerfvelee.com\/site\/wp-content\/uploads\/2023\/09\/20230624_112641-1024x461.jpg\" alt=\"\" class=\"wp-image-3269\" srcset=\"https:\/\/ecerfvelee.com\/site\/wp-content\/uploads\/2023\/09\/20230624_112641-1024x461.jpg 1024w, https:\/\/ecerfvelee.com\/site\/wp-content\/uploads\/2023\/09\/20230624_112641-300x135.jpg 300w, https:\/\/ecerfvelee.com\/site\/wp-content\/uploads\/2023\/09\/20230624_112641-768x346.jpg 768w, https:\/\/ecerfvelee.com\/site\/wp-content\/uploads\/2023\/09\/20230624_112641-1536x692.jpg 1536w, https:\/\/ecerfvelee.com\/site\/wp-content\/uploads\/2023\/09\/20230624_112641-2048x922.jpg 2048w, https:\/\/ecerfvelee.com\/site\/wp-content\/uploads\/2023\/09\/20230624_112641-1320x595.jpg 1320w, https:\/\/ecerfvelee.com\/site\/wp-content\/uploads\/2023\/09\/20230624_112641-350x158.jpg 350w\" sizes=\"auto, (max-width: 767px) 89vw, (max-width: 1000px) 54vw, (max-width: 1071px) 543px, 580px\" \/><figcaption class=\"wp-element-caption\">Vernissage, exposition Oberbruck, juin 2023<\/figcaption><\/figure>\n\n\n\n<figure class=\"wp-block-image size-large\"><img loading=\"lazy\" decoding=\"async\" width=\"1024\" height=\"461\" src=\"https:\/\/ecerfvelee.com\/site\/wp-content\/uploads\/2023\/09\/20230624_112646-1024x461.jpg\" alt=\"\" class=\"wp-image-3270\" srcset=\"https:\/\/ecerfvelee.com\/site\/wp-content\/uploads\/2023\/09\/20230624_112646-1024x461.jpg 1024w, https:\/\/ecerfvelee.com\/site\/wp-content\/uploads\/2023\/09\/20230624_112646-300x135.jpg 300w, https:\/\/ecerfvelee.com\/site\/wp-content\/uploads\/2023\/09\/20230624_112646-768x346.jpg 768w, https:\/\/ecerfvelee.com\/site\/wp-content\/uploads\/2023\/09\/20230624_112646-1536x692.jpg 1536w, https:\/\/ecerfvelee.com\/site\/wp-content\/uploads\/2023\/09\/20230624_112646-2048x922.jpg 2048w, https:\/\/ecerfvelee.com\/site\/wp-content\/uploads\/2023\/09\/20230624_112646-1320x595.jpg 1320w, https:\/\/ecerfvelee.com\/site\/wp-content\/uploads\/2023\/09\/20230624_112646-350x158.jpg 350w\" sizes=\"auto, (max-width: 767px) 89vw, (max-width: 1000px) 54vw, (max-width: 1071px) 543px, 580px\" \/><figcaption class=\"wp-element-caption\">Vernissage, exposition Oberbruck, juin 2023<\/figcaption><\/figure>\n\n\n\n<figure class=\"wp-block-image size-full\"><img loading=\"lazy\" decoding=\"async\" width=\"606\" height=\"838\" src=\"https:\/\/ecerfvelee.com\/site\/wp-content\/uploads\/2023\/09\/marina-zindy-exposition-Poule-mouillee.jpg\" alt=\"\" class=\"wp-image-3264\" srcset=\"https:\/\/ecerfvelee.com\/site\/wp-content\/uploads\/2023\/09\/marina-zindy-exposition-Poule-mouillee.jpg 606w, https:\/\/ecerfvelee.com\/site\/wp-content\/uploads\/2023\/09\/marina-zindy-exposition-Poule-mouillee-217x300.jpg 217w, https:\/\/ecerfvelee.com\/site\/wp-content\/uploads\/2023\/09\/marina-zindy-exposition-Poule-mouillee-350x484.jpg 350w\" sizes=\"auto, (max-width: 606px) 100vw, 606px\" \/><figcaption class=\"wp-element-caption\">Marina ZINDY, exposition Oberbruck, juin 2023<\/figcaption><\/figure>\n\n\n\n<figure class=\"wp-block-image size-large\"><img loading=\"lazy\" decoding=\"async\" width=\"1024\" height=\"570\" src=\"https:\/\/ecerfvelee.com\/site\/wp-content\/uploads\/2023\/09\/article-journal-05-avril-2023-grand-tetras2-1024x570.jpg\" alt=\"\" class=\"wp-image-3271\" srcset=\"https:\/\/ecerfvelee.com\/site\/wp-content\/uploads\/2023\/09\/article-journal-05-avril-2023-grand-tetras2-1024x570.jpg 1024w, https:\/\/ecerfvelee.com\/site\/wp-content\/uploads\/2023\/09\/article-journal-05-avril-2023-grand-tetras2-300x167.jpg 300w, https:\/\/ecerfvelee.com\/site\/wp-content\/uploads\/2023\/09\/article-journal-05-avril-2023-grand-tetras2-768x427.jpg 768w, https:\/\/ecerfvelee.com\/site\/wp-content\/uploads\/2023\/09\/article-journal-05-avril-2023-grand-tetras2-1536x855.jpg 1536w, https:\/\/ecerfvelee.com\/site\/wp-content\/uploads\/2023\/09\/article-journal-05-avril-2023-grand-tetras2-2048x1140.jpg 2048w, https:\/\/ecerfvelee.com\/site\/wp-content\/uploads\/2023\/09\/article-journal-05-avril-2023-grand-tetras2-1320x735.jpg 1320w, https:\/\/ecerfvelee.com\/site\/wp-content\/uploads\/2023\/09\/article-journal-05-avril-2023-grand-tetras2-350x195.jpg 350w\" sizes=\"auto, (max-width: 767px) 89vw, (max-width: 1000px) 54vw, (max-width: 1071px) 543px, 580px\" \/><\/figure>\n\n\n\n<p><br><\/p>\n\n\n\n<p>En r\u00e9sidence artistique au <a href=\"https:\/\/collectifdespossibles.fr\/\">collectif des Possibles<\/a>, l&rsquo;artiste a travaill\u00e9 sur de grands formats. Le Grand T\u00e9tras a \u00e9t\u00e9 r\u00e9alis\u00e9 avec la technique du cyanotype, technique r\u00e9serv\u00e9e habituellement \u00e0 de plus petits formats. <br>C&rsquo;est toujours un \u00e9merveillement de voir les couleurs pass\u00e9es d&rsquo;un ton \u00e0 l&rsquo;autre.<br>Le produit photosensible jaune devient vert lorsqu&rsquo;il est expos\u00e9 au soleil puis bleu quand il est r\u00e9v\u00e9l\u00e9.<\/p>\n\n\n\n<p><\/p>\n\n\n\n<figure class=\"wp-block-image size-large is-resized\"><img loading=\"lazy\" decoding=\"async\" width=\"461\" height=\"1024\" src=\"https:\/\/ecerfvelee.com\/site\/wp-content\/uploads\/2023\/11\/cyanotype-1-461x1024.jpg\" alt=\"\" class=\"wp-image-3278\" style=\"width:461px;height:1024px\" srcset=\"https:\/\/ecerfvelee.com\/site\/wp-content\/uploads\/2023\/11\/cyanotype-1-461x1024.jpg 461w, https:\/\/ecerfvelee.com\/site\/wp-content\/uploads\/2023\/11\/cyanotype-1-135x300.jpg 135w, https:\/\/ecerfvelee.com\/site\/wp-content\/uploads\/2023\/11\/cyanotype-1-768x1705.jpg 768w, https:\/\/ecerfvelee.com\/site\/wp-content\/uploads\/2023\/11\/cyanotype-1-692x1536.jpg 692w, https:\/\/ecerfvelee.com\/site\/wp-content\/uploads\/2023\/11\/cyanotype-1-923x2048.jpg 923w, https:\/\/ecerfvelee.com\/site\/wp-content\/uploads\/2023\/11\/cyanotype-1-350x777.jpg 350w, https:\/\/ecerfvelee.com\/site\/wp-content\/uploads\/2023\/11\/cyanotype-1-scaled.jpg 1153w\" sizes=\"auto, (max-width: 461px) 100vw, 461px\" \/><figcaption class=\"wp-element-caption\">Gand T\u00e9tras d\u00e9tails, peinture au cyanotype encore non r\u00e9v\u00e9l\u00e9e. <\/figcaption><\/figure>\n\n\n\n<figure class=\"wp-block-image size-large\"><img loading=\"lazy\" decoding=\"async\" width=\"461\" height=\"1024\" src=\"https:\/\/ecerfvelee.com\/site\/wp-content\/uploads\/2023\/11\/cyanotype-2-461x1024.jpg\" alt=\"\" class=\"wp-image-3279\" srcset=\"https:\/\/ecerfvelee.com\/site\/wp-content\/uploads\/2023\/11\/cyanotype-2-461x1024.jpg 461w, https:\/\/ecerfvelee.com\/site\/wp-content\/uploads\/2023\/11\/cyanotype-2-135x300.jpg 135w, https:\/\/ecerfvelee.com\/site\/wp-content\/uploads\/2023\/11\/cyanotype-2-768x1705.jpg 768w, https:\/\/ecerfvelee.com\/site\/wp-content\/uploads\/2023\/11\/cyanotype-2-692x1536.jpg 692w, https:\/\/ecerfvelee.com\/site\/wp-content\/uploads\/2023\/11\/cyanotype-2-923x2048.jpg 923w, https:\/\/ecerfvelee.com\/site\/wp-content\/uploads\/2023\/11\/cyanotype-2-350x777.jpg 350w, https:\/\/ecerfvelee.com\/site\/wp-content\/uploads\/2023\/11\/cyanotype-2-scaled.jpg 1153w\" sizes=\"auto, (max-width: 461px) 100vw, 461px\" \/><figcaption class=\"wp-element-caption\">Gand T\u00e9tras, peinture au cyanotype expos\u00e9e au soleil.<\/figcaption><\/figure>\n\n\n\n<figure class=\"wp-block-image size-large\"><img loading=\"lazy\" decoding=\"async\" width=\"655\" height=\"1024\" src=\"https:\/\/ecerfvelee.com\/site\/wp-content\/uploads\/2023\/11\/grand-tetras-marina-zindy-net-655x1024.jpg\" alt=\"\" class=\"wp-image-3281\" srcset=\"https:\/\/ecerfvelee.com\/site\/wp-content\/uploads\/2023\/11\/grand-tetras-marina-zindy-net-655x1024.jpg 655w, https:\/\/ecerfvelee.com\/site\/wp-content\/uploads\/2023\/11\/grand-tetras-marina-zindy-net-192x300.jpg 192w, https:\/\/ecerfvelee.com\/site\/wp-content\/uploads\/2023\/11\/grand-tetras-marina-zindy-net-768x1201.jpg 768w, https:\/\/ecerfvelee.com\/site\/wp-content\/uploads\/2023\/11\/grand-tetras-marina-zindy-net-982x1536.jpg 982w, https:\/\/ecerfvelee.com\/site\/wp-content\/uploads\/2023\/11\/grand-tetras-marina-zindy-net-350x547.jpg 350w, https:\/\/ecerfvelee.com\/site\/wp-content\/uploads\/2023\/11\/grand-tetras-marina-zindy-net.jpg 1007w\" sizes=\"auto, (max-width: 655px) 100vw, 655px\" \/><figcaption class=\"wp-element-caption\">Gand T\u00e9tras, peinture au cyanotype expos\u00e9e et r\u00e9v\u00e9l\u00e9e. Le jaune est devenu bleu.<\/figcaption><\/figure>\n\n\n\n<p><\/p>\n\n\n\n<p>Le Grand T\u00e9tras, animal embl\u00e9matique de la faune sauvage et des vieilles for\u00eats. <\/p>\n\n\n\n<p>Sa pr\u00e9sence ou plut\u00f4t son absence et sa disparition dans les Vosges pose question.<\/p>\n\n\n\n<p><\/p>\n\n\n\n<figure class=\"wp-block-image size-large\"><img loading=\"lazy\" decoding=\"async\" width=\"554\" height=\"1024\" src=\"https:\/\/ecerfvelee.com\/site\/wp-content\/uploads\/2023\/11\/grand-tetras-marina-zindy2-net-554x1024.jpg\" alt=\"\" class=\"wp-image-3286\" srcset=\"https:\/\/ecerfvelee.com\/site\/wp-content\/uploads\/2023\/11\/grand-tetras-marina-zindy2-net-554x1024.jpg 554w, https:\/\/ecerfvelee.com\/site\/wp-content\/uploads\/2023\/11\/grand-tetras-marina-zindy2-net-162x300.jpg 162w, https:\/\/ecerfvelee.com\/site\/wp-content\/uploads\/2023\/11\/grand-tetras-marina-zindy2-net-768x1419.jpg 768w, https:\/\/ecerfvelee.com\/site\/wp-content\/uploads\/2023\/11\/grand-tetras-marina-zindy2-net-350x647.jpg 350w, https:\/\/ecerfvelee.com\/site\/wp-content\/uploads\/2023\/11\/grand-tetras-marina-zindy2-net.jpg 807w\" sizes=\"auto, (max-width: 554px) 100vw, 554px\" \/><figcaption class=\"wp-element-caption\">Marina ZINDY, Gand T\u00e9tras, peinture au cyanotype r\u00e9alis\u00e9e au Collectif des Possibles \u00e0 Wesserling.<\/figcaption><\/figure>\n\n\n\n<p>Retour en images de la r\u00e9sidence \u00e0 Wesserling et du processus de cr\u00e9ation.<\/p>\n\n\n\n<figure class=\"wp-block-image size-large\"><img loading=\"lazy\" decoding=\"async\" width=\"621\" height=\"1024\" src=\"https:\/\/ecerfvelee.com\/site\/wp-content\/uploads\/2023\/11\/marina-zindy-poule-QRCode-621x1024.jpg\" alt=\"\" class=\"wp-image-3292\" srcset=\"https:\/\/ecerfvelee.com\/site\/wp-content\/uploads\/2023\/11\/marina-zindy-poule-QRCode-621x1024.jpg 621w, https:\/\/ecerfvelee.com\/site\/wp-content\/uploads\/2023\/11\/marina-zindy-poule-QRCode-182x300.jpg 182w, https:\/\/ecerfvelee.com\/site\/wp-content\/uploads\/2023\/11\/marina-zindy-poule-QRCode-768x1267.jpg 768w, https:\/\/ecerfvelee.com\/site\/wp-content\/uploads\/2023\/11\/marina-zindy-poule-QRCode-931x1536.jpg 931w, https:\/\/ecerfvelee.com\/site\/wp-content\/uploads\/2023\/11\/marina-zindy-poule-QRCode-1241x2048.jpg 1241w, https:\/\/ecerfvelee.com\/site\/wp-content\/uploads\/2023\/11\/marina-zindy-poule-QRCode-1320x2178.jpg 1320w, https:\/\/ecerfvelee.com\/site\/wp-content\/uploads\/2023\/11\/marina-zindy-poule-QRCode-350x578.jpg 350w, https:\/\/ecerfvelee.com\/site\/wp-content\/uploads\/2023\/11\/marina-zindy-poule-QRCode.jpg 1335w\" sizes=\"auto, (max-width: 621px) 100vw, 621px\" \/><\/figure>\n\n\n\n<figure class=\"wp-block-image size-full\"><img loading=\"lazy\" decoding=\"async\" width=\"1007\" height=\"455\" src=\"https:\/\/ecerfvelee.com\/site\/wp-content\/uploads\/2023\/11\/residence.jpg\" alt=\"\" class=\"wp-image-3287\" srcset=\"https:\/\/ecerfvelee.com\/site\/wp-content\/uploads\/2023\/11\/residence.jpg 1007w, https:\/\/ecerfvelee.com\/site\/wp-content\/uploads\/2023\/11\/residence-300x136.jpg 300w, https:\/\/ecerfvelee.com\/site\/wp-content\/uploads\/2023\/11\/residence-768x347.jpg 768w, https:\/\/ecerfvelee.com\/site\/wp-content\/uploads\/2023\/11\/residence-350x158.jpg 350w\" sizes=\"auto, (max-width: 767px) 89vw, (max-width: 1000px) 54vw, (max-width: 1071px) 543px, 580px\" \/><\/figure>\n\n\n\n<figure class=\"wp-block-image size-large\"><img loading=\"lazy\" decoding=\"async\" width=\"554\" height=\"1024\" src=\"https:\/\/ecerfvelee.com\/site\/wp-content\/uploads\/2023\/11\/coq-oeil-marina-zindy-net-554x1024.jpg\" alt=\"\" class=\"wp-image-3288\" srcset=\"https:\/\/ecerfvelee.com\/site\/wp-content\/uploads\/2023\/11\/coq-oeil-marina-zindy-net-554x1024.jpg 554w, https:\/\/ecerfvelee.com\/site\/wp-content\/uploads\/2023\/11\/coq-oeil-marina-zindy-net-162x300.jpg 162w, https:\/\/ecerfvelee.com\/site\/wp-content\/uploads\/2023\/11\/coq-oeil-marina-zindy-net-768x1419.jpg 768w, https:\/\/ecerfvelee.com\/site\/wp-content\/uploads\/2023\/11\/coq-oeil-marina-zindy-net-350x647.jpg 350w, https:\/\/ecerfvelee.com\/site\/wp-content\/uploads\/2023\/11\/coq-oeil-marina-zindy-net.jpg 807w\" sizes=\"auto, (max-width: 554px) 100vw, 554px\" \/><\/figure>\n\n\n\n<figure class=\"wp-block-image size-large\"><img loading=\"lazy\" decoding=\"async\" width=\"1024\" height=\"461\" src=\"https:\/\/ecerfvelee.com\/site\/wp-content\/uploads\/2023\/11\/atelier-1024x461.jpg\" alt=\"\" class=\"wp-image-3289\" srcset=\"https:\/\/ecerfvelee.com\/site\/wp-content\/uploads\/2023\/11\/atelier-1024x461.jpg 1024w, https:\/\/ecerfvelee.com\/site\/wp-content\/uploads\/2023\/11\/atelier-300x135.jpg 300w, https:\/\/ecerfvelee.com\/site\/wp-content\/uploads\/2023\/11\/atelier-768x346.jpg 768w, https:\/\/ecerfvelee.com\/site\/wp-content\/uploads\/2023\/11\/atelier-1320x594.jpg 1320w, https:\/\/ecerfvelee.com\/site\/wp-content\/uploads\/2023\/11\/atelier-350x158.jpg 350w, https:\/\/ecerfvelee.com\/site\/wp-content\/uploads\/2023\/11\/atelier.jpg 1417w\" sizes=\"auto, (max-width: 767px) 89vw, (max-width: 1000px) 54vw, (max-width: 1071px) 543px, 580px\" \/><\/figure>\n\n\n\n<figure class=\"wp-block-image size-large\"><img loading=\"lazy\" decoding=\"async\" width=\"549\" height=\"1024\" src=\"https:\/\/ecerfvelee.com\/site\/wp-content\/uploads\/2023\/11\/Marina-ZINDY-sortie-de-residence-Wesserling-549x1024.jpg\" alt=\"\" class=\"wp-image-3293\" srcset=\"https:\/\/ecerfvelee.com\/site\/wp-content\/uploads\/2023\/11\/Marina-ZINDY-sortie-de-residence-Wesserling-549x1024.jpg 549w, https:\/\/ecerfvelee.com\/site\/wp-content\/uploads\/2023\/11\/Marina-ZINDY-sortie-de-residence-Wesserling-161x300.jpg 161w, https:\/\/ecerfvelee.com\/site\/wp-content\/uploads\/2023\/11\/Marina-ZINDY-sortie-de-residence-Wesserling-768x1431.jpg 768w, https:\/\/ecerfvelee.com\/site\/wp-content\/uploads\/2023\/11\/Marina-ZINDY-sortie-de-residence-Wesserling-824x1536.jpg 824w, https:\/\/ecerfvelee.com\/site\/wp-content\/uploads\/2023\/11\/Marina-ZINDY-sortie-de-residence-Wesserling-1099x2048.jpg 1099w, https:\/\/ecerfvelee.com\/site\/wp-content\/uploads\/2023\/11\/Marina-ZINDY-sortie-de-residence-Wesserling-350x652.jpg 350w, https:\/\/ecerfvelee.com\/site\/wp-content\/uploads\/2023\/11\/Marina-ZINDY-sortie-de-residence-Wesserling.jpg 1242w\" sizes=\"auto, (max-width: 549px) 100vw, 549px\" \/><\/figure>\n\n\n\n<figure class=\"wp-block-image size-large\"><img loading=\"lazy\" decoding=\"async\" width=\"1024\" height=\"591\" src=\"https:\/\/ecerfvelee.com\/site\/wp-content\/uploads\/2023\/11\/sortie-de-residence-1-net-1024x591.jpg\" alt=\"\" class=\"wp-image-3294\" srcset=\"https:\/\/ecerfvelee.com\/site\/wp-content\/uploads\/2023\/11\/sortie-de-residence-1-net-1024x591.jpg 1024w, https:\/\/ecerfvelee.com\/site\/wp-content\/uploads\/2023\/11\/sortie-de-residence-1-net-300x173.jpg 300w, https:\/\/ecerfvelee.com\/site\/wp-content\/uploads\/2023\/11\/sortie-de-residence-1-net-768x443.jpg 768w, https:\/\/ecerfvelee.com\/site\/wp-content\/uploads\/2023\/11\/sortie-de-residence-1-net-350x202.jpg 350w, https:\/\/ecerfvelee.com\/site\/wp-content\/uploads\/2023\/11\/sortie-de-residence-1-net.jpg 1106w\" sizes=\"auto, (max-width: 767px) 89vw, (max-width: 1000px) 54vw, (max-width: 1071px) 543px, 580px\" \/><\/figure>\n\n\n\n<figure class=\"wp-block-image size-large\"><img loading=\"lazy\" decoding=\"async\" width=\"1024\" height=\"461\" src=\"https:\/\/ecerfvelee.com\/site\/wp-content\/uploads\/2023\/11\/sortie-de-residence-2-net-1024x461.jpg\" alt=\"\" class=\"wp-image-3295\" srcset=\"https:\/\/ecerfvelee.com\/site\/wp-content\/uploads\/2023\/11\/sortie-de-residence-2-net-1024x461.jpg 1024w, https:\/\/ecerfvelee.com\/site\/wp-content\/uploads\/2023\/11\/sortie-de-residence-2-net-300x135.jpg 300w, https:\/\/ecerfvelee.com\/site\/wp-content\/uploads\/2023\/11\/sortie-de-residence-2-net-768x346.jpg 768w, https:\/\/ecerfvelee.com\/site\/wp-content\/uploads\/2023\/11\/sortie-de-residence-2-net-350x158.jpg 350w, https:\/\/ecerfvelee.com\/site\/wp-content\/uploads\/2023\/11\/sortie-de-residence-2-net.jpg 1106w\" sizes=\"auto, (max-width: 767px) 89vw, (max-width: 1000px) 54vw, (max-width: 1071px) 543px, 580px\" \/><\/figure>\n","protected":false},"excerpt":{"rendered":"<p>Libert\u00e9 et Gallinac\u00e9s&nbsp; Cr\u00e9ation d\u2019une fable contemporaine. L\u2019artiste interroge notre rapport \u00e0 la nature et \u00e0 la libert\u00e9 dans notre soci\u00e9t\u00e9 actuelle. Une poule, un coq, un dindon se font tirer le portrait. Ils portent les stigmates de la technologie num\u00e9rique&nbsp;: les cr\u00eates sont tatou\u00e9es de QRCode. Le coq a l\u2019\u0153il bleu, aveugl\u00e9 par les &hellip; <\/p>\n<p class=\"link-more\"><a href=\"https:\/\/ecerfvelee.com\/site\/poule-mouillee\/\" class=\"more-link\">Continuer la lecture<span class=\"screen-reader-text\"> de &laquo;&nbsp;Poule Mouill\u00e9e&nbsp;&raquo;<\/span><\/a><\/p>\n","protected":false},"author":1,"featured_media":3229,"parent":0,"menu_order":0,"comment_status":"closed","ping_status":"closed","template":"","meta":{"footnotes":""},"class_list":["post-3228","page","type-page","status-publish","has-post-thumbnail","hentry"],"aioseo_notices":[],"_links":{"self":[{"href":"https:\/\/ecerfvelee.com\/site\/wp-json\/wp\/v2\/pages\/3228","targetHints":{"allow":["GET"]}}],"collection":[{"href":"https:\/\/ecerfvelee.com\/site\/wp-json\/wp\/v2\/pages"}],"about":[{"href":"https:\/\/ecerfvelee.com\/site\/wp-json\/wp\/v2\/types\/page"}],"author":[{"embeddable":true,"href":"https:\/\/ecerfvelee.com\/site\/wp-json\/wp\/v2\/users\/1"}],"replies":[{"embeddable":true,"href":"https:\/\/ecerfvelee.com\/site\/wp-json\/wp\/v2\/comments?post=3228"}],"version-history":[{"count":10,"href":"https:\/\/ecerfvelee.com\/site\/wp-json\/wp\/v2\/pages\/3228\/revisions"}],"predecessor-version":[{"id":3332,"href":"https:\/\/ecerfvelee.com\/site\/wp-json\/wp\/v2\/pages\/3228\/revisions\/3332"}],"wp:featuredmedia":[{"embeddable":true,"href":"https:\/\/ecerfvelee.com\/site\/wp-json\/wp\/v2\/media\/3229"}],"wp:attachment":[{"href":"https:\/\/ecerfvelee.com\/site\/wp-json\/wp\/v2\/media?parent=3228"}],"curies":[{"name":"wp","href":"https:\/\/api.w.org\/{rel}","templated":true}]}}