{"id":357,"date":"2018-07-04T04:37:21","date_gmt":"2018-07-04T02:37:21","guid":{"rendered":"http:\/\/ecerfvelee.com\/site\/?page_id=357"},"modified":"2019-09-02T20:15:18","modified_gmt":"2019-09-02T18:15:18","slug":"sous-leau-une-sculpture-vivante","status":"publish","type":"page","link":"https:\/\/ecerfvelee.com\/site\/sous-leau-une-sculpture-vivante\/","title":{"rendered":"Sous l&rsquo;eau, une sculpture vivante"},"content":{"rendered":"<h1><strong>Sous l&rsquo;eau, une sculpture vivante<\/strong><\/h1>\n<h2><strong><img loading=\"lazy\" decoding=\"async\" class=\"alignleft wp-image-157 size-large\" src=\"http:\/\/ecerfvelee.com\/site\/wp-content\/uploads\/2018\/06\/IMG_4011-copy-768x1024.jpg\" alt=\"\" width=\"525\" height=\"700\" \/><\/strong><strong>Premier prototype<\/strong><\/h2>\n<p><span style=\"color: #333333;\"><strong>L&rsquo;association CIKAL ( en indon\u00e9sien, cikal signifie: amour de la nature) et le club de plong\u00e9e Anemon de l&rsquo;Universit\u00e9 de Lampung, en Indon\u00e9sie, ont pour mission de pr\u00e9server l&rsquo;\u00e9cosyst\u00e8me sous-marin en bouturant du corail pour repeupler les zones qui ont \u00e9t\u00e9 ab\u00eem\u00e9es par l&rsquo;homme.<\/strong><\/span><\/p>\n<p><span style=\"color: #333333;\"><strong>Felex Dwi Agung Widodo m&rsquo;a permis de participer \u00e0 ce projet en ajoutant l&rsquo;art \u00e0 la science.<\/strong><\/span><\/p>\n<p><a href=\"https:\/\/fdwiagungwidodo.wordpress.com\/2013\/01\/15\/transplantasi-terumbu-karang-salah-satu-cara-program-rehabilitasi-terumbu-karang\/\"><span style=\"color: #333333;\"><strong>https:\/\/fdwiagungwidodo.wordpress.com\/2013\/01\/15\/transplantasi-terumbu-karang-salah-satu-cara-program-rehabilitasi-terumbu-karang\/<\/strong><\/span><\/a><\/p>\n<p><span style=\"color: #333333;\"><strong>La sculpture en c\u00e9ramique que j&rsquo;ai propos\u00e9, permet aux petits poissons de s&rsquo;abriter et aux coraux d&rsquo;\u00e9voluer, de cr\u00e9er une for\u00eat autour de cette figure de cerf.\u00a0<\/strong><\/span><\/p>\n<p><strong>Cette petite sculpture est un premier lien pour permettre \u00e0 ce projet de sculptures sous-marines de prendre de l&rsquo;ampleur en fonction des diff\u00e9rents partenariats.<\/strong><\/p>\n<p><strong>J&rsquo;ai choisi de modeler cet animal car le cerf est le symbole de mon atelier nomm\u00e9 <a href=\"https:\/\/ecerfvelee.com\/site\/\">l&rsquo;Ecerfvel\u00e9e<\/a>.<\/strong><\/p>\n<p><span style=\"color: #333333;\"><strong>Sous l&rsquo;eau, la magie op\u00e8re : le temps permet aux formes d&rsquo;\u00e9voluer, la nature s&rsquo;approprie l\u2019\u0153uvre et la m\u00e9tamorphose pour notre plus grand plaisir !<\/strong><\/span><\/p>\n<div id='gallery-1' class='gallery galleryid-357 gallery-columns-3 gallery-size-thumbnail'><figure class='gallery-item'>\n\t\t\t<div class='gallery-icon portrait'>\n\t\t\t\t<a href='https:\/\/ecerfvelee.com\/site\/projects\/img_0856\/'><img loading=\"lazy\" decoding=\"async\" width=\"150\" height=\"150\" src=\"https:\/\/ecerfvelee.com\/site\/wp-content\/uploads\/2018\/06\/IMG_0856-150x150.png\" class=\"attachment-thumbnail size-thumbnail\" alt=\"\" srcset=\"https:\/\/ecerfvelee.com\/site\/wp-content\/uploads\/2018\/06\/IMG_0856-150x150.png 150w, https:\/\/ecerfvelee.com\/site\/wp-content\/uploads\/2018\/06\/IMG_0856-250x250.png 250w, https:\/\/ecerfvelee.com\/site\/wp-content\/uploads\/2018\/06\/IMG_0856-100x100.png 100w\" sizes=\"auto, 100vw\" \/><\/a>\n\t\t\t<\/div><\/figure><figure class='gallery-item'>\n\t\t\t<div class='gallery-icon portrait'>\n\t\t\t\t<a href='https:\/\/ecerfvelee.com\/site\/projects\/img_0858\/'><img loading=\"lazy\" decoding=\"async\" width=\"150\" height=\"150\" src=\"https:\/\/ecerfvelee.com\/site\/wp-content\/uploads\/2018\/06\/IMG_0858-150x150.png\" class=\"attachment-thumbnail size-thumbnail\" alt=\"\" srcset=\"https:\/\/ecerfvelee.com\/site\/wp-content\/uploads\/2018\/06\/IMG_0858-150x150.png 150w, https:\/\/ecerfvelee.com\/site\/wp-content\/uploads\/2018\/06\/IMG_0858-250x250.png 250w, https:\/\/ecerfvelee.com\/site\/wp-content\/uploads\/2018\/06\/IMG_0858-100x100.png 100w\" sizes=\"auto, 100vw\" \/><\/a>\n\t\t\t<\/div><\/figure><figure class='gallery-item'>\n\t\t\t<div class='gallery-icon portrait'>\n\t\t\t\t<a href='https:\/\/ecerfvelee.com\/site\/img_8637\/'><img loading=\"lazy\" decoding=\"async\" width=\"150\" height=\"150\" src=\"https:\/\/ecerfvelee.com\/site\/wp-content\/uploads\/2018\/06\/IMG_8637-e1530213351784-150x150.jpg\" class=\"attachment-thumbnail size-thumbnail\" alt=\"\" srcset=\"https:\/\/ecerfvelee.com\/site\/wp-content\/uploads\/2018\/06\/IMG_8637-e1530213351784-150x150.jpg 150w, https:\/\/ecerfvelee.com\/site\/wp-content\/uploads\/2018\/06\/IMG_8637-e1530213351784-250x250.jpg 250w, https:\/\/ecerfvelee.com\/site\/wp-content\/uploads\/2018\/06\/IMG_8637-e1530213351784-100x100.jpg 100w\" sizes=\"auto, 100vw\" \/><\/a>\n\t\t\t<\/div><\/figure><figure class='gallery-item'>\n\t\t\t<div class='gallery-icon portrait'>\n\t\t\t\t<a href='https:\/\/ecerfvelee.com\/site\/img_9158\/'><img loading=\"lazy\" decoding=\"async\" width=\"150\" height=\"150\" src=\"https:\/\/ecerfvelee.com\/site\/wp-content\/uploads\/2018\/06\/IMG_9158-e1530213307245-150x150.jpg\" class=\"attachment-thumbnail size-thumbnail\" alt=\"\" srcset=\"https:\/\/ecerfvelee.com\/site\/wp-content\/uploads\/2018\/06\/IMG_9158-e1530213307245-150x150.jpg 150w, https:\/\/ecerfvelee.com\/site\/wp-content\/uploads\/2018\/06\/IMG_9158-e1530213307245-250x250.jpg 250w, https:\/\/ecerfvelee.com\/site\/wp-content\/uploads\/2018\/06\/IMG_9158-e1530213307245-100x100.jpg 100w\" sizes=\"auto, 100vw\" \/><\/a>\n\t\t\t<\/div><\/figure><figure class='gallery-item'>\n\t\t\t<div class='gallery-icon portrait'>\n\t\t\t\t<a href='https:\/\/ecerfvelee.com\/site\/img_9172\/'><img loading=\"lazy\" decoding=\"async\" width=\"150\" height=\"150\" src=\"https:\/\/ecerfvelee.com\/site\/wp-content\/uploads\/2018\/06\/IMG_9172-e1530213180510-150x150.jpg\" class=\"attachment-thumbnail size-thumbnail\" alt=\"\" srcset=\"https:\/\/ecerfvelee.com\/site\/wp-content\/uploads\/2018\/06\/IMG_9172-e1530213180510-150x150.jpg 150w, https:\/\/ecerfvelee.com\/site\/wp-content\/uploads\/2018\/06\/IMG_9172-e1530213180510-250x250.jpg 250w, https:\/\/ecerfvelee.com\/site\/wp-content\/uploads\/2018\/06\/IMG_9172-e1530213180510-100x100.jpg 100w\" sizes=\"auto, 100vw\" \/><\/a>\n\t\t\t<\/div><\/figure><figure class='gallery-item'>\n\t\t\t<div class='gallery-icon portrait'>\n\t\t\t\t<a href='https:\/\/ecerfvelee.com\/site\/img_20180306_115019\/'><img loading=\"lazy\" decoding=\"async\" width=\"150\" height=\"150\" src=\"https:\/\/ecerfvelee.com\/site\/wp-content\/uploads\/2018\/06\/IMG_20180306_115019-150x150.jpg\" class=\"attachment-thumbnail size-thumbnail\" alt=\"\" srcset=\"https:\/\/ecerfvelee.com\/site\/wp-content\/uploads\/2018\/06\/IMG_20180306_115019-150x150.jpg 150w, https:\/\/ecerfvelee.com\/site\/wp-content\/uploads\/2018\/06\/IMG_20180306_115019-250x250.jpg 250w, https:\/\/ecerfvelee.com\/site\/wp-content\/uploads\/2018\/06\/IMG_20180306_115019-100x100.jpg 100w\" sizes=\"auto, 100vw\" \/><\/a>\n\t\t\t<\/div><\/figure><figure class='gallery-item'>\n\t\t\t<div class='gallery-icon portrait'>\n\t\t\t\t<a href='https:\/\/ecerfvelee.com\/site\/sous-leau-une-sculpture-vivante\/img_4011-copy\/'><img loading=\"lazy\" decoding=\"async\" width=\"150\" height=\"150\" src=\"https:\/\/ecerfvelee.com\/site\/wp-content\/uploads\/2018\/06\/IMG_4011-copy-150x150.jpg\" class=\"attachment-thumbnail size-thumbnail\" alt=\"\" srcset=\"https:\/\/ecerfvelee.com\/site\/wp-content\/uploads\/2018\/06\/IMG_4011-copy-150x150.jpg 150w, https:\/\/ecerfvelee.com\/site\/wp-content\/uploads\/2018\/06\/IMG_4011-copy-e1531046787365-250x250.jpg 250w, https:\/\/ecerfvelee.com\/site\/wp-content\/uploads\/2018\/06\/IMG_4011-copy-100x100.jpg 100w\" sizes=\"auto, 100vw\" \/><\/a>\n\t\t\t<\/div><\/figure><figure class='gallery-item'>\n\t\t\t<div class='gallery-icon portrait'>\n\t\t\t\t<a href='https:\/\/ecerfvelee.com\/site\/olympus-digital-camera\/'><img loading=\"lazy\" decoding=\"async\" width=\"150\" height=\"150\" src=\"https:\/\/ecerfvelee.com\/site\/wp-content\/uploads\/2018\/06\/P3060023-150x150.jpg\" class=\"attachment-thumbnail size-thumbnail\" alt=\"\" srcset=\"https:\/\/ecerfvelee.com\/site\/wp-content\/uploads\/2018\/06\/P3060023-150x150.jpg 150w, https:\/\/ecerfvelee.com\/site\/wp-content\/uploads\/2018\/06\/P3060023-250x250.jpg 250w, https:\/\/ecerfvelee.com\/site\/wp-content\/uploads\/2018\/06\/P3060023-100x100.jpg 100w\" sizes=\"auto, 100vw\" \/><\/a>\n\t\t\t<\/div><\/figure><figure class='gallery-item'>\n\t\t\t<div class='gallery-icon landscape'>\n\t\t\t\t<a href='https:\/\/ecerfvelee.com\/site\/olympus-digital-camera-4\/'><img loading=\"lazy\" decoding=\"async\" width=\"150\" height=\"150\" src=\"https:\/\/ecerfvelee.com\/site\/wp-content\/uploads\/2018\/06\/P3060088-150x150.jpg\" class=\"attachment-thumbnail size-thumbnail\" alt=\"\" srcset=\"https:\/\/ecerfvelee.com\/site\/wp-content\/uploads\/2018\/06\/P3060088-150x150.jpg 150w, https:\/\/ecerfvelee.com\/site\/wp-content\/uploads\/2018\/06\/P3060088-250x250.jpg 250w, https:\/\/ecerfvelee.com\/site\/wp-content\/uploads\/2018\/06\/P3060088-100x100.jpg 100w\" sizes=\"auto, 100vw\" \/><\/a>\n\t\t\t<\/div><\/figure><figure class='gallery-item'>\n\t\t\t<div class='gallery-icon landscape'>\n\t\t\t\t<a href='https:\/\/ecerfvelee.com\/site\/img_3979-copy\/'><img loading=\"lazy\" decoding=\"async\" width=\"150\" height=\"150\" src=\"https:\/\/ecerfvelee.com\/site\/wp-content\/uploads\/2018\/06\/IMG_3979-copy-150x150.jpg\" class=\"attachment-thumbnail size-thumbnail\" alt=\"\" srcset=\"https:\/\/ecerfvelee.com\/site\/wp-content\/uploads\/2018\/06\/IMG_3979-copy-150x150.jpg 150w, https:\/\/ecerfvelee.com\/site\/wp-content\/uploads\/2018\/06\/IMG_3979-copy-250x250.jpg 250w, https:\/\/ecerfvelee.com\/site\/wp-content\/uploads\/2018\/06\/IMG_3979-copy-100x100.jpg 100w\" sizes=\"auto, 100vw\" \/><\/a>\n\t\t\t<\/div><\/figure><figure class='gallery-item'>\n\t\t\t<div class='gallery-icon portrait'>\n\t\t\t\t<a href='https:\/\/ecerfvelee.com\/site\/img_3982-copy\/'><img loading=\"lazy\" decoding=\"async\" width=\"150\" height=\"150\" src=\"https:\/\/ecerfvelee.com\/site\/wp-content\/uploads\/2018\/06\/IMG_3982-copy-150x150.jpg\" class=\"attachment-thumbnail size-thumbnail\" alt=\"\" srcset=\"https:\/\/ecerfvelee.com\/site\/wp-content\/uploads\/2018\/06\/IMG_3982-copy-150x150.jpg 150w, https:\/\/ecerfvelee.com\/site\/wp-content\/uploads\/2018\/06\/IMG_3982-copy-250x250.jpg 250w, https:\/\/ecerfvelee.com\/site\/wp-content\/uploads\/2018\/06\/IMG_3982-copy-100x100.jpg 100w\" sizes=\"auto, 100vw\" \/><\/a>\n\t\t\t<\/div><\/figure><figure class='gallery-item'>\n\t\t\t<div class='gallery-icon portrait'>\n\t\t\t\t<a href='https:\/\/ecerfvelee.com\/site\/img_4022-copy\/'><img loading=\"lazy\" decoding=\"async\" width=\"150\" height=\"150\" src=\"https:\/\/ecerfvelee.com\/site\/wp-content\/uploads\/2018\/06\/IMG_4022-copy-150x150.jpg\" class=\"attachment-thumbnail size-thumbnail\" alt=\"\" srcset=\"https:\/\/ecerfvelee.com\/site\/wp-content\/uploads\/2018\/06\/IMG_4022-copy-150x150.jpg 150w, https:\/\/ecerfvelee.com\/site\/wp-content\/uploads\/2018\/06\/IMG_4022-copy-250x250.jpg 250w, https:\/\/ecerfvelee.com\/site\/wp-content\/uploads\/2018\/06\/IMG_4022-copy-100x100.jpg 100w\" sizes=\"auto, 100vw\" \/><\/a>\n\t\t\t<\/div><\/figure>\n\t\t<\/div>\n\n<p><iframe loading=\"lazy\" title=\"PROJETS 2018\" width=\"525\" height=\"295\" src=\"https:\/\/www.youtube.com\/embed\/hWOm0cJyvXY?feature=oembed\" frameborder=\"0\" allow=\"accelerometer; autoplay; clipboard-write; encrypted-media; gyroscope; picture-in-picture; web-share\" referrerpolicy=\"strict-origin-when-cross-origin\" allowfullscreen><\/iframe><\/p>\n<h2><span style=\"color: #333333;\"><strong>10 mois plus tard :<\/strong><\/span><\/h2>\n<p><span style=\"color: #333333;\"><strong>Les coraux se sont bien d\u00e9velopp\u00e9s, les \u00e9ponges se sont fix\u00e9es sur le cerf. <\/strong><\/span><\/p>\n<p><span style=\"color: #333333;\"><strong>Op\u00e9ration de nettoyage pour que le corail puisse respirer.<\/strong><\/span><\/p>\n<figure id=\"attachment_1531\" aria-describedby=\"caption-attachment-1531\" style=\"width: 525px\" class=\"wp-caption alignleft\"><img loading=\"lazy\" decoding=\"async\" class=\"wp-image-1531 size-large\" src=\"https:\/\/ecerfvelee.com\/site\/wp-content\/uploads\/2019\/01\/WhatsApp-Image-2018-12-25-at-19.50.06-1024x1024.jpeg\" alt=\"\" width=\"525\" height=\"525\" srcset=\"https:\/\/ecerfvelee.com\/site\/wp-content\/uploads\/2019\/01\/WhatsApp-Image-2018-12-25-at-19.50.06-1024x1024.jpeg 1024w, https:\/\/ecerfvelee.com\/site\/wp-content\/uploads\/2019\/01\/WhatsApp-Image-2018-12-25-at-19.50.06-250x250.jpeg 250w, https:\/\/ecerfvelee.com\/site\/wp-content\/uploads\/2019\/01\/WhatsApp-Image-2018-12-25-at-19.50.06-350x350.jpeg 350w, https:\/\/ecerfvelee.com\/site\/wp-content\/uploads\/2019\/01\/WhatsApp-Image-2018-12-25-at-19.50.06-150x150.jpeg 150w, https:\/\/ecerfvelee.com\/site\/wp-content\/uploads\/2019\/01\/WhatsApp-Image-2018-12-25-at-19.50.06-300x300.jpeg 300w, https:\/\/ecerfvelee.com\/site\/wp-content\/uploads\/2019\/01\/WhatsApp-Image-2018-12-25-at-19.50.06-768x768.jpeg 768w, https:\/\/ecerfvelee.com\/site\/wp-content\/uploads\/2019\/01\/WhatsApp-Image-2018-12-25-at-19.50.06-100x100.jpeg 100w, https:\/\/ecerfvelee.com\/site\/wp-content\/uploads\/2019\/01\/WhatsApp-Image-2018-12-25-at-19.50.06.jpeg 1280w\" sizes=\"auto, (max-width: 525px) 100vw, 525px\" \/><figcaption id=\"caption-attachment-1531\" class=\"wp-caption-text\">Sculpture sous-marine en Indon\u00e9sie<\/figcaption><\/figure>\n<p>\u00a0<\/p>\n<div style=\"width: 525px;\" class=\"wp-video\"><video class=\"wp-video-shortcode\" id=\"video-357-1\" width=\"525\" height=\"289\" preload=\"metadata\" controls=\"controls\"><source type=\"video\/mp4\" src=\"https:\/\/ecerfvelee.com\/site\/wp-content\/uploads\/2019\/01\/WhatsApp-Video-2018-12-25-at-19.51.09.mp4?_=1\" \/><a href=\"https:\/\/ecerfvelee.com\/site\/wp-content\/uploads\/2019\/01\/WhatsApp-Video-2018-12-25-at-19.51.09.mp4\">https:\/\/ecerfvelee.com\/site\/wp-content\/uploads\/2019\/01\/WhatsApp-Video-2018-12-25-at-19.51.09.mp4<\/a><\/video><\/div>\n<h4>Ces images ont \u00e9t\u00e9 prises juste avant l&rsquo;\u00e9ruption du volcan nomm\u00e9 l&rsquo;Anak Krakatau.<\/h4>\n<h4>Nos pens\u00e9es vont aux victimes de cette catastrophe humanitaire.<\/h4>\n<h1><strong>1 an plus tard<\/strong><\/h1>\n<figure id=\"attachment_2150\" aria-describedby=\"caption-attachment-2150\" style=\"width: 550px\" class=\"wp-caption alignleft\"><img loading=\"lazy\" decoding=\"async\" class=\"wp-image-2150 size-full\" src=\"https:\/\/ecerfvelee.com\/site\/wp-content\/uploads\/2019\/05\/cerf-sculpture-sous-marine.jpg\" alt=\"\" width=\"550\" height=\"734\" srcset=\"https:\/\/ecerfvelee.com\/site\/wp-content\/uploads\/2019\/05\/cerf-sculpture-sous-marine.jpg 550w, https:\/\/ecerfvelee.com\/site\/wp-content\/uploads\/2019\/05\/cerf-sculpture-sous-marine-225x300.jpg 225w, https:\/\/ecerfvelee.com\/site\/wp-content\/uploads\/2019\/05\/cerf-sculpture-sous-marine-350x467.jpg 350w\" sizes=\"auto, (max-width: 550px) 100vw, 550px\" \/><figcaption id=\"caption-attachment-2150\" class=\"wp-caption-text\">sculpture sous-marina, copyright Marina ZINDY L&rsquo;Ecerfvel\u00e9e<\/figcaption><\/figure>\n<h1><strong>Articles de presse dans l&rsquo;Est R\u00e9publicain <\/strong><strong>et dans L&rsquo;Alsace<\/strong><\/h1>\n<p><img loading=\"lazy\" decoding=\"async\" class=\"alignleft size-large wp-image-616\" src=\"http:\/\/ecerfvelee.com\/site\/wp-content\/uploads\/2018\/07\/article-de-presse-sculptures-sous-marines-527x1024.jpg\" alt=\"\" width=\"525\" height=\"1020\" srcset=\"https:\/\/ecerfvelee.com\/site\/wp-content\/uploads\/2018\/07\/article-de-presse-sculptures-sous-marines-527x1024.jpg 527w, https:\/\/ecerfvelee.com\/site\/wp-content\/uploads\/2018\/07\/article-de-presse-sculptures-sous-marines-350x680.jpg 350w, https:\/\/ecerfvelee.com\/site\/wp-content\/uploads\/2018\/07\/article-de-presse-sculptures-sous-marines-154x300.jpg 154w, https:\/\/ecerfvelee.com\/site\/wp-content\/uploads\/2018\/07\/article-de-presse-sculptures-sous-marines-768x1493.jpg 768w, https:\/\/ecerfvelee.com\/site\/wp-content\/uploads\/2018\/07\/article-de-presse-sculptures-sous-marines.jpg 1978w\" sizes=\"auto, (max-width: 525px) 100vw, 525px\" \/><\/p>\n<p><img loading=\"lazy\" decoding=\"async\" class=\"alignleft size-full wp-image-624\" src=\"http:\/\/ecerfvelee.com\/site\/wp-content\/uploads\/2018\/08\/atelier-lalsace.jpg\" alt=\"\" width=\"544\" height=\"744\" srcset=\"https:\/\/ecerfvelee.com\/site\/wp-content\/uploads\/2018\/08\/atelier-lalsace.jpg 544w, https:\/\/ecerfvelee.com\/site\/wp-content\/uploads\/2018\/08\/atelier-lalsace-350x479.jpg 350w, https:\/\/ecerfvelee.com\/site\/wp-content\/uploads\/2018\/08\/atelier-lalsace-219x300.jpg 219w\" sizes=\"auto, (max-width: 544px) 100vw, 544px\" \/><\/p>\n\n\n\n\n<h1 class=\"wp-block-heading\">Apr\u00e8s ce premier essai, un v\u00e9ritable sentier artistique est en projet.<\/h1>\n\n\n\n<p>Avec l&rsquo;association <a href=\"https:\/\/www.facebook.com\/assoBienvenuedanslatelier\/\">Bienvenue dans l&rsquo;Atelier<\/a>, nous sommes en train d&rsquo;\u00e9laborer une v\u00e9ritable strat\u00e9gie pour pouvoir r\u00e9aliser \u00e0 nouveau un r\u00eave \u00e9veill\u00e9 !<\/p>\n\n\n\n<p>Fort de notre premier<a href=\"https:\/\/ecerfvelee.com\/site\/2019\/06\/30\/tres-belle-video-de-la-soiree\/\"> sentier artistique dans la for\u00eat alsacienne<\/a>, nous sommes d\u00e9sormais persuad\u00e9s que ce nouveau projet va \u00eatre extraordinaire.<\/p>\n\n\n\n<p>Pour ne pas louper les premi\u00e8res grandes \u00e9tapes, abonnez vous \u00e0 ma <a href=\"https:\/\/www.facebook.com\/zindymarina\/\">nouvelle page Facebook<\/a>&nbsp; ou \u00e0 celle de <a href=\"https:\/\/www.facebook.com\/assoBienvenuedanslatelier\/\">l&rsquo;association<\/a> !<\/p>\n\n\n\n<h1 class=\"wp-block-heading\"><strong>Un sentier artistique sur terre et sous la mer<\/strong><\/h1>\n\n\n\n<p>Pour la partie sous-marine, ce sera des sculptures expos\u00e9es sous l&rsquo;eau, en Indon\u00e9sie, que je r\u00e9aliserais en c\u00e9ramique.<\/p>\n\n\n\n<p>Ces sculptures seront le produit de nombreuses exp\u00e9rimentations.<\/p>\n\n\n\n<p>Voici les premiers r\u00e9sultats :<\/p>\n\n\n\n<div class=\"wp-block-image\"><figure class=\"aligncenter\"><img loading=\"lazy\" decoding=\"async\" width=\"1024\" height=\"804\" src=\"https:\/\/ecerfvelee.com\/site\/wp-content\/uploads\/2019\/09\/bouteilles-\u00e0-la-mer1-1024x804.jpg\" alt=\"bouteilles en terre et en verre\" class=\"wp-image-2410\" srcset=\"https:\/\/ecerfvelee.com\/site\/wp-content\/uploads\/2019\/09\/bouteilles-\u00e0-la-mer1-1024x804.jpg 1024w, https:\/\/ecerfvelee.com\/site\/wp-content\/uploads\/2019\/09\/bouteilles-\u00e0-la-mer1-300x235.jpg 300w, https:\/\/ecerfvelee.com\/site\/wp-content\/uploads\/2019\/09\/bouteilles-\u00e0-la-mer1-768x603.jpg 768w, https:\/\/ecerfvelee.com\/site\/wp-content\/uploads\/2019\/09\/bouteilles-\u00e0-la-mer1-1320x1036.jpg 1320w, https:\/\/ecerfvelee.com\/site\/wp-content\/uploads\/2019\/09\/bouteilles-\u00e0-la-mer1-350x275.jpg 350w, https:\/\/ecerfvelee.com\/site\/wp-content\/uploads\/2019\/09\/bouteilles-\u00e0-la-mer1.jpg 2048w\" sizes=\"auto, (max-width: 767px) 89vw, (max-width: 1000px) 54vw, (max-width: 1071px) 543px, 580px\" \/><figcaption>Avant cuisson, tessons de bouteille en verre sur bouteille en argile.<\/figcaption><\/figure><\/div>\n\n\n\n<div class=\"wp-block-image\"><figure class=\"aligncenter\"><img loading=\"lazy\" decoding=\"async\" width=\"1024\" height=\"804\" src=\"https:\/\/ecerfvelee.com\/site\/wp-content\/uploads\/2019\/09\/bouteilles-\u00e0-la-mer2-1024x804.jpg\" alt=\"\" class=\"wp-image-2414\" srcset=\"https:\/\/ecerfvelee.com\/site\/wp-content\/uploads\/2019\/09\/bouteilles-\u00e0-la-mer2-1024x804.jpg 1024w, https:\/\/ecerfvelee.com\/site\/wp-content\/uploads\/2019\/09\/bouteilles-\u00e0-la-mer2-300x235.jpg 300w, https:\/\/ecerfvelee.com\/site\/wp-content\/uploads\/2019\/09\/bouteilles-\u00e0-la-mer2-768x603.jpg 768w, https:\/\/ecerfvelee.com\/site\/wp-content\/uploads\/2019\/09\/bouteilles-\u00e0-la-mer2-1320x1036.jpg 1320w, https:\/\/ecerfvelee.com\/site\/wp-content\/uploads\/2019\/09\/bouteilles-\u00e0-la-mer2-350x275.jpg 350w, https:\/\/ecerfvelee.com\/site\/wp-content\/uploads\/2019\/09\/bouteilles-\u00e0-la-mer2.jpg 2048w\" sizes=\"auto, (max-width: 767px) 89vw, (max-width: 1000px) 54vw, (max-width: 1071px) 543px, 580px\" \/><figcaption>Apr\u00e8s cuisson \u00e0 1280 degr\u00e9s.<\/figcaption><\/figure><\/div>\n\n\n\n<p>Une bouteille.<\/p>\n\n\n\n<p>Une bouteille en verre d&rsquo;abord.<\/p>\n\n\n\n<p>Puis une argile pr\u00e9lev\u00e9e \u00e0 m\u00eame le\nsol.<\/p>\n\n\n\n<p>Model\u00e9e, elle prend aussi la forme\nd&rsquo;une bouteille.<\/p>\n\n\n\n<p>L&rsquo;une sur l&rsquo;autre, le verre d\u00e9gouline\n\u00e0 tr\u00e8s haute temp\u00e9rature.<\/p>\n\n\n\n<p>Le verre se fait eau, la terre devient\npierre.<\/p>\n\n\n\n<p>Une pierre qui \u00e9voque le tr\u00e9sor le\nplus pr\u00e9cieux&nbsp;: l&rsquo;eau de la plan\u00e8te bleue<\/p>\n\n\n\n<p>Une histoire de tr\u00e9sor, de fouilles\narch\u00e9ologiques, des c\u00e9ramiques qui d\u00e9fient le temps, arrach\u00e9es au\nprofondeur de l&rsquo;oc\u00e9an o\u00f9 se sont fix\u00e9s des coraux, du sable&#8230;\nl&rsquo;eau coule encore&#8230;pour combien de temps&nbsp;?<\/p>\n\n\n\n<p>Ces sculptures \u00e9voquent notre prise de\nconscience par rapport \u00e0 l&rsquo;\u00e9cologie et \u00e0 la sauvegarde des\nesp\u00e8ces.<\/p>\n","protected":false},"excerpt":{"rendered":"<p>Sous l&rsquo;eau, une sculpture vivante Premier prototype L&rsquo;association CIKAL ( en indon\u00e9sien, cikal signifie: amour de la nature) et le club de plong\u00e9e Anemon de l&rsquo;Universit\u00e9 de Lampung, en Indon\u00e9sie, ont pour mission de pr\u00e9server l&rsquo;\u00e9cosyst\u00e8me sous-marin en bouturant du corail pour repeupler les zones qui ont \u00e9t\u00e9 ab\u00eem\u00e9es par l&rsquo;homme. Felex Dwi Agung Widodo &hellip; <\/p>\n<p class=\"link-more\"><a href=\"https:\/\/ecerfvelee.com\/site\/sous-leau-une-sculpture-vivante\/\" class=\"more-link\">Continuer la lecture<span class=\"screen-reader-text\"> de &laquo;&nbsp;Sous l&rsquo;eau, une sculpture vivante&nbsp;&raquo;<\/span><\/a><\/p>\n","protected":false},"author":1,"featured_media":0,"parent":0,"menu_order":0,"comment_status":"closed","ping_status":"closed","template":"","meta":{"footnotes":""},"class_list":["post-357","page","type-page","status-publish","hentry"],"aioseo_notices":[],"_links":{"self":[{"href":"https:\/\/ecerfvelee.com\/site\/wp-json\/wp\/v2\/pages\/357","targetHints":{"allow":["GET"]}}],"collection":[{"href":"https:\/\/ecerfvelee.com\/site\/wp-json\/wp\/v2\/pages"}],"about":[{"href":"https:\/\/ecerfvelee.com\/site\/wp-json\/wp\/v2\/types\/page"}],"author":[{"embeddable":true,"href":"https:\/\/ecerfvelee.com\/site\/wp-json\/wp\/v2\/users\/1"}],"replies":[{"embeddable":true,"href":"https:\/\/ecerfvelee.com\/site\/wp-json\/wp\/v2\/comments?post=357"}],"version-history":[{"count":23,"href":"https:\/\/ecerfvelee.com\/site\/wp-json\/wp\/v2\/pages\/357\/revisions"}],"predecessor-version":[{"id":2417,"href":"https:\/\/ecerfvelee.com\/site\/wp-json\/wp\/v2\/pages\/357\/revisions\/2417"}],"wp:attachment":[{"href":"https:\/\/ecerfvelee.com\/site\/wp-json\/wp\/v2\/media?parent=357"}],"curies":[{"name":"wp","href":"https:\/\/api.w.org\/{rel}","templated":true}]}}