{"id":3583,"date":"2024-01-29T10:10:53","date_gmt":"2024-01-29T09:10:53","guid":{"rendered":"https:\/\/ecerfvelee.com\/site\/?page_id=3583"},"modified":"2024-11-06T21:06:35","modified_gmt":"2024-11-06T20:06:35","slug":"exemples-de-commandes","status":"publish","type":"page","link":"https:\/\/ecerfvelee.com\/site\/exemples-de-commandes\/","title":{"rendered":"COMMANDES"},"content":{"rendered":"\n<p><br>Marina Zindy, une artiste plasticienne, offre ses services pour cr\u00e9er des \u0153uvres sur mesure qui r\u00e9pondent \u00e0 divers besoins. Que vous recherchiez des sculptures, des peintures, des troph\u00e9es ou m\u00eame des \u00e9l\u00e9ments en argile pour agr\u00e9menter votre jardin d&rsquo;entreprise, elle est pr\u00eate \u00e0 relever le d\u00e9fi avec son talent et sa cr\u00e9ativit\u00e9.<\/p>\n\n\n\n<p>Les possibilit\u00e9s sont infinies. N&rsquo;h\u00e9sitez pas \u00e0 la contacter afin de discuter de vos id\u00e9es et de collaborer \u00e0 la conception d&rsquo;un projet unique qui correspondra parfaitement \u00e0 vos besoins et \u00e0 vos attentes.<\/p>\n\n\n\n<p>Voici quelques exemples de commandes d\u00e9j\u00e0 r\u00e9alis\u00e9es :<\/p>\n\n\n\n<div class=\"wp-block-columns is-layout-flex wp-container-core-columns-is-layout-9d6595d7 wp-block-columns-is-layout-flex\">\n<div class=\"wp-block-column is-layout-flow wp-block-column-is-layout-flow\">\n<figure class=\"wp-block-image size-large\"><a href=\"https:\/\/ecerfvelee.com\/site\/sculptures\/\"><img loading=\"lazy\" decoding=\"async\" width=\"682\" height=\"1024\" src=\"https:\/\/ecerfvelee.com\/site\/wp-content\/uploads\/2024\/01\/4-ec-682x1024.jpg\" alt=\"\u00e9cureuil en argile\" class=\"wp-image-3539\" srcset=\"https:\/\/ecerfvelee.com\/site\/wp-content\/uploads\/2024\/01\/4-ec-682x1024.jpg 682w, https:\/\/ecerfvelee.com\/site\/wp-content\/uploads\/2024\/01\/4-ec-200x300.jpg 200w, https:\/\/ecerfvelee.com\/site\/wp-content\/uploads\/2024\/01\/4-ec-768x1153.jpg 768w, https:\/\/ecerfvelee.com\/site\/wp-content\/uploads\/2024\/01\/4-ec.jpg 850w\" sizes=\"auto, (max-width: 682px) 100vw, 682px\" \/><\/a><figcaption class=\"wp-element-caption\"><a href=\"https:\/\/ecerfvelee.com\/site\/sculptures\/\" title=\"\">Sculptures pour la ville de Guebwiller<\/a><\/figcaption><\/figure>\n<\/div>\n\n\n\n<div class=\"wp-block-column is-layout-flow wp-block-column-is-layout-flow\">\n<figure class=\"wp-block-image size-large\"><a href=\"https:\/\/ecerfvelee.com\/site\/my-lover-histoire-dune-rencontre\/\"><img loading=\"lazy\" decoding=\"async\" width=\"1024\" height=\"844\" src=\"https:\/\/ecerfvelee.com\/site\/wp-content\/uploads\/2023\/02\/20221021_214301-1024x844.jpg\" alt=\"tableau art crapaud rose contemporain commande\" class=\"wp-image-3211\" srcset=\"https:\/\/ecerfvelee.com\/site\/wp-content\/uploads\/2023\/02\/20221021_214301-1024x844.jpg 1024w, https:\/\/ecerfvelee.com\/site\/wp-content\/uploads\/2023\/02\/20221021_214301-300x247.jpg 300w, https:\/\/ecerfvelee.com\/site\/wp-content\/uploads\/2023\/02\/20221021_214301-768x633.jpg 768w, https:\/\/ecerfvelee.com\/site\/wp-content\/uploads\/2023\/02\/20221021_214301-1536x1265.jpg 1536w, https:\/\/ecerfvelee.com\/site\/wp-content\/uploads\/2023\/02\/20221021_214301-1320x1087.jpg 1320w, https:\/\/ecerfvelee.com\/site\/wp-content\/uploads\/2023\/02\/20221021_214301-350x288.jpg 350w, https:\/\/ecerfvelee.com\/site\/wp-content\/uploads\/2023\/02\/20221021_214301.jpg 1844w\" sizes=\"auto, (max-width: 767px) 89vw, (max-width: 1000px) 54vw, (max-width: 1071px) 543px, 580px\" \/><\/a><figcaption class=\"wp-element-caption\"><a href=\"https:\/\/ecerfvelee.com\/site\/my-lover-histoire-dune-rencontre\/\" title=\"\">Peinture pour l&rsquo;artoth\u00e8que de Montb\u00e9liard<\/a><\/figcaption><\/figure>\n<\/div>\n<\/div>\n\n\n\n<div class=\"wp-block-columns is-layout-flex wp-container-core-columns-is-layout-9d6595d7 wp-block-columns-is-layout-flex\">\n<div class=\"wp-block-column is-layout-flow wp-block-column-is-layout-flow\">\n<figure class=\"wp-block-image size-full\"><a href=\"https:\/\/ecerfvelee.com\/site\/detourner-les-materiaux-de-lentreprise\/\"><img loading=\"lazy\" decoding=\"async\" width=\"407\" height=\"702\" src=\"https:\/\/ecerfvelee.com\/site\/wp-content\/uploads\/2024\/01\/oeuvre.jpg\" alt=\"sculpture pour une entreprise\" class=\"wp-image-3563\" srcset=\"https:\/\/ecerfvelee.com\/site\/wp-content\/uploads\/2024\/01\/oeuvre.jpg 407w, https:\/\/ecerfvelee.com\/site\/wp-content\/uploads\/2024\/01\/oeuvre-174x300.jpg 174w\" sizes=\"auto, (max-width: 407px) 100vw, 407px\" \/><\/a><figcaption class=\"wp-element-caption\"><a href=\"https:\/\/ecerfvelee.com\/site\/detourner-les-materiaux-de-lentreprise\/\">Sculpture pour l&rsquo;entreprise SES-Sterling<\/a><\/figcaption><\/figure>\n<\/div>\n\n\n\n<div class=\"wp-block-column is-layout-flow wp-block-column-is-layout-flow\">\n<figure class=\"wp-block-image size-large\"><img loading=\"lazy\" decoding=\"async\" width=\"1024\" height=\"688\" src=\"https:\/\/ecerfvelee.com\/site\/wp-content\/uploads\/2024\/02\/20240122_130914-1024x688.jpg\" alt=\"\" class=\"wp-image-3878\" srcset=\"https:\/\/ecerfvelee.com\/site\/wp-content\/uploads\/2024\/02\/20240122_130914-1024x688.jpg 1024w, https:\/\/ecerfvelee.com\/site\/wp-content\/uploads\/2024\/02\/20240122_130914-300x201.jpg 300w, https:\/\/ecerfvelee.com\/site\/wp-content\/uploads\/2024\/02\/20240122_130914-768x516.jpg 768w, https:\/\/ecerfvelee.com\/site\/wp-content\/uploads\/2024\/02\/20240122_130914-1536x1032.jpg 1536w, https:\/\/ecerfvelee.com\/site\/wp-content\/uploads\/2024\/02\/20240122_130914-1320x887.jpg 1320w, https:\/\/ecerfvelee.com\/site\/wp-content\/uploads\/2024\/02\/20240122_130914.jpg 2007w\" sizes=\"auto, (max-width: 767px) 89vw, (max-width: 1000px) 54vw, (max-width: 1071px) 543px, 580px\" \/><figcaption class=\"wp-element-caption\">Sculpture pour l&rsquo;entreprise Lauwplast<\/figcaption><\/figure>\n<\/div>\n<\/div>\n\n\n\n<div class=\"wp-block-columns is-layout-flex wp-container-core-columns-is-layout-9d6595d7 wp-block-columns-is-layout-flex\">\n<div class=\"wp-block-column is-layout-flow wp-block-column-is-layout-flow\"><\/div>\n\n\n\n<div class=\"wp-block-column is-layout-flow wp-block-column-is-layout-flow\"><\/div>\n<\/div>\n","protected":false},"excerpt":{"rendered":"<p>Marina Zindy, une artiste plasticienne, offre ses services pour cr\u00e9er des \u0153uvres sur mesure qui r\u00e9pondent \u00e0 divers besoins. Que vous recherchiez des sculptures, des peintures, des troph\u00e9es ou m\u00eame des \u00e9l\u00e9ments en argile pour agr\u00e9menter votre jardin d&rsquo;entreprise, elle est pr\u00eate \u00e0 relever le d\u00e9fi avec son talent et sa cr\u00e9ativit\u00e9. Les possibilit\u00e9s sont &hellip; <\/p>\n<p class=\"link-more\"><a href=\"https:\/\/ecerfvelee.com\/site\/exemples-de-commandes\/\" class=\"more-link\">Continuer la lecture<span class=\"screen-reader-text\"> de &laquo;&nbsp;COMMANDES&nbsp;&raquo;<\/span><\/a><\/p>\n","protected":false},"author":1,"featured_media":0,"parent":0,"menu_order":0,"comment_status":"closed","ping_status":"closed","template":"","meta":{"footnotes":""},"class_list":["post-3583","page","type-page","status-publish","hentry"],"aioseo_notices":[],"_links":{"self":[{"href":"https:\/\/ecerfvelee.com\/site\/wp-json\/wp\/v2\/pages\/3583","targetHints":{"allow":["GET"]}}],"collection":[{"href":"https:\/\/ecerfvelee.com\/site\/wp-json\/wp\/v2\/pages"}],"about":[{"href":"https:\/\/ecerfvelee.com\/site\/wp-json\/wp\/v2\/types\/page"}],"author":[{"embeddable":true,"href":"https:\/\/ecerfvelee.com\/site\/wp-json\/wp\/v2\/users\/1"}],"replies":[{"embeddable":true,"href":"https:\/\/ecerfvelee.com\/site\/wp-json\/wp\/v2\/comments?post=3583"}],"version-history":[{"count":12,"href":"https:\/\/ecerfvelee.com\/site\/wp-json\/wp\/v2\/pages\/3583\/revisions"}],"predecessor-version":[{"id":4145,"href":"https:\/\/ecerfvelee.com\/site\/wp-json\/wp\/v2\/pages\/3583\/revisions\/4145"}],"wp:attachment":[{"href":"https:\/\/ecerfvelee.com\/site\/wp-json\/wp\/v2\/media?parent=3583"}],"curies":[{"name":"wp","href":"https:\/\/api.w.org\/{rel}","templated":true}]}}