{"id":5,"date":"2018-04-09T10:51:04","date_gmt":"2018-04-09T08:51:04","guid":{"rendered":"http:\/\/ecerfvelee.com\/site\/?page_id=5"},"modified":"2024-09-08T22:47:19","modified_gmt":"2024-09-08T20:47:19","slug":"artist","status":"publish","type":"page","link":"https:\/\/ecerfvelee.com\/site\/artist\/","title":{"rendered":"ARTISTE"},"content":{"rendered":"<h1 class=\"western\"><span style=\"font-family: josefin;\">Marina Zindy Artiste plasticienne et c\u00e9ramiste.<\/span><\/h1>\n<p><iframe loading=\"lazy\" title=\"Secrets d&#039;Atelier #3\" width=\"525\" height=\"295\" src=\"https:\/\/www.youtube.com\/embed\/8uQcm2jw0s4?feature=oembed\" frameborder=\"0\" allow=\"accelerometer; autoplay; clipboard-write; encrypted-media; gyroscope; picture-in-picture; web-share\" referrerpolicy=\"strict-origin-when-cross-origin\" allowfullscreen><\/iframe><\/p>\n<h3 class=\"western\"><span style=\"font-family: josefin;\">L&rsquo;Atelier, l&rsquo;Ecerfvel\u00e9e est situ\u00e9 \u00e0 l&rsquo;or\u00e9e de la for\u00eat en Alsace, France.<\/span><\/h3>\n<p class=\"western\"><span style=\"font-family: josefin;\">L&rsquo; Atelier se nomme l&rsquo;Ecerfvel\u00e9e, clin d&rsquo;oeil au troph\u00e9e de chasse de cette r\u00e9gion foresti\u00e8re. <\/span><\/p>\n<p class=\"western\"><span style=\"font-family: josefin;\">J&rsquo;ai suivi des \u00e9tudes d&rsquo;Arts Plastiques \u00e0 Strasbourg et \u00e0 Paris. <\/span><\/p>\n<p class=\"western\"><span style=\"font-family: josefin;\">Depuis une dizaine d&rsquo;ann\u00e9es, j&rsquo;ai concentr\u00e9 mon \u00e9nergie \u00e0 la r\u00e9alisation de projets artistiques avec des coll\u00e9giens, des artistes, des \u00e9tudiants, des personnes \u00e2g\u00e9es, des jeunes d&rsquo;autres pays&#8230; J&rsquo;aime f\u00e9d\u00e9rer, monter une \u00e9quipe, r\u00e9v\u00e9ler les comp\u00e9tences de chacun pour travailler ensemble autour d&rsquo;un projet commun. <\/span><\/p>\n<p class=\"western\"><span style=\"font-family: josefin;\">Mes id\u00e9es et mon engagement ont \u00e9t\u00e9 r\u00e9compens\u00e9s par le<a href=\"http:\/\/ecerfvelee.com\/site\/prix-de-laudace-artistique\/\"> Prix de l&rsquo;Audace Artistique et Culturelle<\/a>, remport\u00e9 en juin 2018 \u00e0 Matignon, remis par le Premier ministre et par la ministre de la Culture.\u00a0<\/span><\/p>\n<p><span style=\"font-family: josefin;\">J&rsquo;ai cr\u00e9\u00e9 une association nomm\u00e9e \u00ab <a href=\"https:\/\/ecerfvelee.com\/site\/actualites\/\"><em>Bienvenue dans l&rsquo;Atelier<\/em><\/a>\u00a0\u00bb, pour continuer \u00e0 f\u00e9d\u00e9rer et promouvoir l&rsquo;art, la culture et la nature.<\/span><\/p>\n<p class=\"western\"><span style=\"font-family: josefin;\">C&rsquo;est en tant qu&rsquo;artiste plasticienne que je d\u00e9veloppe de nouveaux projets. Les<a href=\"https:\/\/ecerfvelee.com\/site\/une-bouteille-a-la-mer\/\"> sculptures sous-marines<\/a> font partie de cette volont\u00e9 de m&rsquo;ouvrir vers de nouveaux horizons.<\/span><\/p>\n<p class=\"western\"><span style=\"font-family: josefin;\">C&rsquo;est la c\u00e9ramique qui retient mon attention depuis plusieurs ann\u00e9es. Je me suis form\u00e9e \u00e0 cette mati\u00e8re exigeante et l&rsquo;exploite comme support p\u00e9renne.<\/span><\/p>\n<p class=\"western\"><span style=\"font-family: josefin;\">La probl\u00e9matique de l&rsquo;espace du dessin et du dessin dans l&rsquo;espace guide mes recherches actuelles.<\/span><\/p>\n<p class=\"western\"><span style=\"font-family: josefin;\">Mais je n&rsquo;oublie pas la photographie et la vid\u00e9o.<\/span><\/p>\n<p class=\"western\"><span style=\"font-family: josefin;\">Peu importe le m\u00e9dium choisi, c&rsquo;est toujours le regard que je porte sur le monde qui transpara\u00eet dans mon travail.<\/span><\/p>\n<p><iframe loading=\"lazy\" title=\"Marina Zindy ARTISTE\" width=\"525\" height=\"295\" src=\"https:\/\/www.youtube.com\/embed\/j29v67TGS-w?feature=oembed\" frameborder=\"0\" allow=\"accelerometer; autoplay; clipboard-write; encrypted-media; gyroscope; picture-in-picture; web-share\" referrerpolicy=\"strict-origin-when-cross-origin\" allowfullscreen><\/iframe><\/p>\n\n\n<div class=\"wp-block-media-text is-stacked-on-mobile\"><figure class=\"wp-block-media-text__media\"><\/figure><div class=\"wp-block-media-text__content\">\n<p>\u00a0MARINA_ZINDY_PORTFOLIO<\/p>\n\n\n\n<div data-wp-interactive=\"core\/file\" class=\"wp-block-file\"><object data-wp-bind--hidden=\"!state.hasPdfPreview\" hidden class=\"wp-block-file__embed\" data=\"https:\/\/ecerfvelee.com\/site\/wp-content\/uploads\/2024\/09\/Marina-ZINDY-PORTFOLIO-1.pdf\" type=\"application\/pdf\" style=\"width:100%;height:600px\" aria-label=\"Contenu embarqu\u00e9 Marina-ZINDY-PORTFOLIO-1.\"><\/object><a id=\"wp-block-file--media-8edf3dc4-922c-40f7-8b2e-c7cbe65ab1cd\" href=\"https:\/\/ecerfvelee.com\/site\/wp-content\/uploads\/2024\/09\/Marina-ZINDY-PORTFOLIO-1.pdf\">Marina-ZINDY-PORTFOLIO-1<\/a><a href=\"https:\/\/ecerfvelee.com\/site\/wp-content\/uploads\/2024\/09\/Marina-ZINDY-PORTFOLIO-1.pdf\" class=\"wp-block-file__button wp-element-button\" download aria-describedby=\"wp-block-file--media-8edf3dc4-922c-40f7-8b2e-c7cbe65ab1cd\">T\u00e9l\u00e9charger<\/a><\/div>\n<\/div><\/div>\n","protected":false},"excerpt":{"rendered":"<p>Marina Zindy Artiste plasticienne et c\u00e9ramiste. L&rsquo;Atelier, l&rsquo;Ecerfvel\u00e9e est situ\u00e9 \u00e0 l&rsquo;or\u00e9e de la for\u00eat en Alsace, France. L&rsquo; Atelier se nomme l&rsquo;Ecerfvel\u00e9e, clin d&rsquo;oeil au troph\u00e9e de chasse de cette r\u00e9gion foresti\u00e8re. J&rsquo;ai suivi des \u00e9tudes d&rsquo;Arts Plastiques \u00e0 Strasbourg et \u00e0 Paris. Depuis une dizaine d&rsquo;ann\u00e9es, j&rsquo;ai concentr\u00e9 mon \u00e9nergie \u00e0 la r\u00e9alisation &hellip; <\/p>\n<p class=\"link-more\"><a href=\"https:\/\/ecerfvelee.com\/site\/artist\/\" class=\"more-link\">Continuer la lecture<span class=\"screen-reader-text\"> de &laquo;&nbsp;ARTISTE&nbsp;&raquo;<\/span><\/a><\/p>\n","protected":false},"author":1,"featured_media":0,"parent":0,"menu_order":0,"comment_status":"closed","ping_status":"closed","template":"","meta":{"footnotes":""},"class_list":["post-5","page","type-page","status-publish","hentry"],"aioseo_notices":[],"_links":{"self":[{"href":"https:\/\/ecerfvelee.com\/site\/wp-json\/wp\/v2\/pages\/5","targetHints":{"allow":["GET"]}}],"collection":[{"href":"https:\/\/ecerfvelee.com\/site\/wp-json\/wp\/v2\/pages"}],"about":[{"href":"https:\/\/ecerfvelee.com\/site\/wp-json\/wp\/v2\/types\/page"}],"author":[{"embeddable":true,"href":"https:\/\/ecerfvelee.com\/site\/wp-json\/wp\/v2\/users\/1"}],"replies":[{"embeddable":true,"href":"https:\/\/ecerfvelee.com\/site\/wp-json\/wp\/v2\/comments?post=5"}],"version-history":[{"count":31,"href":"https:\/\/ecerfvelee.com\/site\/wp-json\/wp\/v2\/pages\/5\/revisions"}],"predecessor-version":[{"id":4083,"href":"https:\/\/ecerfvelee.com\/site\/wp-json\/wp\/v2\/pages\/5\/revisions\/4083"}],"wp:attachment":[{"href":"https:\/\/ecerfvelee.com\/site\/wp-json\/wp\/v2\/media?parent=5"}],"curies":[{"name":"wp","href":"https:\/\/api.w.org\/{rel}","templated":true}]}}