{"id":649,"date":"2018-09-12T21:50:44","date_gmt":"2018-09-12T19:50:44","guid":{"rendered":"http:\/\/ecerfvelee.com\/site\/?page_id=649"},"modified":"2024-02-11T14:40:10","modified_gmt":"2024-02-11T13:40:10","slug":"elements","status":"publish","type":"page","link":"https:\/\/ecerfvelee.com\/site\/elements\/","title":{"rendered":"El\u00e9ments"},"content":{"rendered":"<p><span style=\"font-family: josefin;\"><span style=\"color: #000000;\"><span style=\"font-size: large;\"><span style=\"font-family: josefin; color: #000000; font-size: large;\"><b>Les photographies font partie d&rsquo;un ensemble et constituent une histoire que le spectateur <\/b><\/span><span style=\"color: #000000; font-family: josefin; font-size: large;\"><b>interpr\u00e8te<\/b><\/span><span style=\"font-family: josefin; color: #000000; font-size: large;\"><b>\u00a0selon sa propre sensibilit\u00e9.<\/b><\/span><\/span><\/span><\/span><\/p>\n<p><span style=\"font-family: josefin;\"><strong><span style=\"color: #000000;\"><span style=\"font-size: large;\">Le mod\u00e8le repr\u00e9sente trois univers.<\/span><\/span><\/strong><\/span><\/p>\n<h2>EAU<\/h2>\n<p><span style=\"font-family: josefin;\"><strong><span style=\"color: #000000;\"><span style=\"font-size: large;\">La mari\u00e9e d\u00e9\u00e7ue, le prince l&rsquo;a transform\u00e9e en f\u00e9e du logis. <\/span><\/span><\/strong><\/span><\/p>\n<p><span style=\"font-family: josefin;\"><strong><span style=\"color: #000000;\"><span style=\"font-size: large;\">Elle le m\u00e9tamorphose \u00e0 son tour en grenouille. <\/span><\/span><\/strong><\/span><\/p>\n<p><span style=\"font-family: josefin;\"><strong><span style=\"color: #000000;\"><span style=\"font-size: large;\">C&rsquo;est depuis ce jour que le batracien tente d\u00e9sesp\u00e9r\u00e9ment d&rsquo;\u00eatre embrass\u00e9 pour briser le sortil\u00e8ge. <\/span><\/span><\/strong><\/span><\/p>\n<div id='gallery-1' class='gallery galleryid-649 gallery-columns-3 gallery-size-full'><figure class='gallery-item'>\n\t\t\t<div class='gallery-icon portrait'>\n\t\t\t\t<a href='https:\/\/ecerfvelee.com\/site\/elements\/eau-i\/'><img loading=\"lazy\" decoding=\"async\" width=\"620\" height=\"931\" src=\"https:\/\/ecerfvelee.com\/site\/wp-content\/uploads\/2018\/09\/Eau-I.jpg\" class=\"attachment-full size-full\" alt=\"\" aria-describedby=\"gallery-1-652\" srcset=\"https:\/\/ecerfvelee.com\/site\/wp-content\/uploads\/2018\/09\/Eau-I.jpg 620w, https:\/\/ecerfvelee.com\/site\/wp-content\/uploads\/2018\/09\/Eau-I-350x526.jpg 350w, https:\/\/ecerfvelee.com\/site\/wp-content\/uploads\/2018\/09\/Eau-I-200x300.jpg 200w\" sizes=\"auto, 100vw\" \/><\/a>\n\t\t\t<\/div>\n\t\t\t\t<figcaption class='wp-caption-text gallery-caption' id='gallery-1-652'>\n\t\t\t\tEau I, 120 x 180 cm, forex\n\t\t\t\t<\/figcaption><\/figure><figure class='gallery-item'>\n\t\t\t<div class='gallery-icon landscape'>\n\t\t\t\t<a href='https:\/\/ecerfvelee.com\/site\/elements\/eau-ii\/'><img loading=\"lazy\" decoding=\"async\" width=\"930\" height=\"620\" src=\"https:\/\/ecerfvelee.com\/site\/wp-content\/uploads\/2018\/09\/Eau-II.jpg\" class=\"attachment-full size-full\" alt=\"\" aria-describedby=\"gallery-1-653\" srcset=\"https:\/\/ecerfvelee.com\/site\/wp-content\/uploads\/2018\/09\/Eau-II.jpg 930w, https:\/\/ecerfvelee.com\/site\/wp-content\/uploads\/2018\/09\/Eau-II-350x233.jpg 350w, https:\/\/ecerfvelee.com\/site\/wp-content\/uploads\/2018\/09\/Eau-II-300x200.jpg 300w, https:\/\/ecerfvelee.com\/site\/wp-content\/uploads\/2018\/09\/Eau-II-768x512.jpg 768w\" sizes=\"auto, 100vw\" \/><\/a>\n\t\t\t<\/div>\n\t\t\t\t<figcaption class='wp-caption-text gallery-caption' id='gallery-1-653'>\n\t\t\t\tEau II, 120 x 180 cm, forex\n\t\t\t\t<\/figcaption><\/figure><figure class='gallery-item'>\n\t\t\t<div class='gallery-icon landscape'>\n\t\t\t\t<a href='https:\/\/ecerfvelee.com\/site\/elements\/eau-iii\/'><img loading=\"lazy\" decoding=\"async\" width=\"930\" height=\"620\" src=\"https:\/\/ecerfvelee.com\/site\/wp-content\/uploads\/2018\/09\/Eau-III.jpg\" class=\"attachment-full size-full\" alt=\"n\u00e9nuphars gants grenouille rivi\u00e8re\" aria-describedby=\"gallery-1-654\" srcset=\"https:\/\/ecerfvelee.com\/site\/wp-content\/uploads\/2018\/09\/Eau-III.jpg 930w, https:\/\/ecerfvelee.com\/site\/wp-content\/uploads\/2018\/09\/Eau-III-350x233.jpg 350w, https:\/\/ecerfvelee.com\/site\/wp-content\/uploads\/2018\/09\/Eau-III-300x200.jpg 300w, https:\/\/ecerfvelee.com\/site\/wp-content\/uploads\/2018\/09\/Eau-III-768x512.jpg 768w\" sizes=\"auto, 100vw\" \/><\/a>\n\t\t\t<\/div>\n\t\t\t\t<figcaption class='wp-caption-text gallery-caption' id='gallery-1-654'>\n\t\t\t\tEau III, 120 x 180 cm, forex\n\t\t\t\t<\/figcaption><\/figure>\n\t\t<\/div>\n\n<div id='gallery-2' class='gallery galleryid-649 gallery-columns-3 gallery-size-full'><figure class='gallery-item'>\n\t\t\t<div class='gallery-icon portrait'>\n\t\t\t\t<a href='https:\/\/ecerfvelee.com\/site\/elements\/feu-i\/'><img loading=\"lazy\" decoding=\"async\" width=\"620\" height=\"930\" src=\"https:\/\/ecerfvelee.com\/site\/wp-content\/uploads\/2018\/09\/feu-I.jpg\" class=\"attachment-full size-full\" alt=\"\" aria-describedby=\"gallery-2-658\" srcset=\"https:\/\/ecerfvelee.com\/site\/wp-content\/uploads\/2018\/09\/feu-I.jpg 620w, https:\/\/ecerfvelee.com\/site\/wp-content\/uploads\/2018\/09\/feu-I-350x525.jpg 350w, https:\/\/ecerfvelee.com\/site\/wp-content\/uploads\/2018\/09\/feu-I-200x300.jpg 200w\" sizes=\"auto, 100vw\" \/><\/a>\n\t\t\t<\/div>\n\t\t\t\t<figcaption class='wp-caption-text gallery-caption' id='gallery-2-658'>\n\t\t\t\tFeu I, 120 x 180 cm, forex\n\t\t\t\t<\/figcaption><\/figure><figure class='gallery-item'>\n\t\t\t<div class='gallery-icon landscape'>\n\t\t\t\t<a href='https:\/\/ecerfvelee.com\/site\/elements\/feu-ii\/'><img loading=\"lazy\" decoding=\"async\" width=\"930\" height=\"620\" src=\"https:\/\/ecerfvelee.com\/site\/wp-content\/uploads\/2018\/09\/Feu-II.jpg\" class=\"attachment-full size-full\" alt=\"\" aria-describedby=\"gallery-2-659\" srcset=\"https:\/\/ecerfvelee.com\/site\/wp-content\/uploads\/2018\/09\/Feu-II.jpg 930w, https:\/\/ecerfvelee.com\/site\/wp-content\/uploads\/2018\/09\/Feu-II-350x233.jpg 350w, https:\/\/ecerfvelee.com\/site\/wp-content\/uploads\/2018\/09\/Feu-II-300x200.jpg 300w, https:\/\/ecerfvelee.com\/site\/wp-content\/uploads\/2018\/09\/Feu-II-768x512.jpg 768w\" sizes=\"auto, 100vw\" \/><\/a>\n\t\t\t<\/div>\n\t\t\t\t<figcaption class='wp-caption-text gallery-caption' id='gallery-2-659'>\n\t\t\t\tEau II, 120 x 180 cm, forex\n\t\t\t\t<\/figcaption><\/figure>\n\t\t<\/div>\n\n<div id='gallery-3' class='gallery galleryid-649 gallery-columns-3 gallery-size-full'><figure class='gallery-item'>\n\t\t\t<div class='gallery-icon portrait'>\n\t\t\t\t<a href='https:\/\/ecerfvelee.com\/site\/elements\/terre-i\/'><img loading=\"lazy\" decoding=\"async\" width=\"620\" height=\"930\" src=\"https:\/\/ecerfvelee.com\/site\/wp-content\/uploads\/2018\/09\/Terre-I.jpg\" class=\"attachment-full size-full\" alt=\"\" aria-describedby=\"gallery-3-660\" srcset=\"https:\/\/ecerfvelee.com\/site\/wp-content\/uploads\/2018\/09\/Terre-I.jpg 620w, https:\/\/ecerfvelee.com\/site\/wp-content\/uploads\/2018\/09\/Terre-I-350x525.jpg 350w, https:\/\/ecerfvelee.com\/site\/wp-content\/uploads\/2018\/09\/Terre-I-200x300.jpg 200w\" sizes=\"auto, 100vw\" \/><\/a>\n\t\t\t<\/div>\n\t\t\t\t<figcaption class='wp-caption-text gallery-caption' id='gallery-3-660'>\n\t\t\t\tTerre I, 120 x 180 cm, forex\n\t\t\t\t<\/figcaption><\/figure><figure class='gallery-item'>\n\t\t\t<div class='gallery-icon landscape'>\n\t\t\t\t<a href='https:\/\/ecerfvelee.com\/site\/elements\/terre-ii\/'><img loading=\"lazy\" decoding=\"async\" width=\"930\" height=\"620\" src=\"https:\/\/ecerfvelee.com\/site\/wp-content\/uploads\/2018\/09\/Terre-II.jpg\" class=\"attachment-full size-full\" alt=\"\" aria-describedby=\"gallery-3-657\" srcset=\"https:\/\/ecerfvelee.com\/site\/wp-content\/uploads\/2018\/09\/Terre-II.jpg 930w, https:\/\/ecerfvelee.com\/site\/wp-content\/uploads\/2018\/09\/Terre-II-350x233.jpg 350w, https:\/\/ecerfvelee.com\/site\/wp-content\/uploads\/2018\/09\/Terre-II-300x200.jpg 300w, https:\/\/ecerfvelee.com\/site\/wp-content\/uploads\/2018\/09\/Terre-II-768x512.jpg 768w\" sizes=\"auto, 100vw\" \/><\/a>\n\t\t\t<\/div>\n\t\t\t\t<figcaption class='wp-caption-text gallery-caption' id='gallery-3-657'>\n\t\t\t\tTerre II, 120 x 180 cm, forex\n\t\t\t\t<\/figcaption><\/figure>\n\t\t<\/div>\n\n<h2>FEU<\/h2>\n<p><span style=\"font-family: josefin;\"><strong><span style=\"color: #000000;\"><span style=\"font-size: large;\">La princesse solaire, va-t-elle trouver chaussure \u00e0 son pied ?<\/span><\/span><\/strong><\/span><\/p>\n<p><span style=\"font-family: josefin;\"><strong><span style=\"color: #000000;\"><span style=\"font-size: large;\">Sur sa balan\u00e7oire, elle est \u00e9clatante, rayonnante, au fa\u00eete de sa gloire et de sa beaut\u00e9.<\/span><\/span><\/strong><\/span><\/p>\n<p><span style=\"font-family: josefin;\"><strong><span style=\"color: #000000;\"><span style=\"font-size: large;\">L&rsquo;\u00e9quilibre est cependant pr\u00e9caire. <\/span><\/span><\/strong><\/span><\/p>\n<p><span style=\"font-family: josefin;\"><strong><span style=\"color: #000000;\"><span style=\"font-size: large;\">La seconde photographie la montre \u00e0 terre. <\/span><\/span><\/strong><\/span><\/p>\n<p><span style=\"font-family: josefin;\"><strong><span style=\"color: #000000;\"><span style=\"font-size: large;\">A-t-elle \u00e9t\u00e9 renvers\u00e9e, d\u00e9tr\u00f4n\u00e9e ? S&rsquo;est-elle simplement endormie\u00a0? <\/span><\/span><\/strong><\/span><\/p>\n<h2>TERRE<\/h2>\n<p><span style=\"font-family: josefin;\"><strong><span style=\"color: #000000;\"><span style=\"font-size: large;\">La naissance du monde. Une sph\u00e8re bleue, notre plan\u00e8te. <\/span><\/span><\/strong><\/span><\/p>\n<p><span style=\"font-family: josefin;\"><strong><span style=\"color: #000000;\"><span style=\"font-size: large;\">Un \u00e9cosyst\u00e8me fragile qu&rsquo;il faut prot\u00e9ger. <\/span><\/span><\/strong><\/span><\/p>\n<p><span style=\"font-family: josefin;\"><strong><span style=\"color: #000000;\"><span style=\"font-size: large;\">Une sph\u00e8re r\u00e9alis\u00e9e en argile sigill\u00e9e par <a href=\"http:\/\/www.firoben-ceramique.fr\/\">Lauriane Firoben.<\/a><\/span><\/span><\/strong><\/span><\/p>\n<p><span style=\"font-family: josefin;\"><strong><span style=\"color: #000000;\"><span style=\"font-size: large;\">Le mod\u00e8le, Lisa Scheibel, la tient contre elle et la fait sortir de l&rsquo;obscurit\u00e9 de la grotte du Hohlenstein.<\/span><\/span><\/strong><\/span><\/p>\n","protected":false},"excerpt":{"rendered":"<p>Les photographies font partie d&rsquo;un ensemble et constituent une histoire que le spectateur interpr\u00e8te\u00a0selon sa propre sensibilit\u00e9. Le mod\u00e8le repr\u00e9sente trois univers. EAU La mari\u00e9e d\u00e9\u00e7ue, le prince l&rsquo;a transform\u00e9e en f\u00e9e du logis. Elle le m\u00e9tamorphose \u00e0 son tour en grenouille. C&rsquo;est depuis ce jour que le batracien tente d\u00e9sesp\u00e9r\u00e9ment d&rsquo;\u00eatre embrass\u00e9 pour briser &hellip; <\/p>\n<p class=\"link-more\"><a href=\"https:\/\/ecerfvelee.com\/site\/elements\/\" class=\"more-link\">Continuer la lecture<span class=\"screen-reader-text\"> de &laquo;&nbsp;El\u00e9ments&nbsp;&raquo;<\/span><\/a><\/p>\n","protected":false},"author":1,"featured_media":654,"parent":0,"menu_order":0,"comment_status":"closed","ping_status":"closed","template":"","meta":{"footnotes":""},"class_list":["post-649","page","type-page","status-publish","has-post-thumbnail","hentry"],"aioseo_notices":[],"_links":{"self":[{"href":"https:\/\/ecerfvelee.com\/site\/wp-json\/wp\/v2\/pages\/649","targetHints":{"allow":["GET"]}}],"collection":[{"href":"https:\/\/ecerfvelee.com\/site\/wp-json\/wp\/v2\/pages"}],"about":[{"href":"https:\/\/ecerfvelee.com\/site\/wp-json\/wp\/v2\/types\/page"}],"author":[{"embeddable":true,"href":"https:\/\/ecerfvelee.com\/site\/wp-json\/wp\/v2\/users\/1"}],"replies":[{"embeddable":true,"href":"https:\/\/ecerfvelee.com\/site\/wp-json\/wp\/v2\/comments?post=649"}],"version-history":[{"count":11,"href":"https:\/\/ecerfvelee.com\/site\/wp-json\/wp\/v2\/pages\/649\/revisions"}],"predecessor-version":[{"id":3818,"href":"https:\/\/ecerfvelee.com\/site\/wp-json\/wp\/v2\/pages\/649\/revisions\/3818"}],"wp:featuredmedia":[{"embeddable":true,"href":"https:\/\/ecerfvelee.com\/site\/wp-json\/wp\/v2\/media\/654"}],"wp:attachment":[{"href":"https:\/\/ecerfvelee.com\/site\/wp-json\/wp\/v2\/media?parent=649"}],"curies":[{"name":"wp","href":"https:\/\/api.w.org\/{rel}","templated":true}]}}