{"id":66,"date":"2018-05-18T16:50:57","date_gmt":"2018-05-18T14:50:57","guid":{"rendered":"http:\/\/ecerfvelee.com\/site\/?page_id=66"},"modified":"2018-11-21T08:34:04","modified_gmt":"2018-11-21T07:34:04","slug":"draw","status":"publish","type":"page","link":"https:\/\/ecerfvelee.com\/site\/draw\/","title":{"rendered":"Drawing"},"content":{"rendered":"<h1><span style=\"font-family: josefin;\"><strong>S\u00e9rie de dessins utilis\u00e9s pour la r\u00e9alisation de futures\u00a0 sculptures en c\u00e9ramique.<\/strong><\/span><\/h1>\n<div id='gallery-1' class='gallery galleryid-66 gallery-columns-3 gallery-size-large'><figure class='gallery-item'>\n\t\t\t<div class='gallery-icon portrait'>\n\t\t\t\t<a href='https:\/\/ecerfvelee.com\/site\/img_20180412_110001\/'><img loading=\"lazy\" decoding=\"async\" width=\"525\" height=\"700\" src=\"https:\/\/ecerfvelee.com\/site\/wp-content\/uploads\/2018\/06\/IMG_20180412_110001-e1530221314294-768x1024.jpg\" class=\"attachment-large size-large\" alt=\"\" srcset=\"https:\/\/ecerfvelee.com\/site\/wp-content\/uploads\/2018\/06\/IMG_20180412_110001-e1530221314294-768x1024.jpg 768w, https:\/\/ecerfvelee.com\/site\/wp-content\/uploads\/2018\/06\/IMG_20180412_110001-e1530221314294-350x467.jpg 350w, https:\/\/ecerfvelee.com\/site\/wp-content\/uploads\/2018\/06\/IMG_20180412_110001-e1530221314294-225x300.jpg 225w\" sizes=\"auto, 100vw\" \/><\/a>\n\t\t\t<\/div><\/figure><figure class='gallery-item'>\n\t\t\t<div class='gallery-icon portrait'>\n\t\t\t\t<a href='https:\/\/ecerfvelee.com\/site\/img_20180410_093348\/'><img loading=\"lazy\" decoding=\"async\" width=\"525\" height=\"700\" src=\"https:\/\/ecerfvelee.com\/site\/wp-content\/uploads\/2018\/06\/IMG_20180410_093348-768x1024.jpg\" class=\"attachment-large size-large\" alt=\"\" srcset=\"https:\/\/ecerfvelee.com\/site\/wp-content\/uploads\/2018\/06\/IMG_20180410_093348-768x1024.jpg 768w, https:\/\/ecerfvelee.com\/site\/wp-content\/uploads\/2018\/06\/IMG_20180410_093348-350x467.jpg 350w, https:\/\/ecerfvelee.com\/site\/wp-content\/uploads\/2018\/06\/IMG_20180410_093348-225x300.jpg 225w\" sizes=\"auto, 100vw\" \/><\/a>\n\t\t\t<\/div><\/figure><figure class='gallery-item'>\n\t\t\t<div class='gallery-icon portrait'>\n\t\t\t\t<a href='https:\/\/ecerfvelee.com\/site\/img_20180417_113855b\/'><img loading=\"lazy\" decoding=\"async\" width=\"525\" height=\"680\" src=\"https:\/\/ecerfvelee.com\/site\/wp-content\/uploads\/2018\/06\/IMG_20180417_113855b-e1530221425340-791x1024.jpg\" class=\"attachment-large size-large\" alt=\"dessin au stylo bille vert\" srcset=\"https:\/\/ecerfvelee.com\/site\/wp-content\/uploads\/2018\/06\/IMG_20180417_113855b-e1530221425340-791x1024.jpg 791w, https:\/\/ecerfvelee.com\/site\/wp-content\/uploads\/2018\/06\/IMG_20180417_113855b-e1530221425340-350x453.jpg 350w, https:\/\/ecerfvelee.com\/site\/wp-content\/uploads\/2018\/06\/IMG_20180417_113855b-e1530221425340-232x300.jpg 232w, https:\/\/ecerfvelee.com\/site\/wp-content\/uploads\/2018\/06\/IMG_20180417_113855b-e1530221425340-768x995.jpg 768w\" sizes=\"auto, 100vw\" \/><\/a>\n\t\t\t<\/div><\/figure>\n\t\t<\/div>\n\n<h1><span style=\"font-family: josefin;\"><strong>S\u00e9rie de dessins qui tiennent dans le creux de nos mains.<\/strong><\/span><\/h1>\n<p><span style=\"font-family: josefin;\">Dans quel sens va tourner le vent ?<\/span><\/p>\n<div id='gallery-2' class='gallery galleryid-66 gallery-columns-2 gallery-size-large'><figure class='gallery-item'>\n\t\t\t<div class='gallery-icon landscape'>\n\t\t\t\t<a href='https:\/\/ecerfvelee.com\/site\/draw\/crocus\/'><img loading=\"lazy\" decoding=\"async\" width=\"525\" height=\"375\" src=\"https:\/\/ecerfvelee.com\/site\/wp-content\/uploads\/2018\/09\/crocus-1024x731.jpg\" class=\"attachment-large size-large\" alt=\"\" srcset=\"https:\/\/ecerfvelee.com\/site\/wp-content\/uploads\/2018\/09\/crocus-1024x731.jpg 1024w, https:\/\/ecerfvelee.com\/site\/wp-content\/uploads\/2018\/09\/crocus-350x250.jpg 350w, https:\/\/ecerfvelee.com\/site\/wp-content\/uploads\/2018\/09\/crocus-300x214.jpg 300w, https:\/\/ecerfvelee.com\/site\/wp-content\/uploads\/2018\/09\/crocus-768x549.jpg 768w, https:\/\/ecerfvelee.com\/site\/wp-content\/uploads\/2018\/09\/crocus.jpg 1134w\" sizes=\"auto, 100vw\" \/><\/a>\n\t\t\t<\/div><\/figure><figure class='gallery-item'>\n\t\t\t<div class='gallery-icon landscape'>\n\t\t\t\t<a href='https:\/\/ecerfvelee.com\/site\/draw\/crocus2\/'><img loading=\"lazy\" decoding=\"async\" width=\"525\" height=\"375\" src=\"https:\/\/ecerfvelee.com\/site\/wp-content\/uploads\/2018\/09\/crocus2-1024x731.jpg\" class=\"attachment-large size-large\" alt=\"\" srcset=\"https:\/\/ecerfvelee.com\/site\/wp-content\/uploads\/2018\/09\/crocus2-1024x731.jpg 1024w, https:\/\/ecerfvelee.com\/site\/wp-content\/uploads\/2018\/09\/crocus2-350x250.jpg 350w, https:\/\/ecerfvelee.com\/site\/wp-content\/uploads\/2018\/09\/crocus2-300x214.jpg 300w, https:\/\/ecerfvelee.com\/site\/wp-content\/uploads\/2018\/09\/crocus2-768x549.jpg 768w, https:\/\/ecerfvelee.com\/site\/wp-content\/uploads\/2018\/09\/crocus2.jpg 1134w\" sizes=\"auto, 100vw\" \/><\/a>\n\t\t\t<\/div><\/figure><figure class='gallery-item'>\n\t\t\t<div class='gallery-icon portrait'>\n\t\t\t\t<a href='https:\/\/ecerfvelee.com\/site\/draw\/crocus4\/'><img loading=\"lazy\" decoding=\"async\" width=\"525\" height=\"734\" src=\"https:\/\/ecerfvelee.com\/site\/wp-content\/uploads\/2018\/09\/crocus4-732x1024.jpg\" class=\"attachment-large size-large\" alt=\"\" srcset=\"https:\/\/ecerfvelee.com\/site\/wp-content\/uploads\/2018\/09\/crocus4-732x1024.jpg 732w, https:\/\/ecerfvelee.com\/site\/wp-content\/uploads\/2018\/09\/crocus4-350x490.jpg 350w, https:\/\/ecerfvelee.com\/site\/wp-content\/uploads\/2018\/09\/crocus4-215x300.jpg 215w, https:\/\/ecerfvelee.com\/site\/wp-content\/uploads\/2018\/09\/crocus4-768x1074.jpg 768w, https:\/\/ecerfvelee.com\/site\/wp-content\/uploads\/2018\/09\/crocus4.jpg 1134w\" sizes=\"auto, 100vw\" \/><\/a>\n\t\t\t<\/div><\/figure><figure class='gallery-item'>\n\t\t\t<div class='gallery-icon portrait'>\n\t\t\t\t<a href='https:\/\/ecerfvelee.com\/site\/draw\/crocus5\/'><img loading=\"lazy\" decoding=\"async\" width=\"525\" height=\"734\" src=\"https:\/\/ecerfvelee.com\/site\/wp-content\/uploads\/2018\/09\/crocus5-732x1024.jpg\" class=\"attachment-large size-large\" alt=\"\" srcset=\"https:\/\/ecerfvelee.com\/site\/wp-content\/uploads\/2018\/09\/crocus5-732x1024.jpg 732w, https:\/\/ecerfvelee.com\/site\/wp-content\/uploads\/2018\/09\/crocus5-350x490.jpg 350w, https:\/\/ecerfvelee.com\/site\/wp-content\/uploads\/2018\/09\/crocus5-215x300.jpg 215w, https:\/\/ecerfvelee.com\/site\/wp-content\/uploads\/2018\/09\/crocus5-768x1074.jpg 768w, https:\/\/ecerfvelee.com\/site\/wp-content\/uploads\/2018\/09\/crocus5.jpg 1134w\" sizes=\"auto, 100vw\" \/><\/a>\n\t\t\t<\/div><\/figure>\n\t\t<\/div>\n\n<p><span style=\"font-family: josefin;\"><img loading=\"lazy\" decoding=\"async\" class=\"aligncenter wp-image-740 size-large\" src=\"http:\/\/ecerfvelee.com\/site\/wp-content\/uploads\/2018\/09\/crocus3-1024x731.jpg\" alt=\"\" width=\"525\" height=\"375\" srcset=\"https:\/\/ecerfvelee.com\/site\/wp-content\/uploads\/2018\/09\/crocus3-1024x731.jpg 1024w, https:\/\/ecerfvelee.com\/site\/wp-content\/uploads\/2018\/09\/crocus3-350x250.jpg 350w, https:\/\/ecerfvelee.com\/site\/wp-content\/uploads\/2018\/09\/crocus3-300x214.jpg 300w, https:\/\/ecerfvelee.com\/site\/wp-content\/uploads\/2018\/09\/crocus3-768x549.jpg 768w, https:\/\/ecerfvelee.com\/site\/wp-content\/uploads\/2018\/09\/crocus3.jpg 1134w\" sizes=\"auto, (max-width: 525px) 100vw, 525px\" \/><\/span><\/p>\n<p><span style=\"font-family: josefin;\"><img loading=\"lazy\" decoding=\"async\" class=\"aligncenter wp-image-746 size-large\" src=\"http:\/\/ecerfvelee.com\/site\/wp-content\/uploads\/2018\/09\/oranger-731x1024.jpg\" alt=\"\" width=\"525\" height=\"735\" srcset=\"https:\/\/ecerfvelee.com\/site\/wp-content\/uploads\/2018\/09\/oranger-731x1024.jpg 731w, https:\/\/ecerfvelee.com\/site\/wp-content\/uploads\/2018\/09\/oranger-350x490.jpg 350w, https:\/\/ecerfvelee.com\/site\/wp-content\/uploads\/2018\/09\/oranger-214x300.jpg 214w, https:\/\/ecerfvelee.com\/site\/wp-content\/uploads\/2018\/09\/oranger-768x1075.jpg 768w, https:\/\/ecerfvelee.com\/site\/wp-content\/uploads\/2018\/09\/oranger.jpg 810w\" sizes=\"auto, (max-width: 525px) 100vw, 525px\" \/><\/span><\/p>\n<div id='gallery-3' class='gallery galleryid-66 gallery-columns-3 gallery-size-large'><figure class='gallery-item'>\n\t\t\t<div class='gallery-icon portrait'>\n\t\t\t\t<a href='https:\/\/ecerfvelee.com\/site\/draw\/blanche2\/'><img loading=\"lazy\" decoding=\"async\" width=\"525\" height=\"735\" src=\"https:\/\/ecerfvelee.com\/site\/wp-content\/uploads\/2018\/09\/blanche2-731x1024.jpg\" class=\"attachment-large size-large\" alt=\"\" srcset=\"https:\/\/ecerfvelee.com\/site\/wp-content\/uploads\/2018\/09\/blanche2-731x1024.jpg 731w, https:\/\/ecerfvelee.com\/site\/wp-content\/uploads\/2018\/09\/blanche2-350x490.jpg 350w, https:\/\/ecerfvelee.com\/site\/wp-content\/uploads\/2018\/09\/blanche2-214x300.jpg 214w, https:\/\/ecerfvelee.com\/site\/wp-content\/uploads\/2018\/09\/blanche2-768x1075.jpg 768w, https:\/\/ecerfvelee.com\/site\/wp-content\/uploads\/2018\/09\/blanche2.jpg 810w\" sizes=\"auto, 100vw\" \/><\/a>\n\t\t\t<\/div><\/figure><figure class='gallery-item'>\n\t\t\t<div class='gallery-icon portrait'>\n\t\t\t\t<a href='https:\/\/ecerfvelee.com\/site\/draw\/blanche\/'><img loading=\"lazy\" decoding=\"async\" width=\"525\" height=\"735\" src=\"https:\/\/ecerfvelee.com\/site\/wp-content\/uploads\/2018\/09\/blanche-731x1024.jpg\" class=\"attachment-large size-large\" alt=\"\" srcset=\"https:\/\/ecerfvelee.com\/site\/wp-content\/uploads\/2018\/09\/blanche-731x1024.jpg 731w, https:\/\/ecerfvelee.com\/site\/wp-content\/uploads\/2018\/09\/blanche-350x490.jpg 350w, https:\/\/ecerfvelee.com\/site\/wp-content\/uploads\/2018\/09\/blanche-214x300.jpg 214w, https:\/\/ecerfvelee.com\/site\/wp-content\/uploads\/2018\/09\/blanche-768x1075.jpg 768w, https:\/\/ecerfvelee.com\/site\/wp-content\/uploads\/2018\/09\/blanche.jpg 810w\" sizes=\"auto, 100vw\" \/><\/a>\n\t\t\t<\/div><\/figure><figure class='gallery-item'>\n\t\t\t<div class='gallery-icon portrait'>\n\t\t\t\t<a href='https:\/\/ecerfvelee.com\/site\/draw\/blanche3\/'><img loading=\"lazy\" decoding=\"async\" width=\"525\" height=\"735\" src=\"https:\/\/ecerfvelee.com\/site\/wp-content\/uploads\/2018\/09\/blanche3-731x1024.jpg\" class=\"attachment-large size-large\" alt=\"\" srcset=\"https:\/\/ecerfvelee.com\/site\/wp-content\/uploads\/2018\/09\/blanche3-731x1024.jpg 731w, https:\/\/ecerfvelee.com\/site\/wp-content\/uploads\/2018\/09\/blanche3-350x490.jpg 350w, https:\/\/ecerfvelee.com\/site\/wp-content\/uploads\/2018\/09\/blanche3-214x300.jpg 214w, https:\/\/ecerfvelee.com\/site\/wp-content\/uploads\/2018\/09\/blanche3-768x1075.jpg 768w, https:\/\/ecerfvelee.com\/site\/wp-content\/uploads\/2018\/09\/blanche3.jpg 810w\" sizes=\"auto, 100vw\" \/><\/a>\n\t\t\t<\/div><\/figure>\n\t\t<\/div>\n\n<p>&nbsp;<\/p>\n","protected":false},"excerpt":{"rendered":"<p>S\u00e9rie de dessins utilis\u00e9s pour la r\u00e9alisation de futures\u00a0 sculptures en c\u00e9ramique. S\u00e9rie de dessins qui tiennent dans le creux de nos mains. Dans quel sens va tourner le vent ? &nbsp;<\/p>\n","protected":false},"author":1,"featured_media":0,"parent":0,"menu_order":0,"comment_status":"closed","ping_status":"closed","template":"","meta":{"footnotes":""},"class_list":["post-66","page","type-page","status-publish","hentry"],"aioseo_notices":[],"_links":{"self":[{"href":"https:\/\/ecerfvelee.com\/site\/wp-json\/wp\/v2\/pages\/66","targetHints":{"allow":["GET"]}}],"collection":[{"href":"https:\/\/ecerfvelee.com\/site\/wp-json\/wp\/v2\/pages"}],"about":[{"href":"https:\/\/ecerfvelee.com\/site\/wp-json\/wp\/v2\/types\/page"}],"author":[{"embeddable":true,"href":"https:\/\/ecerfvelee.com\/site\/wp-json\/wp\/v2\/users\/1"}],"replies":[{"embeddable":true,"href":"https:\/\/ecerfvelee.com\/site\/wp-json\/wp\/v2\/comments?post=66"}],"version-history":[{"count":32,"href":"https:\/\/ecerfvelee.com\/site\/wp-json\/wp\/v2\/pages\/66\/revisions"}],"predecessor-version":[{"id":1150,"href":"https:\/\/ecerfvelee.com\/site\/wp-json\/wp\/v2\/pages\/66\/revisions\/1150"}],"wp:attachment":[{"href":"https:\/\/ecerfvelee.com\/site\/wp-json\/wp\/v2\/media?parent=66"}],"curies":[{"name":"wp","href":"https:\/\/api.w.org\/{rel}","templated":true}]}}