{"id":670,"date":"2018-09-12T22:39:11","date_gmt":"2018-09-12T20:39:11","guid":{"rendered":"http:\/\/ecerfvelee.com\/site\/?page_id=670"},"modified":"2018-11-12T22:38:20","modified_gmt":"2018-11-12T21:38:20","slug":"elements-2","status":"publish","type":"page","link":"https:\/\/ecerfvelee.com\/site\/elements-2\/","title":{"rendered":"\u00c9l\u00e9ments : mode, c\u00e9ramique et art contemporain"},"content":{"rendered":"<p><strong><span style=\"color: #000000;\"><span style=\"font-family: Josefin Sans Light, sans-serif;\"><span style=\"font-size: 300%;\"><b>\u00c9l\u00e9ments<\/b><\/span><\/span><\/span><\/strong><\/p>\n<p><strong><span style=\"color: #000000;\"><span style=\"font-family: Josefin Sans Light, sans-serif;\"><span style=\"font-size: large;\">Trois femmes, Trois univers, Trois \u00e9l\u00e9ments<\/span><\/span><\/span><\/strong><\/p>\n<p><strong><span style=\"color: #000000;\"><span style=\"font-family: Josefin Sans Light, sans-serif;\"><span style=\"font-size: large;\">Lisa Scheibel, Lauriane Firoben, Marina Zindy<\/span><\/span><\/span><\/strong><\/p>\n<p><strong><span style=\"color: #000000;\"><span style=\"font-family: Josefin Sans Light, sans-serif;\"><span style=\"font-size: large;\">La Mode, la C\u00e9ramique et l\u2019Art Contemporain<\/span><\/span><\/span><\/strong><\/p>\n<p><strong><span style=\"color: #000000;\"><span style=\"font-family: Josefin Sans Light, sans-serif;\"><span style=\"font-size: large;\">L\u2019eau, le feu et la terre<\/span><\/span><\/span><\/strong><strong><span style=\"color: #333333;\"><span style=\"font-family: Josefin Sans Light, sans-serif;\"><span style=\"font-size: large;\"><br \/>\n<\/span><\/span><\/span><\/strong><span style=\"color: #333333;\"><span style=\"font-family: Josefin Sans Light, sans-serif;\"><span style=\"font-size: large;\"><br \/>\n<\/span><\/span><\/span><strong><span style=\"color: #000000;\"><span style=\"font-family: Josefin Sans Light, sans-serif;\"><span style=\"font-size: large;\">Marina Zindy, artiste plasticienne et photographe a con\u00e7u les mises en sc\u00e8nes et les photographies de l\u2019exposition.<\/span><\/span><\/span><\/strong><\/p>\n<p><img loading=\"lazy\" decoding=\"async\" class=\"alignleft size-large wp-image-674\" src=\"http:\/\/ecerfvelee.com\/site\/wp-content\/uploads\/2018\/09\/IMG_0205-copy-1024x682.jpg\" alt=\"\" width=\"525\" height=\"350\" srcset=\"https:\/\/ecerfvelee.com\/site\/wp-content\/uploads\/2018\/09\/IMG_0205-copy-1024x682.jpg 1024w, https:\/\/ecerfvelee.com\/site\/wp-content\/uploads\/2018\/09\/IMG_0205-copy-350x233.jpg 350w, https:\/\/ecerfvelee.com\/site\/wp-content\/uploads\/2018\/09\/IMG_0205-copy-300x200.jpg 300w, https:\/\/ecerfvelee.com\/site\/wp-content\/uploads\/2018\/09\/IMG_0205-copy-768x512.jpg 768w, https:\/\/ecerfvelee.com\/site\/wp-content\/uploads\/2018\/09\/IMG_0205-copy.jpg 1772w\" sizes=\"auto, (max-width: 525px) 100vw, 525px\" \/><\/p>\n<p>&nbsp;<\/p>\n<p>&nbsp;<\/p>\n<p>&nbsp;<\/p>\n<p><strong><span style=\"color: #000000;\"><span style=\"font-family: Josefin Sans Light, sans-serif;\"><span style=\"font-size: large;\">Elle propose au spectateur d\u2019entrer dans son univers, univers personnel enrichi par la rencontre avec le mod\u00e8le, Lisa Scheibel et par la pr\u00e9sence des \u0153uvres c\u00e9ramiques de l\u2019artiste Lauriane Firoben, int\u00e9gr\u00e9es dans certaines compositions photographiques.<\/span><\/span><\/span><\/strong><\/p>\n<p>&nbsp;<\/p>\n<p><strong><span style=\"color: #000000;\"><span style=\"font-family: Josefin Sans Light, sans-serif;\"><span style=\"font-size: large;\">Les photographies ont \u00e9t\u00e9 pens\u00e9es pour permettre au spectateur d\u2019entrer dans l\u2019univers onirique de la for\u00eat de Lauw, de plonger dans les eaux de la Doller et de scruter l\u2019obscurit\u00e9\u00a0de la grotte du Hohlenstein.<\/span><\/span><\/span><\/strong><\/p>\n<p>&nbsp;<\/p>\n<div id='gallery-1' class='gallery galleryid-670 gallery-columns-3 gallery-size-large'><figure class='gallery-item'>\n\t\t\t<div class='gallery-icon portrait'>\n\t\t\t\t<a href='https:\/\/ecerfvelee.com\/site\/elements\/eau-i\/'><img loading=\"lazy\" decoding=\"async\" width=\"525\" height=\"788\" src=\"https:\/\/ecerfvelee.com\/site\/wp-content\/uploads\/2018\/09\/Eau-I.jpg\" class=\"attachment-large size-large\" alt=\"\" aria-describedby=\"gallery-1-652\" srcset=\"https:\/\/ecerfvelee.com\/site\/wp-content\/uploads\/2018\/09\/Eau-I.jpg 620w, https:\/\/ecerfvelee.com\/site\/wp-content\/uploads\/2018\/09\/Eau-I-350x526.jpg 350w, https:\/\/ecerfvelee.com\/site\/wp-content\/uploads\/2018\/09\/Eau-I-200x300.jpg 200w\" sizes=\"auto, 100vw\" \/><\/a>\n\t\t\t<\/div>\n\t\t\t\t<figcaption class='wp-caption-text gallery-caption' id='gallery-1-652'>\n\t\t\t\tEau I, 120 x 180 cm, forex\n\t\t\t\t<\/figcaption><\/figure><figure class='gallery-item'>\n\t\t\t<div class='gallery-icon landscape'>\n\t\t\t\t<a href='https:\/\/ecerfvelee.com\/site\/elements\/eau-ii\/'><img loading=\"lazy\" decoding=\"async\" width=\"525\" height=\"350\" src=\"https:\/\/ecerfvelee.com\/site\/wp-content\/uploads\/2018\/09\/Eau-II.jpg\" class=\"attachment-large size-large\" alt=\"\" aria-describedby=\"gallery-1-653\" srcset=\"https:\/\/ecerfvelee.com\/site\/wp-content\/uploads\/2018\/09\/Eau-II.jpg 930w, https:\/\/ecerfvelee.com\/site\/wp-content\/uploads\/2018\/09\/Eau-II-350x233.jpg 350w, https:\/\/ecerfvelee.com\/site\/wp-content\/uploads\/2018\/09\/Eau-II-300x200.jpg 300w, https:\/\/ecerfvelee.com\/site\/wp-content\/uploads\/2018\/09\/Eau-II-768x512.jpg 768w\" sizes=\"auto, 100vw\" \/><\/a>\n\t\t\t<\/div>\n\t\t\t\t<figcaption class='wp-caption-text gallery-caption' id='gallery-1-653'>\n\t\t\t\tEau II, 120 x 180 cm, forex\n\t\t\t\t<\/figcaption><\/figure><figure class='gallery-item'>\n\t\t\t<div class='gallery-icon landscape'>\n\t\t\t\t<a href='https:\/\/ecerfvelee.com\/site\/elements\/eau-iii\/'><img loading=\"lazy\" decoding=\"async\" width=\"525\" height=\"350\" src=\"https:\/\/ecerfvelee.com\/site\/wp-content\/uploads\/2018\/09\/Eau-III.jpg\" class=\"attachment-large size-large\" alt=\"n\u00e9nuphars gants grenouille rivi\u00e8re\" aria-describedby=\"gallery-1-654\" srcset=\"https:\/\/ecerfvelee.com\/site\/wp-content\/uploads\/2018\/09\/Eau-III.jpg 930w, https:\/\/ecerfvelee.com\/site\/wp-content\/uploads\/2018\/09\/Eau-III-350x233.jpg 350w, https:\/\/ecerfvelee.com\/site\/wp-content\/uploads\/2018\/09\/Eau-III-300x200.jpg 300w, https:\/\/ecerfvelee.com\/site\/wp-content\/uploads\/2018\/09\/Eau-III-768x512.jpg 768w\" sizes=\"auto, 100vw\" \/><\/a>\n\t\t\t<\/div>\n\t\t\t\t<figcaption class='wp-caption-text gallery-caption' id='gallery-1-654'>\n\t\t\t\tEau III, 120 x 180 cm, forex\n\t\t\t\t<\/figcaption><\/figure>\n\t\t<\/div>\n\n<div id='gallery-2' class='gallery galleryid-670 gallery-columns-3 gallery-size-large'><figure class='gallery-item'>\n\t\t\t<div class='gallery-icon portrait'>\n\t\t\t\t<a href='https:\/\/ecerfvelee.com\/site\/elements\/feu-i\/'><img loading=\"lazy\" decoding=\"async\" width=\"525\" height=\"788\" src=\"https:\/\/ecerfvelee.com\/site\/wp-content\/uploads\/2018\/09\/feu-I.jpg\" class=\"attachment-large size-large\" alt=\"\" aria-describedby=\"gallery-2-658\" srcset=\"https:\/\/ecerfvelee.com\/site\/wp-content\/uploads\/2018\/09\/feu-I.jpg 620w, https:\/\/ecerfvelee.com\/site\/wp-content\/uploads\/2018\/09\/feu-I-350x525.jpg 350w, https:\/\/ecerfvelee.com\/site\/wp-content\/uploads\/2018\/09\/feu-I-200x300.jpg 200w\" sizes=\"auto, 100vw\" \/><\/a>\n\t\t\t<\/div>\n\t\t\t\t<figcaption class='wp-caption-text gallery-caption' id='gallery-2-658'>\n\t\t\t\tFeu I, 120 x 180 cm, forex\n\t\t\t\t<\/figcaption><\/figure><figure class='gallery-item'>\n\t\t\t<div class='gallery-icon landscape'>\n\t\t\t\t<a href='https:\/\/ecerfvelee.com\/site\/elements\/feu-ii\/'><img loading=\"lazy\" decoding=\"async\" width=\"525\" height=\"350\" src=\"https:\/\/ecerfvelee.com\/site\/wp-content\/uploads\/2018\/09\/Feu-II.jpg\" class=\"attachment-large size-large\" alt=\"\" aria-describedby=\"gallery-2-659\" srcset=\"https:\/\/ecerfvelee.com\/site\/wp-content\/uploads\/2018\/09\/Feu-II.jpg 930w, https:\/\/ecerfvelee.com\/site\/wp-content\/uploads\/2018\/09\/Feu-II-350x233.jpg 350w, https:\/\/ecerfvelee.com\/site\/wp-content\/uploads\/2018\/09\/Feu-II-300x200.jpg 300w, https:\/\/ecerfvelee.com\/site\/wp-content\/uploads\/2018\/09\/Feu-II-768x512.jpg 768w\" sizes=\"auto, 100vw\" \/><\/a>\n\t\t\t<\/div>\n\t\t\t\t<figcaption class='wp-caption-text gallery-caption' id='gallery-2-659'>\n\t\t\t\tEau II, 120 x 180 cm, forex\n\t\t\t\t<\/figcaption><\/figure>\n\t\t<\/div>\n\n<div id='gallery-3' class='gallery galleryid-670 gallery-columns-3 gallery-size-large'><figure class='gallery-item'>\n\t\t\t<div class='gallery-icon portrait'>\n\t\t\t\t<a href='https:\/\/ecerfvelee.com\/site\/elements\/terre-i\/'><img loading=\"lazy\" decoding=\"async\" width=\"525\" height=\"788\" src=\"https:\/\/ecerfvelee.com\/site\/wp-content\/uploads\/2018\/09\/Terre-I.jpg\" class=\"attachment-large size-large\" alt=\"\" aria-describedby=\"gallery-3-660\" srcset=\"https:\/\/ecerfvelee.com\/site\/wp-content\/uploads\/2018\/09\/Terre-I.jpg 620w, https:\/\/ecerfvelee.com\/site\/wp-content\/uploads\/2018\/09\/Terre-I-350x525.jpg 350w, https:\/\/ecerfvelee.com\/site\/wp-content\/uploads\/2018\/09\/Terre-I-200x300.jpg 200w\" sizes=\"auto, 100vw\" \/><\/a>\n\t\t\t<\/div>\n\t\t\t\t<figcaption class='wp-caption-text gallery-caption' id='gallery-3-660'>\n\t\t\t\tTerre I, 120 x 180 cm, forex\n\t\t\t\t<\/figcaption><\/figure><figure class='gallery-item'>\n\t\t\t<div class='gallery-icon landscape'>\n\t\t\t\t<a href='https:\/\/ecerfvelee.com\/site\/elements\/terre-ii\/'><img loading=\"lazy\" decoding=\"async\" width=\"525\" height=\"350\" src=\"https:\/\/ecerfvelee.com\/site\/wp-content\/uploads\/2018\/09\/Terre-II.jpg\" class=\"attachment-large size-large\" alt=\"\" aria-describedby=\"gallery-3-657\" srcset=\"https:\/\/ecerfvelee.com\/site\/wp-content\/uploads\/2018\/09\/Terre-II.jpg 930w, https:\/\/ecerfvelee.com\/site\/wp-content\/uploads\/2018\/09\/Terre-II-350x233.jpg 350w, https:\/\/ecerfvelee.com\/site\/wp-content\/uploads\/2018\/09\/Terre-II-300x200.jpg 300w, https:\/\/ecerfvelee.com\/site\/wp-content\/uploads\/2018\/09\/Terre-II-768x512.jpg 768w\" sizes=\"auto, 100vw\" \/><\/a>\n\t\t\t<\/div>\n\t\t\t\t<figcaption class='wp-caption-text gallery-caption' id='gallery-3-657'>\n\t\t\t\tTerre II, 120 x 180 cm, forex\n\t\t\t\t<\/figcaption><\/figure>\n\t\t<\/div>\n\n<p><span style=\"font-size: large;\"><span style=\"color: #000000;\"><span style=\"font-family: Josefin Sans Light, sans-serif;\"><span style=\"font-size: large; color: #000000; font-family: Josefin Sans Light, sans-serif;\"><b>Les photographies font partie d&rsquo;un ensemble et constituent une histoire que le spectateur <\/b><\/span><span style=\"color: #000000; font-family: Josefin Sans Light, sans-serif; font-size: large;\"><b>interpr\u00e8te<\/b><\/span><span style=\"font-size: large; color: #000000; font-family: Josefin Sans Light, sans-serif;\"><b>\u00a0selon sa propre sensibilit\u00e9.<\/b><\/span><\/span><\/span><\/span><\/p>\n<p><strong><span style=\"color: #000000;\"><span style=\"font-family: Josefin Sans Light, sans-serif;\"><span style=\"font-size: large;\">Le mod\u00e8le \u00e9voque trois univers :<\/span><\/span><\/span><\/strong><\/p>\n<p><strong><span style=\"color: #000000;\"><span style=\"font-family: Josefin Sans Light, sans-serif;\"><span style=\"font-size: large;\">La mari\u00e9e d\u00e9\u00e7ue, le prince l&rsquo;a transform\u00e9e en f\u00e9e du logis. <\/span><\/span><\/span><\/strong><\/p>\n<p><strong><span style=\"color: #000000;\"><span style=\"font-family: Josefin Sans Light, sans-serif;\"><span style=\"font-size: large;\">Elle le m\u00e9tamorphose \u00e0 son tour en grenouille. <\/span><\/span><\/span><\/strong><\/p>\n<p><strong><span style=\"color: #000000;\"><span style=\"font-family: Josefin Sans Light, sans-serif;\"><span style=\"font-size: large;\">C&rsquo;est depuis ce jour que le batracien tente d\u00e9sesp\u00e9r\u00e9ment d&rsquo;\u00eatre embrass\u00e9 pour briser le sortil\u00e8ge. <\/span><\/span><\/span><\/strong><\/p>\n<p>&nbsp;<\/p>\n<p><strong><span style=\"color: #000000;\"><span style=\"font-family: Josefin Sans Light, sans-serif;\"><span style=\"font-size: large;\">La princesse solaire, va-t-elle trouver chaussure \u00e0 son pied ?<\/span><\/span><\/span><\/strong><\/p>\n<p><strong><span style=\"color: #000000;\"><span style=\"font-family: Josefin Sans Light, sans-serif;\"><span style=\"font-size: large;\">Sur sa balan\u00e7oire, elle est \u00e9clatante, rayonnante, au fa\u00eete de sa gloire et de sa beaut\u00e9.<\/span><\/span><\/span><\/strong><\/p>\n<p><strong><span style=\"color: #000000;\"><span style=\"font-family: Josefin Sans Light, sans-serif;\"><span style=\"font-size: large;\">L&rsquo;\u00e9quilibre est cependant pr\u00e9caire. <\/span><\/span><\/span><\/strong><\/p>\n<p><strong><span style=\"color: #000000;\"><span style=\"font-family: Josefin Sans Light, sans-serif;\"><span style=\"font-size: large;\">La seconde photographie la montre \u00e0 terre. <\/span><\/span><\/span><\/strong><\/p>\n<p><strong><span style=\"color: #000000;\"><span style=\"font-family: Josefin Sans Light, sans-serif;\"><span style=\"font-size: large;\">A-t-elle \u00e9t\u00e9 renvers\u00e9e, d\u00e9tr\u00f4n\u00e9e ? S&rsquo;est-elle simplement endormie\u00a0? <\/span><\/span><\/span><\/strong><\/p>\n<p>&nbsp;<\/p>\n<p><strong><span style=\"color: #000000;\"><span style=\"font-family: Josefin Sans Light, sans-serif;\"><span style=\"font-size: large;\">La naissance du monde. Une sph\u00e8re bleue, notre plan\u00e8te. <\/span><\/span><\/span><\/strong><\/p>\n<p><strong><span style=\"color: #000000;\"><span style=\"font-family: Josefin Sans Light, sans-serif;\"><span style=\"font-size: large;\">Un \u00e9cosyst\u00e8me fragile qu&rsquo;il faut prot\u00e9ger. <\/span><\/span><\/span><\/strong><\/p>\n<p><strong><span style=\"color: #000000;\"><span style=\"font-family: Josefin Sans Light, sans-serif;\"><span style=\"font-size: large;\">Une \u0153uvre splendide r\u00e9alis\u00e9e en argile sigill\u00e9e par <a href=\"http:\/\/www.firoben-ceramique.fr\/\">Lauriane Firoben<\/a>.<\/span><\/span><\/span><\/strong><\/p>\n<p><strong><span style=\"color: #000000;\"><span style=\"font-family: Josefin Sans Light, sans-serif;\"><span style=\"font-size: large;\">Le mod\u00e8le, Lisa Scheibel, la tient contre elle et la fait sortir de l&rsquo;obscurit\u00e9 de la grotte du Hohlenstein.<\/span><\/span><\/span><\/strong><\/p>\n<p>&nbsp;<\/p>\n<h2><strong>Remerciements<\/strong><\/h2>\n<p><img loading=\"lazy\" decoding=\"async\" class=\"alignleft size-large wp-image-678\" src=\"http:\/\/ecerfvelee.com\/site\/wp-content\/uploads\/2018\/09\/backstage-1024x683.jpg\" alt=\"\" width=\"525\" height=\"350\" srcset=\"https:\/\/ecerfvelee.com\/site\/wp-content\/uploads\/2018\/09\/backstage-1024x683.jpg 1024w, https:\/\/ecerfvelee.com\/site\/wp-content\/uploads\/2018\/09\/backstage-350x233.jpg 350w, https:\/\/ecerfvelee.com\/site\/wp-content\/uploads\/2018\/09\/backstage-300x200.jpg 300w, https:\/\/ecerfvelee.com\/site\/wp-content\/uploads\/2018\/09\/backstage-768x512.jpg 768w\" sizes=\"auto, (max-width: 525px) 100vw, 525px\" \/><\/p>\n<p>&nbsp;<\/p>\n<p>&nbsp;<\/p>\n<p>&nbsp;<\/p>\n<p>&nbsp;<\/p>\n<p>&nbsp;<\/p>\n<p>&nbsp;<\/p>\n<p>&nbsp;<\/p>\n<p>&nbsp;<\/p>\n<p>&nbsp;<\/p>\n<p><strong><span style=\"color: #000000;\"><span style=\"font-family: Josefin Sans Light, sans-serif;\"><span style=\"font-size: large;\">Merci \u00e0 Lisa Scheibel, magnifique mod\u00e8le, s\u00e9rieuse et lumineuse.\u00a0<\/span><\/span><\/span><\/strong><\/p>\n<p><strong><span style=\"font-family: Josefin Sans Light, sans-serif;\"><span style=\"font-size: large;\">Merci \u00e0 Lauriane <a href=\"http:\/\/www.firoben-ceramique.fr\/\">Firoben<\/a> pour sa pr\u00e9cieuse aide et pour m&rsquo;avoir fait confiance en me confiant ses superbes c\u00e9ramiques en terre sigill\u00e9e.<\/span><\/span><\/strong><\/p>\n<p><strong><span style=\"font-family: Josefin Sans Light, sans-serif;\"><span style=\"font-size: large;\">Merci \u00e0 <a href=\"http:\/\/cequisignifieque.tumblr.com\/\">Jeanne<\/a> d&rsquo;avoir braver la pluie, le vent, les grenouilles, d&rsquo;avoir le compas dans l\u2019\u0153il, les bras remplis de scotch, d&rsquo;ondes positives et de photos \u00e0 accrocher.\u00a0Merci pour ce beau carton d&rsquo;invitation.<\/span><\/span><\/strong><\/p>\n<p><img loading=\"lazy\" decoding=\"async\" class=\"alignleft size-full wp-image-638\" src=\"http:\/\/ecerfvelee.com\/site\/wp-content\/uploads\/2018\/09\/40018443_10157699262502589_2810824892847489024_n.jpg\" alt=\"\" width=\"960\" height=\"955\" srcset=\"https:\/\/ecerfvelee.com\/site\/wp-content\/uploads\/2018\/09\/40018443_10157699262502589_2810824892847489024_n.jpg 960w, https:\/\/ecerfvelee.com\/site\/wp-content\/uploads\/2018\/09\/40018443_10157699262502589_2810824892847489024_n-250x250.jpg 250w, https:\/\/ecerfvelee.com\/site\/wp-content\/uploads\/2018\/09\/40018443_10157699262502589_2810824892847489024_n-350x348.jpg 350w, https:\/\/ecerfvelee.com\/site\/wp-content\/uploads\/2018\/09\/40018443_10157699262502589_2810824892847489024_n-100x100.jpg 100w, https:\/\/ecerfvelee.com\/site\/wp-content\/uploads\/2018\/09\/40018443_10157699262502589_2810824892847489024_n-150x150.jpg 150w, https:\/\/ecerfvelee.com\/site\/wp-content\/uploads\/2018\/09\/40018443_10157699262502589_2810824892847489024_n-300x298.jpg 300w, https:\/\/ecerfvelee.com\/site\/wp-content\/uploads\/2018\/09\/40018443_10157699262502589_2810824892847489024_n-768x764.jpg 768w\" sizes=\"auto, (max-width: 767px) 89vw, (max-width: 1000px) 54vw, (max-width: 1071px) 543px, 580px\" \/><\/p>\n<p>&nbsp;<\/p>\n<p><strong><span style=\"color: #000000;\"><span style=\"font-family: Josefin Sans Light, sans-serif;\"><span style=\"font-size: large;\">Merci \u00e0 l&rsquo;office du tourisme de Masevaux, <\/span><\/span><\/span><\/strong><strong><span style=\"color: #1d2129;\"><span style=\"font-family: Josefin Sans Light, sans-serif;\"><span style=\"font-size: large;\">\u00a0\u00e0 M. Emile Ehret, maire de Lauw et \u00e0 M. Lerch, maire de Masevaux.\u00a0<\/span><\/span><\/span><\/strong><\/p>\n<p><strong><span style=\"font-family: Josefin Sans Light, sans-serif;\"><span style=\"font-size: large;\">Merci \u00e0 <a href=\"https:\/\/www.projetcom.com\/#\/app\/content\">Fab<\/a> !<\/span><\/span><\/strong><\/p>\n<p><strong><span style=\"font-family: Josefin Sans Light, sans-serif;\"><span style=\"font-size: large;\">Merci \u00e0 <a href=\"http:\/\/xn--lieuxoublis-kbb.fr\/\">Beno\u00eet<\/a> pour ses pr\u00e9cieux conseils.<\/span><\/span><\/strong><\/p>\n<p><strong><span style=\"font-family: Josefin Sans Light, sans-serif;\"><span style=\"font-size: large;\">Merci \u00e0 la boutique de robes de cr\u00e9ateurs <a href=\"https:\/\/www.justeoui.com\/\">Juste Oui<\/a> \u00e0 Altkirch,\u00a0<\/span><\/span><\/strong><\/p>\n<p><strong><span style=\"font-family: Josefin Sans Light, sans-serif;\"><span style=\"font-size: large;\">Merci \u00e0 la <a href=\"http:\/\/village-lauw.fr\/?p=970\">boulangerie Runser<\/a>\u00a0pour ces \u00ab\u00a0like\u00a0\u00bb brioch\u00e9s, r\u00e9alis\u00e9s pour le vernissage.<\/span><\/span><\/strong><\/p>\n<p><strong><span style=\"font-family: Josefin Sans Light, sans-serif;\"><span style=\"font-size: large;\">Merci \u00e0 mon <a href=\"https:\/\/fdwiagungwidodo.wordpress.com\/\">chasseur<\/a> de princes charmants.<\/span><\/span><\/strong><\/p>\n<p><strong><span style=\"font-family: Josefin Sans Light, sans-serif;\"><span style=\"font-size: large;\">Merci \u00e0 Jeni pour sa patience.<\/span><\/span><\/strong><\/p>\n<p><strong><span style=\"font-family: Josefin Sans Light, sans-serif;\"><span style=\"font-size: large;\">Merci \u00e0 tous mes amis et ma famille pour leur enthousiasme.<\/span><\/span><\/strong><\/p>\n<p><strong><span style=\"font-family: Josefin Sans Light, sans-serif;\"><span style=\"font-size: large;\">Mais surtout merci \u00e0 mon prince charmant.<\/span><\/span><\/strong><\/p>\n<p>&nbsp;<\/p>\n<p><img loading=\"lazy\" decoding=\"async\" class=\"alignleft size-large wp-image-642\" src=\"http:\/\/ecerfvelee.com\/site\/wp-content\/uploads\/2018\/09\/article-de-presse-dna-775x1024.jpg\" alt=\"\" width=\"525\" height=\"694\" srcset=\"https:\/\/ecerfvelee.com\/site\/wp-content\/uploads\/2018\/09\/article-de-presse-dna-775x1024.jpg 775w, https:\/\/ecerfvelee.com\/site\/wp-content\/uploads\/2018\/09\/article-de-presse-dna-350x463.jpg 350w, https:\/\/ecerfvelee.com\/site\/wp-content\/uploads\/2018\/09\/article-de-presse-dna-227x300.jpg 227w, https:\/\/ecerfvelee.com\/site\/wp-content\/uploads\/2018\/09\/article-de-presse-dna-768x1015.jpg 768w, https:\/\/ecerfvelee.com\/site\/wp-content\/uploads\/2018\/09\/article-de-presse-dna.jpg 1391w\" sizes=\"auto, (max-width: 525px) 100vw, 525px\" \/><img loading=\"lazy\" decoding=\"async\" class=\"alignleft size-large wp-image-643\" src=\"http:\/\/ecerfvelee.com\/site\/wp-content\/uploads\/2018\/09\/article-de-presse-lalsace-942x1024.jpg\" alt=\"\" width=\"525\" height=\"571\" srcset=\"https:\/\/ecerfvelee.com\/site\/wp-content\/uploads\/2018\/09\/article-de-presse-lalsace-942x1024.jpg 942w, https:\/\/ecerfvelee.com\/site\/wp-content\/uploads\/2018\/09\/article-de-presse-lalsace-350x381.jpg 350w, https:\/\/ecerfvelee.com\/site\/wp-content\/uploads\/2018\/09\/article-de-presse-lalsace-276x300.jpg 276w, https:\/\/ecerfvelee.com\/site\/wp-content\/uploads\/2018\/09\/article-de-presse-lalsace-768x835.jpg 768w, https:\/\/ecerfvelee.com\/site\/wp-content\/uploads\/2018\/09\/article-de-presse-lalsace.jpg 1696w\" sizes=\"auto, (max-width: 525px) 100vw, 525px\" \/><\/p>\n","protected":false},"excerpt":{"rendered":"<p>\u00c9l\u00e9ments Trois femmes, Trois univers, Trois \u00e9l\u00e9ments Lisa Scheibel, Lauriane Firoben, Marina Zindy La Mode, la C\u00e9ramique et l\u2019Art Contemporain L\u2019eau, le feu et la terre Marina Zindy, artiste plasticienne et photographe a con\u00e7u les mises en sc\u00e8nes et les photographies de l\u2019exposition. &nbsp; &nbsp; &nbsp; Elle propose au spectateur d\u2019entrer dans son univers, univers &hellip; <\/p>\n<p class=\"link-more\"><a href=\"https:\/\/ecerfvelee.com\/site\/elements-2\/\" class=\"more-link\">Continuer la lecture<span class=\"screen-reader-text\"> de &laquo;&nbsp;\u00c9l\u00e9ments : mode, c\u00e9ramique et art contemporain&nbsp;&raquo;<\/span><\/a><\/p>\n","protected":false},"author":1,"featured_media":0,"parent":0,"menu_order":0,"comment_status":"closed","ping_status":"closed","template":"","meta":{"footnotes":""},"class_list":["post-670","page","type-page","status-publish","hentry"],"aioseo_notices":[],"_links":{"self":[{"href":"https:\/\/ecerfvelee.com\/site\/wp-json\/wp\/v2\/pages\/670","targetHints":{"allow":["GET"]}}],"collection":[{"href":"https:\/\/ecerfvelee.com\/site\/wp-json\/wp\/v2\/pages"}],"about":[{"href":"https:\/\/ecerfvelee.com\/site\/wp-json\/wp\/v2\/types\/page"}],"author":[{"embeddable":true,"href":"https:\/\/ecerfvelee.com\/site\/wp-json\/wp\/v2\/users\/1"}],"replies":[{"embeddable":true,"href":"https:\/\/ecerfvelee.com\/site\/wp-json\/wp\/v2\/comments?post=670"}],"version-history":[{"count":17,"href":"https:\/\/ecerfvelee.com\/site\/wp-json\/wp\/v2\/pages\/670\/revisions"}],"predecessor-version":[{"id":1016,"href":"https:\/\/ecerfvelee.com\/site\/wp-json\/wp\/v2\/pages\/670\/revisions\/1016"}],"wp:attachment":[{"href":"https:\/\/ecerfvelee.com\/site\/wp-json\/wp\/v2\/media?parent=670"}],"curies":[{"name":"wp","href":"https:\/\/api.w.org\/{rel}","templated":true}]}}