{"id":701,"date":"2018-09-26T23:18:48","date_gmt":"2018-09-26T21:18:48","guid":{"rendered":"http:\/\/ecerfvelee.com\/site\/?page_id=701"},"modified":"2019-07-11T01:00:51","modified_gmt":"2019-07-10T23:00:51","slug":"parentalite-et-creation-commune","status":"publish","type":"page","link":"https:\/\/ecerfvelee.com\/site\/parentalite-et-creation-commune\/","title":{"rendered":"Parentalit\u00e9 et cr\u00e9ation commune"},"content":{"rendered":"<p><strong>Je propose diff\u00e9rentes types de rencontres autour de l&rsquo;argile :<\/strong><\/p>\n<h1><strong>Cuisson RAKU<\/strong><\/h1>\n<p><strong>Les participants \u00e9maillent les pi\u00e8ces d\u00e9j\u00e0 biscuit\u00e9es et d\u00e9couvrent la magie du feu.\u00a0<\/strong><\/p>\n<figure id=\"attachment_900\" aria-describedby=\"caption-attachment-900\" style=\"width: 525px\" class=\"wp-caption alignleft\"><img loading=\"lazy\" decoding=\"async\" class=\"wp-image-900 size-large\" src=\"https:\/\/ecerfvelee.com\/site\/wp-content\/uploads\/2018\/10\/emaillage-et-soir\u00e9e-entre-amis-1024x683.jpg\" alt=\"\" width=\"525\" height=\"350\" srcset=\"https:\/\/ecerfvelee.com\/site\/wp-content\/uploads\/2018\/10\/emaillage-et-soir\u00e9e-entre-amis-1024x683.jpg 1024w, https:\/\/ecerfvelee.com\/site\/wp-content\/uploads\/2018\/10\/emaillage-et-soir\u00e9e-entre-amis-350x233.jpg 350w, https:\/\/ecerfvelee.com\/site\/wp-content\/uploads\/2018\/10\/emaillage-et-soir\u00e9e-entre-amis-300x200.jpg 300w, https:\/\/ecerfvelee.com\/site\/wp-content\/uploads\/2018\/10\/emaillage-et-soir\u00e9e-entre-amis-768x512.jpg 768w, https:\/\/ecerfvelee.com\/site\/wp-content\/uploads\/2018\/10\/emaillage-et-soir\u00e9e-entre-amis.jpg 1063w\" sizes=\"auto, (max-width: 525px) 100vw, 525px\" \/><figcaption id=\"caption-attachment-900\" class=\"wp-caption-text\">Pose de l&rsquo;\u00e9mail et soir\u00e9e entre amis dans le jardin.<\/figcaption><\/figure>\n<p><img loading=\"lazy\" decoding=\"async\" class=\"wp-image-702 size-large\" src=\"http:\/\/ecerfvelee.com\/site\/wp-content\/uploads\/2018\/09\/IMG_0367-1024x683.jpg\" alt=\"\" width=\"525\" height=\"350\" \/><\/p>\n<figure id=\"attachment_704\" aria-describedby=\"caption-attachment-704\" style=\"width: 225px\" class=\"wp-caption alignleft\"><img loading=\"lazy\" decoding=\"async\" class=\"wp-image-704 size-medium\" src=\"http:\/\/ecerfvelee.com\/site\/wp-content\/uploads\/2018\/09\/IMG_20180616_235915-225x300.jpg\" alt=\"\" width=\"225\" height=\"300\" srcset=\"https:\/\/ecerfvelee.com\/site\/wp-content\/uploads\/2018\/09\/IMG_20180616_235915-225x300.jpg 225w, https:\/\/ecerfvelee.com\/site\/wp-content\/uploads\/2018\/09\/IMG_20180616_235915-350x467.jpg 350w, https:\/\/ecerfvelee.com\/site\/wp-content\/uploads\/2018\/09\/IMG_20180616_235915-768x1024.jpg 768w\" sizes=\"auto, (max-width: 225px) 100vw, 225px\" \/><figcaption id=\"caption-attachment-704\" class=\"wp-caption-text\"><strong>Le four raku et les pi\u00e8ces cuitent \u00e0 1000 degr\u00e9s au gaz.<\/strong><\/figcaption><\/figure>\n<figure id=\"attachment_703\" aria-describedby=\"caption-attachment-703\" style=\"width: 225px\" class=\"wp-caption alignleft\"><img loading=\"lazy\" decoding=\"async\" class=\"wp-image-703 size-medium\" src=\"http:\/\/ecerfvelee.com\/site\/wp-content\/uploads\/2018\/09\/IMG_20180614_071208-225x300.jpg\" alt=\"\" width=\"225\" height=\"300\" srcset=\"https:\/\/ecerfvelee.com\/site\/wp-content\/uploads\/2018\/09\/IMG_20180614_071208-225x300.jpg 225w, https:\/\/ecerfvelee.com\/site\/wp-content\/uploads\/2018\/09\/IMG_20180614_071208-350x467.jpg 350w, https:\/\/ecerfvelee.com\/site\/wp-content\/uploads\/2018\/09\/IMG_20180614_071208-768x1024.jpg 768w\" sizes=\"auto, (max-width: 225px) 100vw, 225px\" \/><figcaption id=\"caption-attachment-703\" class=\"wp-caption-text\"><strong>Le r\u00e9sultat d&rsquo;une cuisson raku.<\/strong><\/figcaption><\/figure>\n<h1><strong>Cr\u00e9ation \u00e0 plusieurs mains<\/strong><\/h1>\n<p><strong>Un vase aux multiples facettes. Chaque membre de la famille con\u00e7oit une face du vase avec l&rsquo;univers qui lui est propre.<\/strong><\/p>\n<p><img loading=\"lazy\" decoding=\"async\" class=\"alignleft size-large wp-image-709\" src=\"http:\/\/ecerfvelee.com\/site\/wp-content\/uploads\/2018\/09\/IMG_0119-1024x683.jpg\" alt=\"\" width=\"525\" height=\"350\" srcset=\"https:\/\/ecerfvelee.com\/site\/wp-content\/uploads\/2018\/09\/IMG_0119-1024x683.jpg 1024w, https:\/\/ecerfvelee.com\/site\/wp-content\/uploads\/2018\/09\/IMG_0119-350x233.jpg 350w, https:\/\/ecerfvelee.com\/site\/wp-content\/uploads\/2018\/09\/IMG_0119-300x200.jpg 300w, https:\/\/ecerfvelee.com\/site\/wp-content\/uploads\/2018\/09\/IMG_0119-768x512.jpg 768w\" sizes=\"auto, (max-width: 525px) 100vw, 525px\" \/><\/p>\n<p><img loading=\"lazy\" decoding=\"async\" class=\"alignleft wp-image-712 size-medium\" src=\"http:\/\/ecerfvelee.com\/site\/wp-content\/uploads\/2018\/09\/IMG_0259-200x300.jpg\" alt=\"\" width=\"200\" height=\"300\" srcset=\"https:\/\/ecerfvelee.com\/site\/wp-content\/uploads\/2018\/09\/IMG_0259-200x300.jpg 200w, https:\/\/ecerfvelee.com\/site\/wp-content\/uploads\/2018\/09\/IMG_0259-350x525.jpg 350w, https:\/\/ecerfvelee.com\/site\/wp-content\/uploads\/2018\/09\/IMG_0259-768x1152.jpg 768w, https:\/\/ecerfvelee.com\/site\/wp-content\/uploads\/2018\/09\/IMG_0259-683x1024.jpg 683w\" sizes=\"auto, (max-width: 200px) 100vw, 200px\" \/> <img loading=\"lazy\" decoding=\"async\" class=\"alignleft wp-image-713 size-medium\" src=\"http:\/\/ecerfvelee.com\/site\/wp-content\/uploads\/2018\/09\/IMG_0234-200x300.jpg\" alt=\"\" width=\"200\" height=\"300\" srcset=\"https:\/\/ecerfvelee.com\/site\/wp-content\/uploads\/2018\/09\/IMG_0234-200x300.jpg 200w, https:\/\/ecerfvelee.com\/site\/wp-content\/uploads\/2018\/09\/IMG_0234-350x525.jpg 350w, https:\/\/ecerfvelee.com\/site\/wp-content\/uploads\/2018\/09\/IMG_0234-768x1152.jpg 768w, https:\/\/ecerfvelee.com\/site\/wp-content\/uploads\/2018\/09\/IMG_0234-683x1024.jpg 683w\" sizes=\"auto, (max-width: 200px) 100vw, 200px\" \/><\/p>\n<p><img loading=\"lazy\" decoding=\"async\" class=\"alignleft size-large wp-image-716\" src=\"http:\/\/ecerfvelee.com\/site\/wp-content\/uploads\/2018\/09\/IMG_0306-683x1024.jpg\" alt=\"\" width=\"525\" height=\"787\" srcset=\"https:\/\/ecerfvelee.com\/site\/wp-content\/uploads\/2018\/09\/IMG_0306-683x1024.jpg 683w, https:\/\/ecerfvelee.com\/site\/wp-content\/uploads\/2018\/09\/IMG_0306-350x525.jpg 350w, https:\/\/ecerfvelee.com\/site\/wp-content\/uploads\/2018\/09\/IMG_0306-200x300.jpg 200w, https:\/\/ecerfvelee.com\/site\/wp-content\/uploads\/2018\/09\/IMG_0306-768x1152.jpg 768w\" sizes=\"auto, (max-width: 525px) 100vw, 525px\" \/><\/p>\n<figure id=\"attachment_905\" aria-describedby=\"caption-attachment-905\" style=\"width: 525px\" class=\"wp-caption alignleft\"><img loading=\"lazy\" decoding=\"async\" class=\"wp-image-905 size-large\" src=\"https:\/\/ecerfvelee.com\/site\/wp-content\/uploads\/2018\/10\/vase-en-famille-683x1024.jpg\" alt=\"\" width=\"525\" height=\"787\" srcset=\"https:\/\/ecerfvelee.com\/site\/wp-content\/uploads\/2018\/10\/vase-en-famille-683x1024.jpg 683w, https:\/\/ecerfvelee.com\/site\/wp-content\/uploads\/2018\/10\/vase-en-famille-350x525.jpg 350w, https:\/\/ecerfvelee.com\/site\/wp-content\/uploads\/2018\/10\/vase-en-famille-200x300.jpg 200w, https:\/\/ecerfvelee.com\/site\/wp-content\/uploads\/2018\/10\/vase-en-famille.jpg 709w\" sizes=\"auto, (max-width: 525px) 100vw, 525px\" \/><figcaption id=\"caption-attachment-905\" class=\"wp-caption-text\">Le magnifique r\u00e9sultat de cet atelier r\u00e9alis\u00e9 en famille. Un vase en gr\u00e8s qui peut m\u00eame se mettre \u00e0 l&rsquo;ext\u00e9rieur sans craindre le gel !<\/figcaption><\/figure>\n","protected":false},"excerpt":{"rendered":"<p>Je propose diff\u00e9rentes types de rencontres autour de l&rsquo;argile : Cuisson RAKU Les participants \u00e9maillent les pi\u00e8ces d\u00e9j\u00e0 biscuit\u00e9es et d\u00e9couvrent la magie du feu.\u00a0 Cr\u00e9ation \u00e0 plusieurs mains Un vase aux multiples facettes. Chaque membre de la famille con\u00e7oit une face du vase avec l&rsquo;univers qui lui est propre.<\/p>\n","protected":false},"author":1,"featured_media":0,"parent":0,"menu_order":0,"comment_status":"closed","ping_status":"closed","template":"","meta":{"footnotes":""},"class_list":["post-701","page","type-page","status-publish","hentry"],"aioseo_notices":[],"_links":{"self":[{"href":"https:\/\/ecerfvelee.com\/site\/wp-json\/wp\/v2\/pages\/701","targetHints":{"allow":["GET"]}}],"collection":[{"href":"https:\/\/ecerfvelee.com\/site\/wp-json\/wp\/v2\/pages"}],"about":[{"href":"https:\/\/ecerfvelee.com\/site\/wp-json\/wp\/v2\/types\/page"}],"author":[{"embeddable":true,"href":"https:\/\/ecerfvelee.com\/site\/wp-json\/wp\/v2\/users\/1"}],"replies":[{"embeddable":true,"href":"https:\/\/ecerfvelee.com\/site\/wp-json\/wp\/v2\/comments?post=701"}],"version-history":[{"count":9,"href":"https:\/\/ecerfvelee.com\/site\/wp-json\/wp\/v2\/pages\/701\/revisions"}],"predecessor-version":[{"id":2322,"href":"https:\/\/ecerfvelee.com\/site\/wp-json\/wp\/v2\/pages\/701\/revisions\/2322"}],"wp:attachment":[{"href":"https:\/\/ecerfvelee.com\/site\/wp-json\/wp\/v2\/media?parent=701"}],"curies":[{"name":"wp","href":"https:\/\/api.w.org\/{rel}","templated":true}]}}