{"id":758,"date":"2018-10-08T23:04:07","date_gmt":"2018-10-08T21:04:07","guid":{"rendered":"http:\/\/ecerfvelee.com\/site\/shop\/"},"modified":"2023-02-26T17:27:16","modified_gmt":"2023-02-26T16:27:16","slug":"shop","status":"publish","type":"page","link":"https:\/\/ecerfvelee.com\/site\/shop\/","title":{"rendered":"Shop"},"content":{"rendered":"\n<figure class=\"wp-block-image size-large\"><img loading=\"lazy\" decoding=\"async\" width=\"1024\" height=\"669\" src=\"https:\/\/ecerfvelee.com\/site\/wp-content\/uploads\/2020\/11\/boutique-net-1024x669.jpg\" alt=\"\" class=\"wp-image-2924\" srcset=\"https:\/\/ecerfvelee.com\/site\/wp-content\/uploads\/2020\/11\/boutique-net-1024x669.jpg 1024w, https:\/\/ecerfvelee.com\/site\/wp-content\/uploads\/2020\/11\/boutique-net-300x196.jpg 300w, https:\/\/ecerfvelee.com\/site\/wp-content\/uploads\/2020\/11\/boutique-net-768x502.jpg 768w, https:\/\/ecerfvelee.com\/site\/wp-content\/uploads\/2020\/11\/boutique-net-1536x1004.jpg 1536w, https:\/\/ecerfvelee.com\/site\/wp-content\/uploads\/2020\/11\/boutique-net-2048x1339.jpg 2048w, https:\/\/ecerfvelee.com\/site\/wp-content\/uploads\/2020\/11\/boutique-net-1320x863.jpg 1320w, https:\/\/ecerfvelee.com\/site\/wp-content\/uploads\/2020\/11\/boutique-net-350x229.jpg 350w\" sizes=\"auto, (max-width: 767px) 89vw, (max-width: 1000px) 54vw, (max-width: 1071px) 543px, 580px\" \/><\/figure>\n\n\n<p>[products]<\/p>\n\n\n\n<figure class=\"wp-block-embed aligncenter is-type-video is-provider-youtube wp-block-embed-youtube wp-embed-aspect-16-9 wp-has-aspect-ratio\"><div class=\"wp-block-embed__wrapper\">\n<iframe loading=\"lazy\" title=\"Secrets d&#039;Atelier #4\" width=\"525\" height=\"295\" src=\"https:\/\/www.youtube.com\/embed\/edgsKbcQvys?feature=oembed\" frameborder=\"0\" allow=\"accelerometer; autoplay; clipboard-write; encrypted-media; gyroscope; picture-in-picture; web-share\" referrerpolicy=\"strict-origin-when-cross-origin\" allowfullscreen><\/iframe>\n<\/div><figcaption><br><br><br><br><mark style=\"background-color:rgba(0, 0, 0, 0)\" class=\"has-inline-color has-black-color\"><em><strong>LES SPRINGERL\u00c9S<br>Biscuits en relief<\/strong><\/em><\/mark><strong><em><br>Marina ZINDY<br>Atelier L&rsquo;ECERFVEL\u00c9E<\/em><\/strong><br><br><br><br><br><strong>Les moules \u00e0 g\u00e2teaux sont vendus avec LA <a href=\"https:\/\/ecerfvelee.com\/site\/recette-des-springerles\/\">RECETTE <\/a>des SPRINGERL\u00c9S.<\/strong><br><br><br><br><br><strong>ARGILE DE RENCONTRE<\/strong><br>naturelle<br>locale<br>\u00e9coresponsable<br>patrimoine vivant<br><br><br><br><br><strong>DESSINS ORIGINAUX DE L&rsquo;ARTISTE<\/strong><br><br><br>Le<strong> cerf<\/strong>, symbole de l&rsquo;atelier<strong> L&rsquo;ECERFVEL\u00c9E<\/strong><br><strong><a href=\"https:\/\/ecerfvelee.com\/site\/\">https:\/\/ecerfvelee.com\/site\/<\/a><\/strong><br><br><br><br><br>Le<strong> pic \u00e9peiche<\/strong> \u00e9voque le motif de l&rsquo;indienne royale,<br>conserv\u00e9e au mus\u00e9e du Textile au Parc de Wesserling.<br><br><br><br><br><strong>Mod\u00e8le du 17\u00e8me si\u00e8cle<\/strong><br>Un mod\u00e8le est issu d&rsquo;un moulage sur un original en bois du 17\u00e8me si\u00e8cle.<br>Il s&rsquo;agit du moule intitul\u00e9 Le Lien\u00a0:<br>deux c\u0153urs et deux grenades, symbole de l\u2019amour partag\u00e9 et de la f\u00e9condit\u00e9.<br>Le g\u00e2teau \u00e9tait offert aux jeunes mari\u00e9s qui le brisaient,<br>le partageaient en deux et le d\u00e9gustaient ensemble.<br><br><br><br><br><br><br><br><br><em>Je travaille une terre rouge brique, extraite \u00e0 la main, en for\u00eat, dans les anciennes carri\u00e8res de mon village, \u00e0 LAUW, en Alsace.<\/em><br><em>Un dessin ancien ou contemporain est inscrit dans l&rsquo;argile pour perp\u00e9tuer la tradition des Springerl\u00e9s, en allant tradition et innovation.<\/em><br><br><br><em><strong>C&rsquo;est \u00e0 votre tour de jouer et de r\u00e9aliser de magnifiques empreintes dans la p\u00e2te \u00e0 Springerl\u00e9 et de r\u00e9aliser d&rsquo;excellents petits biscuits \u00e0 l&rsquo;anis\u00a0!<\/strong><\/em><br><br><\/figcaption><\/figure>\n","protected":false},"excerpt":{"rendered":"","protected":false},"author":1,"featured_media":2924,"parent":0,"menu_order":0,"comment_status":"closed","ping_status":"closed","template":"","meta":{"footnotes":""},"class_list":["post-758","page","type-page","status-publish","has-post-thumbnail","hentry"],"aioseo_notices":[],"_links":{"self":[{"href":"https:\/\/ecerfvelee.com\/site\/wp-json\/wp\/v2\/pages\/758","targetHints":{"allow":["GET"]}}],"collection":[{"href":"https:\/\/ecerfvelee.com\/site\/wp-json\/wp\/v2\/pages"}],"about":[{"href":"https:\/\/ecerfvelee.com\/site\/wp-json\/wp\/v2\/types\/page"}],"author":[{"embeddable":true,"href":"https:\/\/ecerfvelee.com\/site\/wp-json\/wp\/v2\/users\/1"}],"replies":[{"embeddable":true,"href":"https:\/\/ecerfvelee.com\/site\/wp-json\/wp\/v2\/comments?post=758"}],"version-history":[{"count":22,"href":"https:\/\/ecerfvelee.com\/site\/wp-json\/wp\/v2\/pages\/758\/revisions"}],"predecessor-version":[{"id":3213,"href":"https:\/\/ecerfvelee.com\/site\/wp-json\/wp\/v2\/pages\/758\/revisions\/3213"}],"wp:featuredmedia":[{"embeddable":true,"href":"https:\/\/ecerfvelee.com\/site\/wp-json\/wp\/v2\/media\/2924"}],"wp:attachment":[{"href":"https:\/\/ecerfvelee.com\/site\/wp-json\/wp\/v2\/media?parent=758"}],"curies":[{"name":"wp","href":"https:\/\/api.w.org\/{rel}","templated":true}]}}