{"id":83,"date":"2018-05-18T17:05:43","date_gmt":"2018-05-18T15:05:43","guid":{"rendered":"http:\/\/ecerfvelee.com\/site\/?page_id=83"},"modified":"2018-07-09T00:05:29","modified_gmt":"2018-07-08T22:05:29","slug":"installation","status":"publish","type":"page","link":"https:\/\/ecerfvelee.com\/site\/installation\/","title":{"rendered":"Installation"},"content":{"rendered":"<p><img loading=\"lazy\" decoding=\"async\" class=\"alignnone size-full wp-image-13\" src=\"http:\/\/ecerfvelee.com\/site\/wp-content\/uploads\/2018\/04\/1.jpg\" alt=\"\" width=\"1404\" height=\"936\" srcset=\"https:\/\/ecerfvelee.com\/site\/wp-content\/uploads\/2018\/04\/1.jpg 1404w, https:\/\/ecerfvelee.com\/site\/wp-content\/uploads\/2018\/04\/1-350x233.jpg 350w, https:\/\/ecerfvelee.com\/site\/wp-content\/uploads\/2018\/04\/1-300x200.jpg 300w, https:\/\/ecerfvelee.com\/site\/wp-content\/uploads\/2018\/04\/1-768x512.jpg 768w, https:\/\/ecerfvelee.com\/site\/wp-content\/uploads\/2018\/04\/1-1024x683.jpg 1024w\" sizes=\"auto, (max-width: 767px) 89vw, (max-width: 1000px) 54vw, (max-width: 1071px) 543px, 580px\" \/><\/p>\n<div id='gallery-1' class='gallery galleryid-83 gallery-columns-2 gallery-size-large'><figure class='gallery-item'>\n\t\t\t<div class='gallery-icon portrait'>\n\t\t\t\t<a href='https:\/\/ecerfvelee.com\/site\/gallery\/attachment\/3\/'><img loading=\"lazy\" decoding=\"async\" width=\"525\" height=\"787\" src=\"https:\/\/ecerfvelee.com\/site\/wp-content\/uploads\/2018\/04\/3-683x1024.jpg\" class=\"attachment-large size-large\" alt=\"\" srcset=\"https:\/\/ecerfvelee.com\/site\/wp-content\/uploads\/2018\/04\/3-683x1024.jpg 683w, https:\/\/ecerfvelee.com\/site\/wp-content\/uploads\/2018\/04\/3-350x525.jpg 350w, https:\/\/ecerfvelee.com\/site\/wp-content\/uploads\/2018\/04\/3-200x300.jpg 200w, https:\/\/ecerfvelee.com\/site\/wp-content\/uploads\/2018\/04\/3-768x1152.jpg 768w, https:\/\/ecerfvelee.com\/site\/wp-content\/uploads\/2018\/04\/3.jpg 1404w\" sizes=\"auto, 100vw\" \/><\/a>\n\t\t\t<\/div><\/figure><figure class='gallery-item'>\n\t\t\t<div class='gallery-icon portrait'>\n\t\t\t\t<a href='https:\/\/ecerfvelee.com\/site\/gallery\/attachment\/2\/'><img loading=\"lazy\" decoding=\"async\" width=\"525\" height=\"787\" src=\"https:\/\/ecerfvelee.com\/site\/wp-content\/uploads\/2018\/04\/2-683x1024.jpg\" class=\"attachment-large size-large\" alt=\"\" srcset=\"https:\/\/ecerfvelee.com\/site\/wp-content\/uploads\/2018\/04\/2-683x1024.jpg 683w, https:\/\/ecerfvelee.com\/site\/wp-content\/uploads\/2018\/04\/2-350x525.jpg 350w, https:\/\/ecerfvelee.com\/site\/wp-content\/uploads\/2018\/04\/2-200x300.jpg 200w, https:\/\/ecerfvelee.com\/site\/wp-content\/uploads\/2018\/04\/2-768x1152.jpg 768w, https:\/\/ecerfvelee.com\/site\/wp-content\/uploads\/2018\/04\/2.jpg 1404w\" sizes=\"auto, 100vw\" \/><\/a>\n\t\t\t<\/div><\/figure>\n\t\t<\/div>\n\n<p><strong>Un repas, du rouge sang de b\u0153uf, de l\u2019engobe porcelaine sur une terre noire qui br\u00fble les souvenirs du pass\u00e9.<\/strong><\/p>\n<p><strong>Une installation qui invite \u00e0 \u00e9couter une histoire, un conte dans chaque assiette.<\/strong><\/p>\n<p><strong>Un lieu oubli\u00e9, photographi\u00e9 par Beno\u00eet Didier, un lieu exhum\u00e9, model\u00e9 par mes mains et anim\u00e9 par les vid\u00e9os lues par les spectateurs avec l\u2019outil multim\u00e9dia HP Reveal. Le spectateur scanne une des photographies expos\u00e9es autour de l&rsquo;installation et l&rsquo;image fixe devient image anim\u00e9e.<\/strong><\/p>\n<figure id=\"attachment_348\" aria-describedby=\"caption-attachment-348\" style=\"width: 1000px\" class=\"wp-caption alignnone\"><img loading=\"lazy\" decoding=\"async\" class=\"wp-image-348 size-full\" src=\"http:\/\/ecerfvelee.com\/site\/wp-content\/uploads\/2018\/07\/26982454_10157008900437589_156938322_o-e1530621931422.jpg\" alt=\"\" width=\"1000\" height=\"666\" srcset=\"https:\/\/ecerfvelee.com\/site\/wp-content\/uploads\/2018\/07\/26982454_10157008900437589_156938322_o-e1530621931422.jpg 1000w, https:\/\/ecerfvelee.com\/site\/wp-content\/uploads\/2018\/07\/26982454_10157008900437589_156938322_o-e1530621931422-350x233.jpg 350w\" sizes=\"auto, (max-width: 767px) 89vw, (max-width: 1000px) 54vw, (max-width: 1071px) 543px, 580px\" \/><figcaption id=\"caption-attachment-348\" class=\"wp-caption-text\"><strong>Un reportage photographique r\u00e9alis\u00e9 par Beno\u00eet Didier.<\/strong><\/figcaption><\/figure>\n<p><strong>Le site internet du photographe Beno\u00eet Didier, sp\u00e9cialis\u00e9 dans l&rsquo;Urbex,\u00a0\u00a0<\/strong><strong>les lieux oubli\u00e9s :<a href=\"http:\/\/xn--lieuxoublis-kbb.fr\/\"> http:\/\/xn--lieuxoublis-kbb.fr\/<\/a><\/strong><\/p>\n","protected":false},"excerpt":{"rendered":"<p>Un repas, du rouge sang de b\u0153uf, de l\u2019engobe porcelaine sur une terre noire qui br\u00fble les souvenirs du pass\u00e9. Une installation qui invite \u00e0 \u00e9couter une histoire, un conte dans chaque assiette. Un lieu oubli\u00e9, photographi\u00e9 par Beno\u00eet Didier, un lieu exhum\u00e9, model\u00e9 par mes mains et anim\u00e9 par les vid\u00e9os lues par les &hellip; <\/p>\n<p class=\"link-more\"><a href=\"https:\/\/ecerfvelee.com\/site\/installation\/\" class=\"more-link\">Continuer la lecture<span class=\"screen-reader-text\"> de &laquo;&nbsp;Installation&nbsp;&raquo;<\/span><\/a><\/p>\n","protected":false},"author":1,"featured_media":0,"parent":0,"menu_order":0,"comment_status":"closed","ping_status":"closed","template":"","meta":{"footnotes":""},"class_list":["post-83","page","type-page","status-publish","hentry"],"aioseo_notices":[],"_links":{"self":[{"href":"https:\/\/ecerfvelee.com\/site\/wp-json\/wp\/v2\/pages\/83","targetHints":{"allow":["GET"]}}],"collection":[{"href":"https:\/\/ecerfvelee.com\/site\/wp-json\/wp\/v2\/pages"}],"about":[{"href":"https:\/\/ecerfvelee.com\/site\/wp-json\/wp\/v2\/types\/page"}],"author":[{"embeddable":true,"href":"https:\/\/ecerfvelee.com\/site\/wp-json\/wp\/v2\/users\/1"}],"replies":[{"embeddable":true,"href":"https:\/\/ecerfvelee.com\/site\/wp-json\/wp\/v2\/comments?post=83"}],"version-history":[{"count":9,"href":"https:\/\/ecerfvelee.com\/site\/wp-json\/wp\/v2\/pages\/83\/revisions"}],"predecessor-version":[{"id":528,"href":"https:\/\/ecerfvelee.com\/site\/wp-json\/wp\/v2\/pages\/83\/revisions\/528"}],"wp:attachment":[{"href":"https:\/\/ecerfvelee.com\/site\/wp-json\/wp\/v2\/media?parent=83"}],"curies":[{"name":"wp","href":"https:\/\/api.w.org\/{rel}","templated":true}]}}