{"id":869,"date":"2018-10-19T18:55:05","date_gmt":"2018-10-19T16:55:05","guid":{"rendered":"https:\/\/ecerfvelee.com\/site\/?page_id=869"},"modified":"2018-12-30T19:06:00","modified_gmt":"2018-12-30T18:06:00","slug":"bienvenue-dans-latelier","status":"publish","type":"page","link":"https:\/\/ecerfvelee.com\/site\/bienvenue-dans-latelier\/","title":{"rendered":"Association \u00ab\u00a0Bienvenue dans l&rsquo;Atelier\u00a0\u00bb"},"content":{"rendered":"<p><img loading=\"lazy\" decoding=\"async\" class=\"alignleft wp-image-926 size-full\" src=\"https:\/\/ecerfvelee.com\/site\/wp-content\/uploads\/2018\/11\/bienvenue-dans-latelier-noir-site.jpg\" alt=\"\" width=\"886\" height=\"627\" srcset=\"https:\/\/ecerfvelee.com\/site\/wp-content\/uploads\/2018\/11\/bienvenue-dans-latelier-noir-site.jpg 886w, https:\/\/ecerfvelee.com\/site\/wp-content\/uploads\/2018\/11\/bienvenue-dans-latelier-noir-site-350x248.jpg 350w, https:\/\/ecerfvelee.com\/site\/wp-content\/uploads\/2018\/11\/bienvenue-dans-latelier-noir-site-300x212.jpg 300w, https:\/\/ecerfvelee.com\/site\/wp-content\/uploads\/2018\/11\/bienvenue-dans-latelier-noir-site-768x543.jpg 768w\" sizes=\"auto, (max-width: 767px) 89vw, (max-width: 1000px) 54vw, (max-width: 1071px) 543px, 580px\" \/><\/p>\n<p>&nbsp;<\/p>\n<p>\u00ab\u00a0Bienvenue dans l&rsquo;Atelier\u00a0\u00bb<\/p>\n<p>Association \u00e0 but non lucratif.<\/p>\n<p>Innovation sociale et promotion de l&rsquo;art, de la culture et de la nature.<\/p>\n<p>Cette page est d\u00e9di\u00e9e aux activit\u00e9s de l&rsquo;association que vous\u00a0<span style=\"font-size: 1rem;\">pouvez suivre gr\u00e2ce aux<\/span><span style=\"font-size: 1rem;\">\u00a0<\/span><a style=\"font-size: 1rem;\" href=\"https:\/\/ecerfvelee.com\/site\/actualites\/\">ACTUALIT\u00c9S<\/a><\/p>\n<p>Rejoignez-nous sur <a href=\"https:\/\/www.facebook.com\/pg\/Bienvenue-dans-lAtelier-1215209558630938\/posts\/\">Facebook<\/a> !<\/p>\n<p>&nbsp;<\/p>\n<p>&nbsp;<\/p>\n","protected":false},"excerpt":{"rendered":"<p>&nbsp; \u00ab\u00a0Bienvenue dans l&rsquo;Atelier\u00a0\u00bb Association \u00e0 but non lucratif. Innovation sociale et promotion de l&rsquo;art, de la culture et de la nature. Cette page est d\u00e9di\u00e9e aux activit\u00e9s de l&rsquo;association que vous\u00a0pouvez suivre gr\u00e2ce aux\u00a0ACTUALIT\u00c9S Rejoignez-nous sur Facebook ! &nbsp; &nbsp;<\/p>\n","protected":false},"author":1,"featured_media":0,"parent":0,"menu_order":0,"comment_status":"closed","ping_status":"closed","template":"","meta":{"footnotes":""},"class_list":["post-869","page","type-page","status-publish","hentry"],"aioseo_notices":[],"_links":{"self":[{"href":"https:\/\/ecerfvelee.com\/site\/wp-json\/wp\/v2\/pages\/869","targetHints":{"allow":["GET"]}}],"collection":[{"href":"https:\/\/ecerfvelee.com\/site\/wp-json\/wp\/v2\/pages"}],"about":[{"href":"https:\/\/ecerfvelee.com\/site\/wp-json\/wp\/v2\/types\/page"}],"author":[{"embeddable":true,"href":"https:\/\/ecerfvelee.com\/site\/wp-json\/wp\/v2\/users\/1"}],"replies":[{"embeddable":true,"href":"https:\/\/ecerfvelee.com\/site\/wp-json\/wp\/v2\/comments?post=869"}],"version-history":[{"count":18,"href":"https:\/\/ecerfvelee.com\/site\/wp-json\/wp\/v2\/pages\/869\/revisions"}],"predecessor-version":[{"id":1349,"href":"https:\/\/ecerfvelee.com\/site\/wp-json\/wp\/v2\/pages\/869\/revisions\/1349"}],"wp:attachment":[{"href":"https:\/\/ecerfvelee.com\/site\/wp-json\/wp\/v2\/media?parent=869"}],"curies":[{"name":"wp","href":"https:\/\/api.w.org\/{rel}","templated":true}]}}