{"id":91,"date":"2018-05-18T17:14:05","date_gmt":"2018-05-18T15:14:05","guid":{"rendered":"http:\/\/ecerfvelee.com\/site\/?page_id=91"},"modified":"2019-09-01T23:15:22","modified_gmt":"2019-09-01T21:15:22","slug":"des-rencontres-qui-changent-une-vie","status":"publish","type":"page","link":"https:\/\/ecerfvelee.com\/site\/des-rencontres-qui-changent-une-vie\/","title":{"rendered":"Illuminer une \u00e9tape importante de votre vie."},"content":{"rendered":"<h2><strong>Illuminate the most important moments of your life.<\/strong><\/h2>\n<p><strong>Thanks to photography, I capture your unique moments and I materialize this image on a noble and translucent support: porcelain.<\/strong><\/p>\n<p><strong>A photophore to illuminate the magic of life.<\/strong><\/p>\n<p><iframe loading=\"lazy\" title=\"Life, Marina Zindy, artist\" width=\"525\" height=\"295\" src=\"https:\/\/www.youtube.com\/embed\/7IsjiIOn4vE?feature=oembed\" frameborder=\"0\" allow=\"accelerometer; autoplay; clipboard-write; encrypted-media; gyroscope; picture-in-picture; web-share\" referrerpolicy=\"strict-origin-when-cross-origin\" allowfullscreen><\/iframe><\/p>\n<p><strong>Illuminer les moments les plus importants de votre existence.<\/strong><\/p>\n<p><strong>Gr\u00e2ce \u00e0 la photographie, je capture vos moments uniques et je mat\u00e9rialise cette image sur un support noble et fascinant : la porcelaine.<\/strong><\/p>\n<p><strong>Un photophore pour illuminer la magie de la vie.<\/strong><\/p>\n<p><strong>Il existe plusieurs types de rencontres : amoureuses, amicales, professionnelles&#8230; A chaque fois, elles peuvent changer le cours de notre existence.<\/strong><\/p>\n<p><strong>Certaines sont inoubliables et m\u00e9ritent d&rsquo;\u00eatre c\u00e9l\u00e9br\u00e9es.<\/strong><\/p>\n<p><strong>Je propose de les mat\u00e9rialiser par le mariage de la porcelaine et du dessin.<\/strong><\/p>\n<h1><strong>The family\/La Famille<\/strong><\/h1>\n<figure id=\"attachment_185\" aria-describedby=\"caption-attachment-185\" style=\"width: 1000px\" class=\"wp-caption aligncenter\"><img loading=\"lazy\" decoding=\"async\" class=\"size-full wp-image-185\" src=\"http:\/\/ecerfvelee.com\/site\/wp-content\/uploads\/2018\/06\/IMG_9662-e1530571795424.jpg\" alt=\"\" width=\"1000\" height=\"1500\" srcset=\"https:\/\/ecerfvelee.com\/site\/wp-content\/uploads\/2018\/06\/IMG_9662-e1530571795424.jpg 1000w, https:\/\/ecerfvelee.com\/site\/wp-content\/uploads\/2018\/06\/IMG_9662-e1530571795424-350x525.jpg 350w\" sizes=\"auto, (max-width: 767px) 89vw, (max-width: 1000px) 54vw, (max-width: 1071px) 543px, 580px\" \/><figcaption id=\"caption-attachment-185\" class=\"wp-caption-text\">porcelaine, 45 cm<\/figcaption><\/figure>\n<figure id=\"attachment_186\" aria-describedby=\"caption-attachment-186\" style=\"width: 2592px\" class=\"wp-caption aligncenter\"><img loading=\"lazy\" decoding=\"async\" class=\"size-full wp-image-186\" src=\"http:\/\/ecerfvelee.com\/site\/wp-content\/uploads\/2018\/06\/IMG_9467-e1530219553592.jpg\" alt=\"\" width=\"2592\" height=\"3888\" srcset=\"https:\/\/ecerfvelee.com\/site\/wp-content\/uploads\/2018\/06\/IMG_9467-e1530219553592.jpg 2592w, https:\/\/ecerfvelee.com\/site\/wp-content\/uploads\/2018\/06\/IMG_9467-e1530219553592-350x525.jpg 350w, https:\/\/ecerfvelee.com\/site\/wp-content\/uploads\/2018\/06\/IMG_9467-e1530219553592-200x300.jpg 200w, https:\/\/ecerfvelee.com\/site\/wp-content\/uploads\/2018\/06\/IMG_9467-e1530219553592-768x1152.jpg 768w, https:\/\/ecerfvelee.com\/site\/wp-content\/uploads\/2018\/06\/IMG_9467-e1530219553592-683x1024.jpg 683w\" sizes=\"auto, (max-width: 767px) 89vw, (max-width: 1000px) 54vw, (max-width: 1071px) 543px, 580px\" \/><figcaption id=\"caption-attachment-186\" class=\"wp-caption-text\">porcelaine, 45 cm<\/figcaption><\/figure>\n<p><iframe loading=\"lazy\" title=\"photophore 360\" width=\"525\" height=\"295\" src=\"https:\/\/www.youtube.com\/embed\/zvkflMpYvTA?feature=oembed\" frameborder=\"0\" allow=\"accelerometer; autoplay; clipboard-write; encrypted-media; gyroscope; picture-in-picture; web-share\" referrerpolicy=\"strict-origin-when-cross-origin\" allowfullscreen><\/iframe><\/p>\n<h1><strong>Waiting for life\/Attendre la vie<\/strong><\/h1>\n<figure id=\"attachment_310\" aria-describedby=\"caption-attachment-310\" style=\"width: 525px\" class=\"wp-caption aligncenter\"><img loading=\"lazy\" decoding=\"async\" class=\"wp-image-310 size-large\" src=\"http:\/\/ecerfvelee.com\/site\/wp-content\/uploads\/2018\/07\/Mary-668x1024.jpg\" alt=\"\" width=\"525\" height=\"805\" \/><figcaption id=\"caption-attachment-310\" class=\"wp-caption-text\"><strong>Photophore biscuit\u00e9 sur lequel j&rsquo;ai dessin\u00e9 une femme enceinte et des fleurs pour une amoureuse de la nature.<\/strong><\/figcaption><\/figure>\n<figure id=\"attachment_311\" aria-describedby=\"caption-attachment-311\" style=\"width: 525px\" class=\"wp-caption aligncenter\"><img loading=\"lazy\" decoding=\"async\" class=\"wp-image-311 size-large\" src=\"http:\/\/ecerfvelee.com\/site\/wp-content\/uploads\/2018\/07\/Mary-2-668x1024.jpg\" alt=\"\" width=\"525\" height=\"805\" srcset=\"https:\/\/ecerfvelee.com\/site\/wp-content\/uploads\/2018\/07\/Mary-2-668x1024.jpg 668w, https:\/\/ecerfvelee.com\/site\/wp-content\/uploads\/2018\/07\/Mary-2-350x536.jpg 350w, https:\/\/ecerfvelee.com\/site\/wp-content\/uploads\/2018\/07\/Mary-2-196x300.jpg 196w, https:\/\/ecerfvelee.com\/site\/wp-content\/uploads\/2018\/07\/Mary-2-768x1177.jpg 768w\" sizes=\"auto, (max-width: 525px) 100vw, 525px\" \/><figcaption id=\"caption-attachment-311\" class=\"wp-caption-text\"><strong>Le photophore est achev\u00e9, d\u00e9licatesse du dessin et translucidit\u00e9 de la porcelaine. Le f\u0153tus est r\u00e9v\u00e9l\u00e9 par le jeu de lumi\u00e8re.<\/strong><\/figcaption><\/figure>\n<p><iframe loading=\"lazy\" title=\"Donner la vie, souvenir de lumi\u00e8re.\" width=\"525\" height=\"295\" src=\"https:\/\/www.youtube.com\/embed\/qakpLr6FRIM?feature=oembed\" frameborder=\"0\" allow=\"accelerometer; autoplay; clipboard-write; encrypted-media; gyroscope; picture-in-picture; web-share\" referrerpolicy=\"strict-origin-when-cross-origin\" allowfullscreen><\/iframe><\/p>\n<h1><strong>Rencontre avec le Premier ministre et avec Jamel Debbouze<\/strong><\/h1>\n<p><strong>Ayant remport\u00e9 le <a href=\"http:\/\/ecerfvelee.com\/site\/prix-de-laudace-artistique\/\">Prix de l&rsquo;Audace Artistique et Culturel<\/a>, il nous a \u00e9t\u00e9 remis \u00e0 Matignon par le Premier Ministre.<\/strong><\/p>\n<p><strong> j\u2019ai r\u00e9alis\u00e9 \u00e0 cette occasion, une c\u00e9ramique pour le Premier Ministre et pour le Pr\u00e9sident du Jury, Jamel Debbouze.<\/strong><\/p>\n<div id=\"gallery-5\" class=\"gallery galleryid-481 gallery-columns-3 gallery-size-thumbnail\">\n<figure class=\"gallery-item\">\n<div class=\"gallery-icon portrait\"><a href=\"http:\/\/ecerfvelee.com\/site\/prix-de-laudace-artistique\/img_20180629_164916\/\" data-slb-active=\"1\" data-slb-asset=\"2055900925\" data-slb-internal=\"538\" data-slb-group=\"481\"><img loading=\"lazy\" decoding=\"async\" class=\"attachment-thumbnail size-thumbnail\" src=\"http:\/\/ecerfvelee.com\/site\/wp-content\/uploads\/2018\/07\/IMG_20180629_164916-150x150.jpg\" sizes=\"auto, 100vw\" srcset=\"http:\/\/ecerfvelee.com\/site\/wp-content\/uploads\/2018\/07\/IMG_20180629_164916-150x150.jpg 150w, http:\/\/ecerfvelee.com\/site\/wp-content\/uploads\/2018\/07\/IMG_20180629_164916-100x100.jpg 100w\" alt=\"\" width=\"150\" height=\"150\" \/><\/a><\/div>\n<\/figure>\n<figure class=\"gallery-item\">\n<div class=\"gallery-icon portrait\"><a href=\"http:\/\/ecerfvelee.com\/site\/projects\/img_7209\/\" data-slb-active=\"1\" data-slb-asset=\"706707951\" data-slb-internal=\"441\" data-slb-group=\"481\"><img loading=\"lazy\" decoding=\"async\" class=\"attachment-thumbnail size-thumbnail\" src=\"http:\/\/ecerfvelee.com\/site\/wp-content\/uploads\/2018\/07\/IMG_7209-e1531814309621-150x150.jpg\" sizes=\"auto, 100vw\" srcset=\"http:\/\/ecerfvelee.com\/site\/wp-content\/uploads\/2018\/07\/IMG_7209-e1531814309621-150x150.jpg 150w, http:\/\/ecerfvelee.com\/site\/wp-content\/uploads\/2018\/07\/IMG_7209-e1531814309621-100x100.jpg 100w\" alt=\"\" width=\"150\" height=\"150\" \/><\/a><\/div>\n<\/figure>\n<\/div>\n<p><strong>Pour Jamel Debbouze, il s\u2019agit d\u2019un photophore en porcelaine reprenant l\u2019image de son spectacle \u00ab\u00a0Maintenant ou Jamel\u00a0\u00bb.<\/strong><\/p>\n<p><img loading=\"lazy\" decoding=\"async\" class=\"wp-image-846 size-large aligncenter\" src=\"http:\/\/ecerfvelee.com\/site\/wp-content\/uploads\/2018\/10\/jamel-porcelaine-603x1024.jpg\" alt=\"\" width=\"525\" height=\"892\" srcset=\"https:\/\/ecerfvelee.com\/site\/wp-content\/uploads\/2018\/10\/jamel-porcelaine-603x1024.jpg 603w, https:\/\/ecerfvelee.com\/site\/wp-content\/uploads\/2018\/10\/jamel-porcelaine-350x595.jpg 350w, https:\/\/ecerfvelee.com\/site\/wp-content\/uploads\/2018\/10\/jamel-porcelaine-177x300.jpg 177w, https:\/\/ecerfvelee.com\/site\/wp-content\/uploads\/2018\/10\/jamel-porcelaine-768x1305.jpg 768w, https:\/\/ecerfvelee.com\/site\/wp-content\/uploads\/2018\/10\/jamel-porcelaine.jpg 834w\" sizes=\"auto, (max-width: 525px) 100vw, 525px\" \/><\/p>\n<p><strong>\u00a0<a href=\"https:\/\/www.jameldebbouze.fr\/\">https:\/\/www.jameldebbouze.fr\/<\/a><\/strong><\/p>\n<p><img loading=\"lazy\" decoding=\"async\" class=\"alignnone wp-image-440 size-large\" src=\"http:\/\/ecerfvelee.com\/site\/wp-content\/uploads\/2018\/07\/jamel-debbouze-679x1024.jpg\" sizes=\"auto, (max-width: 525px) 100vw, 525px\" srcset=\"http:\/\/ecerfvelee.com\/site\/wp-content\/uploads\/2018\/07\/jamel-debbouze-679x1024.jpg 679w, http:\/\/ecerfvelee.com\/site\/wp-content\/uploads\/2018\/07\/jamel-debbouze-199x300.jpg 199w, http:\/\/ecerfvelee.com\/site\/wp-content\/uploads\/2018\/07\/jamel-debbouze-768x1158.jpg 768w\" alt=\"\" width=\"525\" height=\"792\" \/><strong>Il y a trois \u00e9toiles avec une lettre au centre de chaque \u00e9toile : M comme la premi\u00e8re lettre du pr\u00e9nom de sa femme et L comme la premi\u00e8re lettre des pr\u00e9noms de ses enfants.<\/strong><\/p>\n<p><strong>Jamel Debbouze a \u00e9t\u00e9 tr\u00e8s touch\u00e9 en le recevant et m\u2019a remerci\u00e9.<\/strong><\/p>\n<p><img loading=\"lazy\" decoding=\"async\" class=\"wp-image-442 size-medium aligncenter\" src=\"http:\/\/ecerfvelee.com\/site\/wp-content\/uploads\/2018\/07\/IMG-20180630-WA0079-300x225.jpg\" alt=\"\" width=\"300\" height=\"225\" \/><\/p>\n","protected":false},"excerpt":{"rendered":"<p>Illuminate the most important moments of your life. Thanks to photography, I capture your unique moments and I materialize this image on a noble and translucent support: porcelain. A photophore to illuminate the magic of life. Illuminer les moments les plus importants de votre existence. Gr\u00e2ce \u00e0 la photographie, je capture vos moments uniques et &hellip; <\/p>\n<p class=\"link-more\"><a href=\"https:\/\/ecerfvelee.com\/site\/des-rencontres-qui-changent-une-vie\/\" class=\"more-link\">Continuer la lecture<span class=\"screen-reader-text\"> de &laquo;&nbsp;Illuminer une \u00e9tape importante de votre vie.&nbsp;&raquo;<\/span><\/a><\/p>\n","protected":false},"author":1,"featured_media":0,"parent":0,"menu_order":0,"comment_status":"closed","ping_status":"closed","template":"","meta":{"footnotes":""},"class_list":["post-91","page","type-page","status-publish","hentry"],"aioseo_notices":[],"_links":{"self":[{"href":"https:\/\/ecerfvelee.com\/site\/wp-json\/wp\/v2\/pages\/91","targetHints":{"allow":["GET"]}}],"collection":[{"href":"https:\/\/ecerfvelee.com\/site\/wp-json\/wp\/v2\/pages"}],"about":[{"href":"https:\/\/ecerfvelee.com\/site\/wp-json\/wp\/v2\/types\/page"}],"author":[{"embeddable":true,"href":"https:\/\/ecerfvelee.com\/site\/wp-json\/wp\/v2\/users\/1"}],"replies":[{"embeddable":true,"href":"https:\/\/ecerfvelee.com\/site\/wp-json\/wp\/v2\/comments?post=91"}],"version-history":[{"count":30,"href":"https:\/\/ecerfvelee.com\/site\/wp-json\/wp\/v2\/pages\/91\/revisions"}],"predecessor-version":[{"id":2409,"href":"https:\/\/ecerfvelee.com\/site\/wp-json\/wp\/v2\/pages\/91\/revisions\/2409"}],"wp:attachment":[{"href":"https:\/\/ecerfvelee.com\/site\/wp-json\/wp\/v2\/media?parent=91"}],"curies":[{"name":"wp","href":"https:\/\/api.w.org\/{rel}","templated":true}]}}